{"id":441,"date":"2024-09-09T19:24:53","date_gmt":"2024-09-09T18:24:53","guid":{"rendered":"https:\/\/megalottoonline.com\/ev\/"},"modified":"2024-09-09T19:24:53","modified_gmt":"2024-09-09T18:24:53","slug":"ev","status":"publish","type":"page","link":"https:\/\/megalottoonline.com\/tr\/","title":{"rendered":"Ev"},"content":{"rendered":"<h2>D\u00fcnya \u00e7ap\u0131nda piyangolar\u0131 \u00e7evrimi\u00e7i nas\u0131l oynars\u0131n\u0131z?<\/h2>\n<p>Hi\u00e7 piyangoyu tamamen \u00e7evrimi\u00e7i oynad\u0131n\u0131z m\u0131? Oynamad\u0131ysan\u0131z, yaln\u0131z de\u011filsiniz. \u00c7ok fazla insan \u00e7evrimi\u00e7i piyango oynamay\u0131 hi\u00e7 d\u00fc\u015f\u00fcnmedi ve bu kesinlikle \u00fcz\u00fcc\u00fc \u00e7\u00fcnk\u00fc bu \u015fekilde yakalayabilece\u011finiz bir\u00e7ok harika f\u0131rsat var. Sonu\u00e7ta, \u00e7evrimi\u00e7i oldu\u011funuzda daha fazla oyun oynayabilir, yeni \u015feyler deneyebilir ve \u00e7ok daha fazlas\u0131n\u0131 yapabilirsiniz.<\/p>\n<h2>Neden d\u00fcnya \u00e7ap\u0131nda piyangolar oynamal\u0131s\u0131n\u0131z?<\/h2>\n<p>D\u00fcnyan\u0131n farkl\u0131 yerlerinden piyango oyunlar\u0131 oynamak size daha fazla f\u0131rsat sunar. Ba\u015fka \u00fclkelerdeki insanlar\u0131n oynad\u0131\u011f\u0131 farkl\u0131 oyunlara g\u00f6z atabilir ve bu size b\u00fcy\u00fck \u00f6d\u00fcller kazanma \u015fans\u0131 verir. Neden bir \u015fans verip ba\u015fka bir oyunda ne kadar kazanabilece\u011finizi g\u00f6rmek istemezsiniz?<\/p>\n<p>\u00c7evrimi\u00e7i oldu\u011funuzda, yaln\u0131zca bulundu\u011funuz b\u00f6lgede bulunan birka\u00e7 oyunla s\u0131n\u0131rl\u0131 kalman\u0131za gerek yok. Bunun yerine, sadece e\u011flenmek i\u00e7in bile birka\u00e7 farkl\u0131 se\u00e7ene\u011fe g\u00f6z atabilirsiniz. Bunu yapt\u0131\u011f\u0131n\u0131zda, d\u00fcnyan\u0131n farkl\u0131 yerlerinde daha \u00f6nce hi\u00e7 duymad\u0131\u011f\u0131n\u0131z piyango oyunlar\u0131 oldu\u011funu g\u00f6receksiniz. Bu, ayn\u0131 oyunlar\u0131 tekrar tekrar oynamaktan daha benzersiz ve daha keyifli bir deneyim olacak, \u00f6yle de\u011fil mi?<\/p>\n<h2>Nas\u0131l Ba\u015flan\u0131r<\/h2>\n<p>\u00c7evrimi\u00e7i piyango oyunlar\u0131na ba\u015flamak istiyorsan\u0131z, \u00f6ncelikle bunlar\u0131 sunan bir web sitesi bulmal\u0131s\u0131n\u0131z. D\u00fcnyan\u0131n d\u00f6rt bir yan\u0131ndan \u00e7e\u015fitli piyango oyunlar\u0131n\u0131 g\u00f6rmek ve oynamak istediklerinizi se\u00e7mek i\u00e7in hemen buradan ba\u015flayabilirsiniz \u00e7\u00fcnk\u00fc asl\u0131nda ba\u015flamak ve bu piyango oyunlar\u0131n\u0131 edinmek d\u00fc\u015f\u00fcnd\u00fc\u011f\u00fcn\u00fczden \u00e7ok daha kolay.<\/p>\n<p><a href=\"https:\/\/RedFoxLotto.com\">RedFoxLotto.com<\/a> ile tek yapman\u0131z gereken bir hesap olu\u015fturmak ve ard\u0131ndan \u00f6nce hangi oyunu oynamak istedi\u011finize karar vermek. D\u00fcnyan\u0131n d\u00f6rt bir yan\u0131nda oynanan \u00e7e\u015fitli oyunlardan birini se\u00e7ebilir ve ard\u0131ndan istedi\u011finiz say\u0131lar\u0131 se\u00e7ebilirsiniz. Hatta, say\u0131lar, \u00e7ekili\u015f say\u0131s\u0131, istedi\u011finiz bilet say\u0131s\u0131 ve daha fazlas\u0131 dahil olmak \u00fczere biletinizle ilgili her \u015feyi se\u00e7ebilirsiniz.<\/p>\n<p>Her \u015feyi se\u00e7tikten sonra sipari\u015finizi vermeniz yeterli ve bilet sizin i\u00e7in sat\u0131n al\u0131nm\u0131\u015f olur. Ard\u0131ndan \u00e7ekili\u015fe kadar bekler ve ne kazand\u0131\u011f\u0131n\u0131z\u0131 g\u00f6r\u00fcrs\u00fcn\u00fcz. Bu k\u0131s\u0131m bile kolayd\u0131r \u00e7\u00fcnk\u00fc tek yapman\u0131z gereken hesab\u0131n\u0131z\u0131 kontrol ederek kazanan say\u0131lar\u0131, e\u015fle\u015fen say\u0131lar\u0131n\u0131z\u0131 ve ne kadar kazand\u0131\u011f\u0131n\u0131z\u0131 g\u00f6rmektir.<\/p>\n<h2>Yeni bir \u015feyin tad\u0131n\u0131 \u00e7\u0131kar\u0131n<\/h2>\n<p>Tekrar tekrar ayn\u0131 oyunlar\u0131 oynayarak bir rutine saplanmay\u0131n. Bunun yerine, yeni bir \u015fey denedi\u011finizden ve daha \u00f6nce hi\u00e7 g\u00f6rmedi\u011finiz veya duymad\u0131\u011f\u0131n\u0131z oyunlar\u0131n keyfini \u00e7\u0131kard\u0131\u011f\u0131n\u0131zdan emin olun. T\u00fcm se\u00e7enekler sizi \u015fa\u015f\u0131rtabilir.<\/p>\n","protected":false},"excerpt":{"rendered":"<p>D\u00fcnya \u00e7ap\u0131nda piyangolar\u0131 \u00e7evrimi\u00e7i nas\u0131l oynars\u0131n\u0131z? Hi\u00e7 piyangoyu tamamen \u00e7evrimi\u00e7i oynad\u0131n\u0131z m\u0131? Oynamad\u0131ysan\u0131z, yaln\u0131z de\u011filsiniz. \u00c7ok fazla insan \u00e7evrimi\u00e7i piyango oynamay\u0131 hi\u00e7 d\u00fc\u015f\u00fcnmedi ve bu kesinlikle \u00fcz\u00fcc\u00fc \u00e7\u00fcnk\u00fc bu \u015fekilde yakalayabilece\u011finiz bir\u00e7ok harika f\u0131rsat var. Sonu\u00e7ta, \u00e7evrimi\u00e7i oldu\u011funuzda daha fazla oyun oynayabilir, yeni \u015feyler deneyebilir&hellip;<\/p>\n","protected":false},"author":1,"featured_media":0,"parent":0,"menu_order":0,"comment_status":"closed","ping_status":"closed","template":"","meta":{"footnotes":""},"class_list":["post-441","page","type-page","status-publish","hentry"],"yoast_head":"<!-- This site is optimized with the Yoast SEO plugin v25.9 - https:\/\/yoast.com\/wordpress\/plugins\/seo\/ -->\n<title>D\u00fcnya \u00e7ap\u0131ndaki piyangolar \u00e7evrimi\u00e7i olarak nas\u0131l oynan\u0131r?<\/title>\n<meta name=\"robots\" content=\"index, follow, max-snippet:-1, max-image-preview:large, max-video-preview:-1\" \/>\n<link rel=\"canonical\" href=\"https:\/\/megalottoonline.com\/tr\/\" \/>\n<meta property=\"og:locale\" content=\"tr_TR\" \/>\n<meta property=\"og:type\" content=\"article\" \/>\n<meta property=\"og:title\" content=\"D\u00fcnya \u00e7ap\u0131ndaki piyangolar \u00e7evrimi\u00e7i olarak nas\u0131l oynan\u0131r?\" \/>\n<meta property=\"og:description\" content=\"D\u00fcnya \u00e7ap\u0131nda piyangolar\u0131 \u00e7evrimi\u00e7i nas\u0131l oynars\u0131n\u0131z? Hi\u00e7 piyangoyu tamamen \u00e7evrimi\u00e7i oynad\u0131n\u0131z m\u0131? Oynamad\u0131ysan\u0131z, yaln\u0131z de\u011filsiniz. \u00c7ok fazla insan \u00e7evrimi\u00e7i piyango oynamay\u0131 hi\u00e7 d\u00fc\u015f\u00fcnmedi ve bu kesinlikle \u00fcz\u00fcc\u00fc \u00e7\u00fcnk\u00fc bu \u015fekilde yakalayabilece\u011finiz bir\u00e7ok harika f\u0131rsat var. Sonu\u00e7ta, \u00e7evrimi\u00e7i oldu\u011funuzda daha fazla oyun oynayabilir, yeni \u015feyler deneyebilir&hellip;\" \/>\n<meta property=\"og:url\" content=\"https:\/\/megalottoonline.com\/tr\/\" \/>\n<meta name=\"twitter:card\" content=\"summary_large_image\" \/>\n<meta name=\"twitter:label1\" content=\"Tahmini okuma s\u00fcresi\" \/>\n\t<meta name=\"twitter:data1\" content=\"2 dakika\" \/>\n<script type=\"application\/ld+json\" class=\"yoast-schema-graph\">{\"@context\":\"https:\/\/schema.org\",\"@graph\":[{\"@type\":\"WebPage\",\"@id\":\"https:\/\/megalottoonline.com\/tr\/\",\"url\":\"https:\/\/megalottoonline.com\/tr\/\",\"name\":\"D\u00fcnya \u00e7ap\u0131ndaki piyangolar \u00e7evrimi\u00e7i olarak nas\u0131l oynan\u0131r?\",\"isPartOf\":{\"@id\":\"https:\/\/megalottoonline.com\/tr\/#website\"},\"datePublished\":\"2024-09-09T18:24:53+00:00\",\"breadcrumb\":{\"@id\":\"https:\/\/megalottoonline.com\/tr\/#breadcrumb\"},\"inLanguage\":\"tr\",\"potentialAction\":[{\"@type\":\"ReadAction\",\"target\":[\"https:\/\/megalottoonline.com\/tr\/\"]}]},{\"@type\":\"BreadcrumbList\",\"@id\":\"https:\/\/megalottoonline.com\/tr\/#breadcrumb\",\"itemListElement\":[{\"@type\":\"ListItem\",\"position\":1,\"name\":\"Home\",\"item\":\"https:\/\/megalottoonline.com\/tr\/\"},{\"@type\":\"ListItem\",\"position\":2,\"name\":\"Ev\"}]},{\"@type\":\"WebSite\",\"@id\":\"https:\/\/megalottoonline.com\/tr\/#website\",\"url\":\"https:\/\/megalottoonline.com\/tr\/\",\"name\":\"\",\"description\":\"\",\"potentialAction\":[{\"@type\":\"SearchAction\",\"target\":{\"@type\":\"EntryPoint\",\"urlTemplate\":\"https:\/\/megalottoonline.com\/tr\/?s={search_term_string}\"},\"query-input\":{\"@type\":\"PropertyValueSpecification\",\"valueRequired\":true,\"valueName\":\"search_term_string\"}}],\"inLanguage\":\"tr\"}]}<\/script>\n<!-- \/ Yoast SEO plugin. -->","yoast_head_json":{"title":"D\u00fcnya \u00e7ap\u0131ndaki piyangolar \u00e7evrimi\u00e7i olarak nas\u0131l oynan\u0131r?","robots":{"index":"index","follow":"follow","max-snippet":"max-snippet:-1","max-image-preview":"max-image-preview:large","max-video-preview":"max-video-preview:-1"},"canonical":"https:\/\/megalottoonline.com\/tr\/","og_locale":"tr_TR","og_type":"article","og_title":"D\u00fcnya \u00e7ap\u0131ndaki piyangolar \u00e7evrimi\u00e7i olarak nas\u0131l oynan\u0131r?","og_description":"D\u00fcnya \u00e7ap\u0131nda piyangolar\u0131 \u00e7evrimi\u00e7i nas\u0131l oynars\u0131n\u0131z? Hi\u00e7 piyangoyu tamamen \u00e7evrimi\u00e7i oynad\u0131n\u0131z m\u0131? Oynamad\u0131ysan\u0131z, yaln\u0131z de\u011filsiniz. \u00c7ok fazla insan \u00e7evrimi\u00e7i piyango oynamay\u0131 hi\u00e7 d\u00fc\u015f\u00fcnmedi ve bu kesinlikle \u00fcz\u00fcc\u00fc \u00e7\u00fcnk\u00fc bu \u015fekilde yakalayabilece\u011finiz bir\u00e7ok harika f\u0131rsat var. Sonu\u00e7ta, \u00e7evrimi\u00e7i oldu\u011funuzda daha fazla oyun oynayabilir, yeni \u015feyler deneyebilir&hellip;","og_url":"https:\/\/megalottoonline.com\/tr\/","twitter_card":"summary_large_image","twitter_misc":{"Tahmini okuma s\u00fcresi":"2 dakika"},"schema":{"@context":"https:\/\/schema.org","@graph":[{"@type":"WebPage","@id":"https:\/\/megalottoonline.com\/tr\/","url":"https:\/\/megalottoonline.com\/tr\/","name":"D\u00fcnya \u00e7ap\u0131ndaki piyangolar \u00e7evrimi\u00e7i olarak nas\u0131l oynan\u0131r?","isPartOf":{"@id":"https:\/\/megalottoonline.com\/tr\/#website"},"datePublished":"2024-09-09T18:24:53+00:00","breadcrumb":{"@id":"https:\/\/megalottoonline.com\/tr\/#breadcrumb"},"inLanguage":"tr","potentialAction":[{"@type":"ReadAction","target":["https:\/\/megalottoonline.com\/tr\/"]}]},{"@type":"BreadcrumbList","@id":"https:\/\/megalottoonline.com\/tr\/#breadcrumb","itemListElement":[{"@type":"ListItem","position":1,"name":"Home","item":"https:\/\/megalottoonline.com\/tr\/"},{"@type":"ListItem","position":2,"name":"Ev"}]},{"@type":"WebSite","@id":"https:\/\/megalottoonline.com\/tr\/#website","url":"https:\/\/megalottoonline.com\/tr\/","name":"","description":"","potentialAction":[{"@type":"SearchAction","target":{"@type":"EntryPoint","urlTemplate":"https:\/\/megalottoonline.com\/tr\/?s={search_term_string}"},"query-input":{"@type":"PropertyValueSpecification","valueRequired":true,"valueName":"search_term_string"}}],"inLanguage":"tr"}]}},"_links":{"self":[{"href":"https:\/\/megalottoonline.com\/tr\/wp-json\/wp\/v2\/pages\/441","targetHints":{"allow":["GET"]}}],"collection":[{"href":"https:\/\/megalottoonline.com\/tr\/wp-json\/wp\/v2\/pages"}],"about":[{"href":"https:\/\/megalottoonline.com\/tr\/wp-json\/wp\/v2\/types\/page"}],"author":[{"embeddable":true,"href":"https:\/\/megalottoonline.com\/tr\/wp-json\/wp\/v2\/users\/1"}],"replies":[{"embeddable":true,"href":"https:\/\/megalottoonline.com\/tr\/wp-json\/wp\/v2\/comments?post=441"}],"version-history":[{"count":0,"href":"https:\/\/megalottoonline.com\/tr\/wp-json\/wp\/v2\/pages\/441\/revisions"}],"wp:attachment":[{"href":"https:\/\/megalottoonline.com\/tr\/wp-json\/wp\/v2\/media?parent=441"}],"curies":[{"name":"wp","href":"https:\/\/api.w.org\/{rel}","templated":true}]}}