{"id":118,"date":"2024-09-09T19:24:53","date_gmt":"2024-09-09T18:24:53","guid":{"rendered":"https:\/\/megalottoonline.com\/hem\/"},"modified":"2024-09-09T19:24:53","modified_gmt":"2024-09-09T18:24:53","slug":"hem","status":"publish","type":"page","link":"https:\/\/megalottoonline.com\/sv\/","title":{"rendered":"Hem"},"content":{"rendered":"<h2>Hur man spelar lotterier \u00f6ver hela v\u00e4rlden online<\/h2>\n<p>Har du n\u00e5gonsin spelat lotteri helt online? Om inte, s\u00e5 \u00e4r du inte ensam. Alldeles f\u00f6r m\u00e5nga har aldrig funderat p\u00e5 att spela lotteri online, och det \u00e4r definitivt olyckligt eftersom det finns m\u00e5nga fantastiska m\u00f6jligheter att spela p\u00e5 det s\u00e4ttet. N\u00e4r allt kommer omkring kommer du att kunna spela \u00e4nnu fler spel, prova nya saker och mycket mer n\u00e4r du g\u00e5r online.<\/p>\n<h2>Varf\u00f6r spela lotterier \u00f6ver hela v\u00e4rlden?<\/h2>\n<p>Att spela lotterispel fr\u00e5n olika delar av v\u00e4rlden \u00f6ppnar upp \u00e4nnu fler m\u00f6jligheter f\u00f6r dig. Du kommer att kunna titta p\u00e5 de olika spelen som m\u00e4nniskor i andra l\u00e4nder spelar, och det kommer att ge dig ytterligare en chans till stora priser. Varf\u00f6r skulle du inte vilja prova och se hur mycket du kan vinna p\u00e5 ytterligare ett spel?<\/p>\n<p>Du beh\u00f6ver inte begr\u00e4nsas till bara n\u00e5gra f\u00e5 spel som finns tillg\u00e4ngliga i ditt lokala omr\u00e5de n\u00e4r du g\u00e5r online. Ist\u00e4llet kan du titta p\u00e5 flera olika alternativ bara f\u00f6r att ha kul ocks\u00e5. N\u00e4r du g\u00f6r det kommer du att uppt\u00e4cka att det finns lotterispel i olika delar av v\u00e4rlden som du kanske aldrig ens har h\u00f6rt talas om. Det kommer att vara n\u00e5got unikt och roligare \u00e4n att spela samma spel om och om igen, eller hur?<\/p>\n<h2>Hur man kommer ig\u00e5ng<\/h2>\n<p>Om du \u00e4r intresserad av att komma ig\u00e5ng med lotterispel online m\u00e5ste du b\u00f6rja med att hitta en webbplats som erbjuder dem. Du kan b\u00f6rja h\u00e4r f\u00f6r att se en rad olika lotterispel fr\u00e5n hela v\u00e4rlden och v\u00e4lja ut de du vill spela eftersom det faktiskt \u00e4r mycket l\u00e4ttare att komma ig\u00e5ng och f\u00e5 tag p\u00e5 de d\u00e4r lotterispelen \u00e4n du kanske tror.<\/p>\n<p>Med\u00a0<a href=\"https:\/\/RedFoxLotto.com\">RedFoxLotto.com<\/a> beh\u00f6ver du bara skapa ett konto och sedan best\u00e4mma vilket spel du vill spela f\u00f6rst. Du kan v\u00e4lja mellan en rad olika spel som spelas \u00f6ver hela v\u00e4rlden, och sedan f\u00e5r du v\u00e4lja ut de nummer du vill ha. Faktum \u00e4r att du f\u00e5r v\u00e4lja allt om din lott, inklusive nummer, antal dragningar, hur m\u00e5nga lotter du vill ha och mer.<\/p>\n<p>N\u00e4r du har valt ut allt l\u00e4gger du bara din best\u00e4llning och lotten \u00e4r k\u00f6pt \u00e5t dig. Sedan v\u00e4ntar du till dragningen och ser vad du har vunnit. \u00c4ven den delen \u00e4r enkel eftersom allt du beh\u00f6ver g\u00f6ra \u00e4r att kontrollera ditt konto f\u00f6r att se vilka vinnande nummer var, vilka dina matchande nummer var och hur mycket du har vunnit.<\/p>\n<h2>Njut av n\u00e5got nytt<\/h2>\n<p>Fastna inte i en rutin d\u00e4r du bara spelar samma spel om och om igen. Se ist\u00e4llet till att du provar n\u00e5got nytt och njuter av spel som du kanske aldrig har sett eller h\u00f6rt talas om f\u00f6rut. Du kan bli f\u00f6rv\u00e5nad \u00f6ver alla alternativ.<\/p>\n","protected":false},"excerpt":{"rendered":"<p>Hur man spelar lotterier \u00f6ver hela v\u00e4rlden online Har du n\u00e5gonsin spelat lotteri helt online? Om inte, s\u00e5 \u00e4r du inte ensam. Alldeles f\u00f6r m\u00e5nga har aldrig funderat p\u00e5 att spela lotteri online, och det \u00e4r definitivt olyckligt eftersom det finns m\u00e5nga fantastiska m\u00f6jligheter att&hellip;<\/p>\n","protected":false},"author":1,"featured_media":0,"parent":0,"menu_order":0,"comment_status":"closed","ping_status":"closed","template":"","meta":{"footnotes":""},"class_list":["post-118","page","type-page","status-publish","hentry"],"yoast_head":"<!-- This site is optimized with the Yoast SEO plugin v25.9 - https:\/\/yoast.com\/wordpress\/plugins\/seo\/ -->\n<title>Hur man spelar lotterier \u00f6ver hela v\u00e4rlden online<\/title>\n<meta name=\"robots\" content=\"index, follow, max-snippet:-1, max-image-preview:large, max-video-preview:-1\" \/>\n<link rel=\"canonical\" href=\"https:\/\/megalottoonline.com\/sv\/\" \/>\n<meta property=\"og:locale\" content=\"sv_SE\" \/>\n<meta property=\"og:type\" content=\"article\" \/>\n<meta property=\"og:title\" content=\"Hur man spelar lotterier \u00f6ver hela v\u00e4rlden online\" \/>\n<meta property=\"og:description\" content=\"Hur man spelar lotterier \u00f6ver hela v\u00e4rlden online Har du n\u00e5gonsin spelat lotteri helt online? Om inte, s\u00e5 \u00e4r du inte ensam. Alldeles f\u00f6r m\u00e5nga har aldrig funderat p\u00e5 att spela lotteri online, och det \u00e4r definitivt olyckligt eftersom det finns m\u00e5nga fantastiska m\u00f6jligheter att&hellip;\" \/>\n<meta property=\"og:url\" content=\"https:\/\/megalottoonline.com\/sv\/\" \/>\n<meta name=\"twitter:card\" content=\"summary_large_image\" \/>\n<meta name=\"twitter:label1\" content=\"Ber\u00e4knad l\u00e4stid\" \/>\n\t<meta name=\"twitter:data1\" content=\"3 minuter\" \/>\n<script type=\"application\/ld+json\" class=\"yoast-schema-graph\">{\"@context\":\"https:\/\/schema.org\",\"@graph\":[{\"@type\":\"WebPage\",\"@id\":\"https:\/\/megalottoonline.com\/sv\/\",\"url\":\"https:\/\/megalottoonline.com\/sv\/\",\"name\":\"Hur man spelar lotterier \u00f6ver hela v\u00e4rlden online\",\"isPartOf\":{\"@id\":\"https:\/\/megalottoonline.com\/sv\/#website\"},\"datePublished\":\"2024-09-09T18:24:53+00:00\",\"breadcrumb\":{\"@id\":\"https:\/\/megalottoonline.com\/sv\/#breadcrumb\"},\"inLanguage\":\"sv-SE\",\"potentialAction\":[{\"@type\":\"ReadAction\",\"target\":[\"https:\/\/megalottoonline.com\/sv\/\"]}]},{\"@type\":\"BreadcrumbList\",\"@id\":\"https:\/\/megalottoonline.com\/sv\/#breadcrumb\",\"itemListElement\":[{\"@type\":\"ListItem\",\"position\":1,\"name\":\"Home\",\"item\":\"https:\/\/megalottoonline.com\/sv\/\"},{\"@type\":\"ListItem\",\"position\":2,\"name\":\"Hem\"}]},{\"@type\":\"WebSite\",\"@id\":\"https:\/\/megalottoonline.com\/sv\/#website\",\"url\":\"https:\/\/megalottoonline.com\/sv\/\",\"name\":\"\",\"description\":\"\",\"potentialAction\":[{\"@type\":\"SearchAction\",\"target\":{\"@type\":\"EntryPoint\",\"urlTemplate\":\"https:\/\/megalottoonline.com\/sv\/?s={search_term_string}\"},\"query-input\":{\"@type\":\"PropertyValueSpecification\",\"valueRequired\":true,\"valueName\":\"search_term_string\"}}],\"inLanguage\":\"sv-SE\"}]}<\/script>\n<!-- \/ Yoast SEO plugin. -->","yoast_head_json":{"title":"Hur man spelar lotterier \u00f6ver hela v\u00e4rlden online","robots":{"index":"index","follow":"follow","max-snippet":"max-snippet:-1","max-image-preview":"max-image-preview:large","max-video-preview":"max-video-preview:-1"},"canonical":"https:\/\/megalottoonline.com\/sv\/","og_locale":"sv_SE","og_type":"article","og_title":"Hur man spelar lotterier \u00f6ver hela v\u00e4rlden online","og_description":"Hur man spelar lotterier \u00f6ver hela v\u00e4rlden online Har du n\u00e5gonsin spelat lotteri helt online? Om inte, s\u00e5 \u00e4r du inte ensam. Alldeles f\u00f6r m\u00e5nga har aldrig funderat p\u00e5 att spela lotteri online, och det \u00e4r definitivt olyckligt eftersom det finns m\u00e5nga fantastiska m\u00f6jligheter att&hellip;","og_url":"https:\/\/megalottoonline.com\/sv\/","twitter_card":"summary_large_image","twitter_misc":{"Ber\u00e4knad l\u00e4stid":"3 minuter"},"schema":{"@context":"https:\/\/schema.org","@graph":[{"@type":"WebPage","@id":"https:\/\/megalottoonline.com\/sv\/","url":"https:\/\/megalottoonline.com\/sv\/","name":"Hur man spelar lotterier \u00f6ver hela v\u00e4rlden online","isPartOf":{"@id":"https:\/\/megalottoonline.com\/sv\/#website"},"datePublished":"2024-09-09T18:24:53+00:00","breadcrumb":{"@id":"https:\/\/megalottoonline.com\/sv\/#breadcrumb"},"inLanguage":"sv-SE","potentialAction":[{"@type":"ReadAction","target":["https:\/\/megalottoonline.com\/sv\/"]}]},{"@type":"BreadcrumbList","@id":"https:\/\/megalottoonline.com\/sv\/#breadcrumb","itemListElement":[{"@type":"ListItem","position":1,"name":"Home","item":"https:\/\/megalottoonline.com\/sv\/"},{"@type":"ListItem","position":2,"name":"Hem"}]},{"@type":"WebSite","@id":"https:\/\/megalottoonline.com\/sv\/#website","url":"https:\/\/megalottoonline.com\/sv\/","name":"","description":"","potentialAction":[{"@type":"SearchAction","target":{"@type":"EntryPoint","urlTemplate":"https:\/\/megalottoonline.com\/sv\/?s={search_term_string}"},"query-input":{"@type":"PropertyValueSpecification","valueRequired":true,"valueName":"search_term_string"}}],"inLanguage":"sv-SE"}]}},"_links":{"self":[{"href":"https:\/\/megalottoonline.com\/sv\/wp-json\/wp\/v2\/pages\/118","targetHints":{"allow":["GET"]}}],"collection":[{"href":"https:\/\/megalottoonline.com\/sv\/wp-json\/wp\/v2\/pages"}],"about":[{"href":"https:\/\/megalottoonline.com\/sv\/wp-json\/wp\/v2\/types\/page"}],"author":[{"embeddable":true,"href":"https:\/\/megalottoonline.com\/sv\/wp-json\/wp\/v2\/users\/1"}],"replies":[{"embeddable":true,"href":"https:\/\/megalottoonline.com\/sv\/wp-json\/wp\/v2\/comments?post=118"}],"version-history":[{"count":0,"href":"https:\/\/megalottoonline.com\/sv\/wp-json\/wp\/v2\/pages\/118\/revisions"}],"wp:attachment":[{"href":"https:\/\/megalottoonline.com\/sv\/wp-json\/wp\/v2\/media?parent=118"}],"curies":[{"name":"wp","href":"https:\/\/api.w.org\/{rel}","templated":true}]}}