{"id":440,"date":"2024-09-09T19:24:53","date_gmt":"2024-09-09T18:24:53","guid":{"rendered":"https:\/\/megalottoonline.com\/domov\/"},"modified":"2024-09-09T19:24:53","modified_gmt":"2024-09-09T18:24:53","slug":"domov","status":"publish","type":"page","link":"https:\/\/megalottoonline.com\/sl\/","title":{"rendered":"Domov"},"content":{"rendered":"<h2>Kako igrati svetovne loterije na spletu<\/h2>\n<p>Ste \u017ee kdaj igrali loterijo v celoti na spletu? \u010ce niste, potem niste sami. Preve\u010d ljudi \u0161e ni razmi\u0161ljalo o igranju loterije na spletu in to je vsekakor nesre\u010dno, saj obstaja veliko odli\u010dnih prilo\u017enosti, ki jih lahko imate na ta na\u010din. Navsezadnje boste lahko igrali \u0161e ve\u010d iger, preizkusili nove stvari in \u0161e veliko ve\u010d, ko boste povezani na splet.<\/p>\n<h2>Zakaj igrati svetovne loterije?<\/h2>\n<p>Igranje loterijskih iger iz razli\u010dnih delov sveta vam odpira \u0161e ve\u010d prilo\u017enosti. Ogledali si boste lahko razli\u010dne igre, ki jih igrajo ljudje v drugih dr\u017eavah, in to vam bo dalo \u0161e eno prilo\u017enost za velike nagrade. Zakaj ne bi poskusili in videli, koliko lahko osvojite v \u0161e eni igri?<\/p>\n<p>Ko ste povezani na splet, vam ni treba biti omejeni le na nekaj iger, ki so na voljo v va\u0161em lokalnem obmo\u010dju. Namesto tega si lahko ogledate ve\u010d razli\u010dnih mo\u017enosti, samo da se zabavate. Ko boste to storili, boste ugotovili, da obstajajo loterijske igre v razli\u010dnih delih sveta, za katere morda sploh \u0161e niste sli\u0161ali. To bo nekaj edinstvenega in bolj prijetnega kot igranje istih iger znova in znova, kajne?<\/p>\n<h2>Kako za\u010deti<\/h2>\n<p>\u010ce vas zanimajo spletne loterijske igre, morate za\u010deti tako, da poi\u0161\u010dete spletno mesto, ki jih ponuja. Za\u010dnete lahko kar tukaj in si ogledate vrsto razli\u010dnih loteri\u010dnih iger z vsega sveta ter izberete tiste, ki jih \u017eelite igrati, saj je pravzaprav veliko la\u017eje za\u010deti in dobiti te loterijske igre, kot si morda mislite.<\/p>\n<p>Na <a href=\"https:\/\/RedFoxLotto.com\">RedFoxLotto.com<\/a> morate le ustvariti ra\u010dun in se nato odlo\u010diti, katero igro \u017eelite najprej igrati. Izbirate lahko med razli\u010dnimi igrami, ki se igrajo po vsem svetu, nato pa lahko izberete \u017eelene \u0161tevilke. Pravzaprav lahko izberete vse na svoji sre\u010dki, vklju\u010dno s \u0161tevilkami, \u0161tevilom \u017erebanj, koliko sre\u010dk \u017eelite in \u0161e ve\u010d.<\/p>\n<p>Ko izberete vse, preprosto oddate naro\u010dilo in sre\u010dka je kupljena za vas. Nato po\u010dakate do \u017erebanja in vidite, kaj ste zadeli. Tudi ta del je preprost, saj morate le preveriti svoj ra\u010dun, da vidite, katere so bile zmagovalne \u0161tevilke, katere so bile va\u0161e ujemajo\u010de se \u0161tevilke in koliko ste zadeli.<\/p>\n<h2>U\u017eivajte v ne\u010dem novem<\/h2>\n<p>Ne obti\u010dite v rutini igranja samo istih iger znova in znova. Namesto tega poskrbite, da boste preizkusili nekaj novega in u\u017eivali v igrah, ki jih morda \u0161e nikoli niste videli ali sli\u0161ali. Morda boste presene\u010deni nad vsemi mo\u017enostmi.<\/p>\n","protected":false},"excerpt":{"rendered":"<p>Kako igrati svetovne loterije na spletu Ste \u017ee kdaj igrali loterijo v celoti na spletu? \u010ce niste, potem niste sami. Preve\u010d ljudi \u0161e ni razmi\u0161ljalo o igranju loterije na spletu in to je vsekakor nesre\u010dno, saj obstaja veliko odli\u010dnih prilo\u017enosti, ki jih lahko imate na&hellip;<\/p>\n","protected":false},"author":1,"featured_media":0,"parent":0,"menu_order":0,"comment_status":"closed","ping_status":"closed","template":"","meta":{"footnotes":""},"class_list":["post-440","page","type-page","status-publish","hentry"],"yoast_head":"<!-- This site is optimized with the Yoast SEO plugin v25.9 - https:\/\/yoast.com\/wordpress\/plugins\/seo\/ -->\n<title>Kako igrati svetovne loterije na spletu<\/title>\n<meta name=\"robots\" content=\"index, follow, max-snippet:-1, max-image-preview:large, max-video-preview:-1\" \/>\n<link rel=\"canonical\" href=\"https:\/\/megalottoonline.com\/sl\/\" \/>\n<meta property=\"og:locale\" content=\"sl_SI\" \/>\n<meta property=\"og:type\" content=\"article\" \/>\n<meta property=\"og:title\" content=\"Kako igrati svetovne loterije na spletu\" \/>\n<meta property=\"og:description\" content=\"Kako igrati svetovne loterije na spletu Ste \u017ee kdaj igrali loterijo v celoti na spletu? \u010ce niste, potem niste sami. Preve\u010d ljudi \u0161e ni razmi\u0161ljalo o igranju loterije na spletu in to je vsekakor nesre\u010dno, saj obstaja veliko odli\u010dnih prilo\u017enosti, ki jih lahko imate na&hellip;\" \/>\n<meta property=\"og:url\" content=\"https:\/\/megalottoonline.com\/sl\/\" \/>\n<meta name=\"twitter:card\" content=\"summary_large_image\" \/>\n<meta name=\"twitter:label1\" content=\"Est. reading time\" \/>\n\t<meta name=\"twitter:data1\" content=\"2 minuti\" \/>\n<script type=\"application\/ld+json\" class=\"yoast-schema-graph\">{\"@context\":\"https:\/\/schema.org\",\"@graph\":[{\"@type\":\"WebPage\",\"@id\":\"https:\/\/megalottoonline.com\/sl\/\",\"url\":\"https:\/\/megalottoonline.com\/sl\/\",\"name\":\"Kako igrati svetovne loterije na spletu\",\"isPartOf\":{\"@id\":\"https:\/\/megalottoonline.com\/sl\/#website\"},\"datePublished\":\"2024-09-09T18:24:53+00:00\",\"breadcrumb\":{\"@id\":\"https:\/\/megalottoonline.com\/sl\/#breadcrumb\"},\"inLanguage\":\"sl-SI\",\"potentialAction\":[{\"@type\":\"ReadAction\",\"target\":[\"https:\/\/megalottoonline.com\/sl\/\"]}]},{\"@type\":\"BreadcrumbList\",\"@id\":\"https:\/\/megalottoonline.com\/sl\/#breadcrumb\",\"itemListElement\":[{\"@type\":\"ListItem\",\"position\":1,\"name\":\"Home\",\"item\":\"https:\/\/megalottoonline.com\/sl\/\"},{\"@type\":\"ListItem\",\"position\":2,\"name\":\"Domov\"}]},{\"@type\":\"WebSite\",\"@id\":\"https:\/\/megalottoonline.com\/sl\/#website\",\"url\":\"https:\/\/megalottoonline.com\/sl\/\",\"name\":\"\",\"description\":\"\",\"potentialAction\":[{\"@type\":\"SearchAction\",\"target\":{\"@type\":\"EntryPoint\",\"urlTemplate\":\"https:\/\/megalottoonline.com\/sl\/?s={search_term_string}\"},\"query-input\":{\"@type\":\"PropertyValueSpecification\",\"valueRequired\":true,\"valueName\":\"search_term_string\"}}],\"inLanguage\":\"sl-SI\"}]}<\/script>\n<!-- \/ Yoast SEO plugin. -->","yoast_head_json":{"title":"Kako igrati svetovne loterije na spletu","robots":{"index":"index","follow":"follow","max-snippet":"max-snippet:-1","max-image-preview":"max-image-preview:large","max-video-preview":"max-video-preview:-1"},"canonical":"https:\/\/megalottoonline.com\/sl\/","og_locale":"sl_SI","og_type":"article","og_title":"Kako igrati svetovne loterije na spletu","og_description":"Kako igrati svetovne loterije na spletu Ste \u017ee kdaj igrali loterijo v celoti na spletu? \u010ce niste, potem niste sami. Preve\u010d ljudi \u0161e ni razmi\u0161ljalo o igranju loterije na spletu in to je vsekakor nesre\u010dno, saj obstaja veliko odli\u010dnih prilo\u017enosti, ki jih lahko imate na&hellip;","og_url":"https:\/\/megalottoonline.com\/sl\/","twitter_card":"summary_large_image","twitter_misc":{"Est. reading time":"2 minuti"},"schema":{"@context":"https:\/\/schema.org","@graph":[{"@type":"WebPage","@id":"https:\/\/megalottoonline.com\/sl\/","url":"https:\/\/megalottoonline.com\/sl\/","name":"Kako igrati svetovne loterije na spletu","isPartOf":{"@id":"https:\/\/megalottoonline.com\/sl\/#website"},"datePublished":"2024-09-09T18:24:53+00:00","breadcrumb":{"@id":"https:\/\/megalottoonline.com\/sl\/#breadcrumb"},"inLanguage":"sl-SI","potentialAction":[{"@type":"ReadAction","target":["https:\/\/megalottoonline.com\/sl\/"]}]},{"@type":"BreadcrumbList","@id":"https:\/\/megalottoonline.com\/sl\/#breadcrumb","itemListElement":[{"@type":"ListItem","position":1,"name":"Home","item":"https:\/\/megalottoonline.com\/sl\/"},{"@type":"ListItem","position":2,"name":"Domov"}]},{"@type":"WebSite","@id":"https:\/\/megalottoonline.com\/sl\/#website","url":"https:\/\/megalottoonline.com\/sl\/","name":"","description":"","potentialAction":[{"@type":"SearchAction","target":{"@type":"EntryPoint","urlTemplate":"https:\/\/megalottoonline.com\/sl\/?s={search_term_string}"},"query-input":{"@type":"PropertyValueSpecification","valueRequired":true,"valueName":"search_term_string"}}],"inLanguage":"sl-SI"}]}},"_links":{"self":[{"href":"https:\/\/megalottoonline.com\/sl\/wp-json\/wp\/v2\/pages\/440","targetHints":{"allow":["GET"]}}],"collection":[{"href":"https:\/\/megalottoonline.com\/sl\/wp-json\/wp\/v2\/pages"}],"about":[{"href":"https:\/\/megalottoonline.com\/sl\/wp-json\/wp\/v2\/types\/page"}],"author":[{"embeddable":true,"href":"https:\/\/megalottoonline.com\/sl\/wp-json\/wp\/v2\/users\/1"}],"replies":[{"embeddable":true,"href":"https:\/\/megalottoonline.com\/sl\/wp-json\/wp\/v2\/comments?post=440"}],"version-history":[{"count":0,"href":"https:\/\/megalottoonline.com\/sl\/wp-json\/wp\/v2\/pages\/440\/revisions"}],"wp:attachment":[{"href":"https:\/\/megalottoonline.com\/sl\/wp-json\/wp\/v2\/media?parent=440"}],"curies":[{"name":"wp","href":"https:\/\/api.w.org\/{rel}","templated":true}]}}