{"id":439,"date":"2024-09-09T19:24:53","date_gmt":"2024-09-09T18:24:53","guid":{"rendered":"https:\/\/megalottoonline.com\/domov\/"},"modified":"2024-09-09T19:24:53","modified_gmt":"2024-09-09T18:24:53","slug":"domov","status":"publish","type":"page","link":"https:\/\/megalottoonline.com\/sk\/","title":{"rendered":"Domov"},"content":{"rendered":"<h2>Ako hra\u0165 celosvetov\u00e9 lot\u00e9rie online<\/h2>\n<p>Hrali ste niekedy lot\u00e9riu \u00faplne online? Ak nie, nie ste sami. Pr\u00edli\u0161 ve\u013ea \u013eud\u00ed nikdy neuva\u017eovalo o hran\u00ed lot\u00e9rie online a to je ur\u010dite ne\u0161\u0165astn\u00e9, preto\u017ee existuje ve\u013ea skvel\u00fdch pr\u00edle\u017eitost\u00ed, ktor\u00e9 m\u00f4\u017eete ma\u0165 t\u00fdmto sp\u00f4sobom. Koniec koncov, budete si m\u00f4c\u0165 zahra\u0165 e\u0161te viac hier, vysk\u00fa\u0161a\u0165 nov\u00e9 veci a ove\u013ea viac, ke\u010f sa pripoj\u00edte online.<\/p>\n<h2>Pre\u010do hra\u0165 celosvetov\u00e9 lot\u00e9rie?<\/h2>\n<p>Hranie lot\u00e9riov\u00fdch hier z r\u00f4znych \u010dast\u00ed sveta v\u00e1m otv\u00e1ra e\u0161te viac pr\u00edle\u017eitost\u00ed. Budete si m\u00f4c\u0165 pozrie\u0165 r\u00f4zne hry, ktor\u00e9 hraj\u00fa \u013eudia v in\u00fdch krajin\u00e1ch, a to v\u00e1m d\u00e1 \u010fal\u0161iu \u0161ancu na ve\u013ek\u00e9 ceny. Pre\u010do by ste to nechceli vysk\u00fa\u0161a\u0165 a zisti\u0165, ko\u013eko by ste mohli vyhra\u0165 v \u010fal\u0161ej hre?<\/p>\n<p>Ke\u010f sa pripoj\u00edte online, nemus\u00edte sa obmedzova\u0165 len na nieko\u013eko hier, ktor\u00e9 s\u00fa dostupn\u00e9 vo va\u0161ej oblasti. Namiesto toho si m\u00f4\u017eete pozrie\u0165 nieko\u013eko r\u00f4znych mo\u017enost\u00ed, len aby ste sa o to aj zabavili. Ke\u010f to urob\u00edte, zist\u00edte, \u017ee v r\u00f4znych \u010dastiach sveta existuj\u00fa lot\u00e9riov\u00e9 hry, o ktor\u00fdch ste mo\u017eno nikdy nepo\u010duli. To bude nie\u010do jedine\u010dn\u00e9 a pr\u00edjemnej\u0161ie ako hra\u0165 tie ist\u00e9 hry dookola, nemysl\u00edte?<\/p>\n<h2>Ako za\u010da\u0165<\/h2>\n<p>Ak m\u00e1te z\u00e1ujem za\u010da\u0165 s online lot\u00e9riov\u00fdmi hrami, mali by ste za\u010da\u0165 t\u00fdm, \u017ee si n\u00e1jdete webov\u00fa str\u00e1nku, ktor\u00e1 ich pon\u00faka. M\u00f4\u017eete za\u010da\u0165 hne\u010f tu a pozrie\u0165 si r\u00f4zne lot\u00e9riov\u00e9 hry z cel\u00e9ho sveta a vybra\u0165 si tie, ktor\u00e9 chcete hra\u0165, preto\u017ee je v skuto\u010dnosti ove\u013ea jednoduch\u0161ie za\u010da\u0165 a z\u00edska\u0165 tieto lot\u00e9riov\u00e9 hry, ako si mysl\u00edte.<\/p>\n<p>Na str\u00e1nke <a href=\"https:\/\/RedFoxLotto.com\">RedFoxLotto.com<\/a> si sta\u010d\u00ed vytvori\u0165 \u00fa\u010det a potom sa rozhodn\u00fa\u0165, ktor\u00fa hru chcete hra\u0165 ako prv\u00fa. M\u00f4\u017eete si vybra\u0165 z mno\u017estva r\u00f4znych hier, ktor\u00e9 sa hraj\u00fa po celom svete, a potom si vybra\u0165 \u010d\u00edsla, ktor\u00e9 chcete. V skuto\u010dnosti si m\u00f4\u017eete vybra\u0165 v\u0161etko o svojom tikete vr\u00e1tane \u010d\u00edsel, po\u010dtu \u017erebovan\u00ed, po\u010dtu tiketov, ktor\u00e9 chcete, a \u010fal\u0161\u00edch inform\u00e1ci\u00ed.<\/p>\n<p>Ke\u010f si v\u0161etko vyberiete, sta\u010d\u00ed zada\u0165 objedn\u00e1vku a tiket je zak\u00fapen\u00fd. Potom po\u010dk\u00e1te na \u017erebovanie a uvid\u00edte, \u010do ste vyhrali. Aj t\u00e1to \u010das\u0165 je jednoduch\u00e1, preto\u017ee sta\u010d\u00ed skontrolova\u0165 svoj \u00fa\u010det a zisti\u0165, ak\u00e9 boli v\u00fdhern\u00e9 \u010d\u00edsla, ak\u00e9 boli va\u0161e zhodn\u00e9 \u010d\u00edsla a ko\u013eko ste vyhrali.<\/p>\n<h2>U\u017eite si nie\u010do nov\u00e9<\/h2>\n<p>Neuviaznite v stereotype hran\u00edm st\u00e1le t\u00fdch ist\u00fdch hier. Namiesto toho sa uistite, \u017ee sk\u00fa\u0161ate nie\u010do nov\u00e9 a u\u017e\u00edvate si hry, ktor\u00e9 ste mo\u017eno nikdy predt\u00fdm nevideli alebo o nich nepo\u010duli. Mo\u017eno budete prekvapen\u00ed v\u0161etk\u00fdmi mo\u017enos\u0165ami.<\/p>\n","protected":false},"excerpt":{"rendered":"<p>Ako hra\u0165 celosvetov\u00e9 lot\u00e9rie online Hrali ste niekedy lot\u00e9riu \u00faplne online? Ak nie, nie ste sami. Pr\u00edli\u0161 ve\u013ea \u013eud\u00ed nikdy neuva\u017eovalo o hran\u00ed lot\u00e9rie online a to je ur\u010dite ne\u0161\u0165astn\u00e9, preto\u017ee existuje ve\u013ea skvel\u00fdch pr\u00edle\u017eitost\u00ed, ktor\u00e9 m\u00f4\u017eete ma\u0165 t\u00fdmto sp\u00f4sobom. Koniec koncov, budete si m\u00f4c\u0165&hellip;<\/p>\n","protected":false},"author":1,"featured_media":0,"parent":0,"menu_order":0,"comment_status":"closed","ping_status":"closed","template":"","meta":{"footnotes":""},"class_list":["post-439","page","type-page","status-publish","hentry"],"yoast_head":"<!-- This site is optimized with the Yoast SEO plugin v25.9 - https:\/\/yoast.com\/wordpress\/plugins\/seo\/ -->\n<title>Ako hra\u0165 celosvetov\u00e9 lot\u00e9rie online<\/title>\n<meta name=\"robots\" content=\"index, follow, max-snippet:-1, max-image-preview:large, max-video-preview:-1\" \/>\n<link rel=\"canonical\" href=\"https:\/\/megalottoonline.com\/sk\/\" \/>\n<meta property=\"og:locale\" content=\"sk_SK\" \/>\n<meta property=\"og:type\" content=\"article\" \/>\n<meta property=\"og:title\" content=\"Ako hra\u0165 celosvetov\u00e9 lot\u00e9rie online\" \/>\n<meta property=\"og:description\" content=\"Ako hra\u0165 celosvetov\u00e9 lot\u00e9rie online Hrali ste niekedy lot\u00e9riu \u00faplne online? Ak nie, nie ste sami. Pr\u00edli\u0161 ve\u013ea \u013eud\u00ed nikdy neuva\u017eovalo o hran\u00ed lot\u00e9rie online a to je ur\u010dite ne\u0161\u0165astn\u00e9, preto\u017ee existuje ve\u013ea skvel\u00fdch pr\u00edle\u017eitost\u00ed, ktor\u00e9 m\u00f4\u017eete ma\u0165 t\u00fdmto sp\u00f4sobom. Koniec koncov, budete si m\u00f4c\u0165&hellip;\" \/>\n<meta property=\"og:url\" content=\"https:\/\/megalottoonline.com\/sk\/\" \/>\n<meta name=\"twitter:card\" content=\"summary_large_image\" \/>\n<meta name=\"twitter:label1\" content=\"Predpokladan\u00fd \u010das \u010d\u00edtania\" \/>\n\t<meta name=\"twitter:data1\" content=\"3 min\u00faty\" \/>\n<script type=\"application\/ld+json\" class=\"yoast-schema-graph\">{\"@context\":\"https:\/\/schema.org\",\"@graph\":[{\"@type\":\"WebPage\",\"@id\":\"https:\/\/megalottoonline.com\/sk\/\",\"url\":\"https:\/\/megalottoonline.com\/sk\/\",\"name\":\"Ako hra\u0165 celosvetov\u00e9 lot\u00e9rie online\",\"isPartOf\":{\"@id\":\"https:\/\/megalottoonline.com\/sk\/#website\"},\"datePublished\":\"2024-09-09T18:24:53+00:00\",\"breadcrumb\":{\"@id\":\"https:\/\/megalottoonline.com\/sk\/#breadcrumb\"},\"inLanguage\":\"sk-SK\",\"potentialAction\":[{\"@type\":\"ReadAction\",\"target\":[\"https:\/\/megalottoonline.com\/sk\/\"]}]},{\"@type\":\"BreadcrumbList\",\"@id\":\"https:\/\/megalottoonline.com\/sk\/#breadcrumb\",\"itemListElement\":[{\"@type\":\"ListItem\",\"position\":1,\"name\":\"Home\",\"item\":\"https:\/\/megalottoonline.com\/sk\/\"},{\"@type\":\"ListItem\",\"position\":2,\"name\":\"Domov\"}]},{\"@type\":\"WebSite\",\"@id\":\"https:\/\/megalottoonline.com\/sk\/#website\",\"url\":\"https:\/\/megalottoonline.com\/sk\/\",\"name\":\"\",\"description\":\"\",\"potentialAction\":[{\"@type\":\"SearchAction\",\"target\":{\"@type\":\"EntryPoint\",\"urlTemplate\":\"https:\/\/megalottoonline.com\/sk\/?s={search_term_string}\"},\"query-input\":{\"@type\":\"PropertyValueSpecification\",\"valueRequired\":true,\"valueName\":\"search_term_string\"}}],\"inLanguage\":\"sk-SK\"}]}<\/script>\n<!-- \/ Yoast SEO plugin. -->","yoast_head_json":{"title":"Ako hra\u0165 celosvetov\u00e9 lot\u00e9rie online","robots":{"index":"index","follow":"follow","max-snippet":"max-snippet:-1","max-image-preview":"max-image-preview:large","max-video-preview":"max-video-preview:-1"},"canonical":"https:\/\/megalottoonline.com\/sk\/","og_locale":"sk_SK","og_type":"article","og_title":"Ako hra\u0165 celosvetov\u00e9 lot\u00e9rie online","og_description":"Ako hra\u0165 celosvetov\u00e9 lot\u00e9rie online Hrali ste niekedy lot\u00e9riu \u00faplne online? Ak nie, nie ste sami. Pr\u00edli\u0161 ve\u013ea \u013eud\u00ed nikdy neuva\u017eovalo o hran\u00ed lot\u00e9rie online a to je ur\u010dite ne\u0161\u0165astn\u00e9, preto\u017ee existuje ve\u013ea skvel\u00fdch pr\u00edle\u017eitost\u00ed, ktor\u00e9 m\u00f4\u017eete ma\u0165 t\u00fdmto sp\u00f4sobom. Koniec koncov, budete si m\u00f4c\u0165&hellip;","og_url":"https:\/\/megalottoonline.com\/sk\/","twitter_card":"summary_large_image","twitter_misc":{"Predpokladan\u00fd \u010das \u010d\u00edtania":"3 min\u00faty"},"schema":{"@context":"https:\/\/schema.org","@graph":[{"@type":"WebPage","@id":"https:\/\/megalottoonline.com\/sk\/","url":"https:\/\/megalottoonline.com\/sk\/","name":"Ako hra\u0165 celosvetov\u00e9 lot\u00e9rie online","isPartOf":{"@id":"https:\/\/megalottoonline.com\/sk\/#website"},"datePublished":"2024-09-09T18:24:53+00:00","breadcrumb":{"@id":"https:\/\/megalottoonline.com\/sk\/#breadcrumb"},"inLanguage":"sk-SK","potentialAction":[{"@type":"ReadAction","target":["https:\/\/megalottoonline.com\/sk\/"]}]},{"@type":"BreadcrumbList","@id":"https:\/\/megalottoonline.com\/sk\/#breadcrumb","itemListElement":[{"@type":"ListItem","position":1,"name":"Home","item":"https:\/\/megalottoonline.com\/sk\/"},{"@type":"ListItem","position":2,"name":"Domov"}]},{"@type":"WebSite","@id":"https:\/\/megalottoonline.com\/sk\/#website","url":"https:\/\/megalottoonline.com\/sk\/","name":"","description":"","potentialAction":[{"@type":"SearchAction","target":{"@type":"EntryPoint","urlTemplate":"https:\/\/megalottoonline.com\/sk\/?s={search_term_string}"},"query-input":{"@type":"PropertyValueSpecification","valueRequired":true,"valueName":"search_term_string"}}],"inLanguage":"sk-SK"}]}},"_links":{"self":[{"href":"https:\/\/megalottoonline.com\/sk\/wp-json\/wp\/v2\/pages\/439","targetHints":{"allow":["GET"]}}],"collection":[{"href":"https:\/\/megalottoonline.com\/sk\/wp-json\/wp\/v2\/pages"}],"about":[{"href":"https:\/\/megalottoonline.com\/sk\/wp-json\/wp\/v2\/types\/page"}],"author":[{"embeddable":true,"href":"https:\/\/megalottoonline.com\/sk\/wp-json\/wp\/v2\/users\/1"}],"replies":[{"embeddable":true,"href":"https:\/\/megalottoonline.com\/sk\/wp-json\/wp\/v2\/comments?post=439"}],"version-history":[{"count":0,"href":"https:\/\/megalottoonline.com\/sk\/wp-json\/wp\/v2\/pages\/439\/revisions"}],"wp:attachment":[{"href":"https:\/\/megalottoonline.com\/sk\/wp-json\/wp\/v2\/media?parent=439"}],"curies":[{"name":"wp","href":"https:\/\/api.w.org\/{rel}","templated":true}]}}