{"id":117,"date":"2024-09-09T19:24:53","date_gmt":"2024-09-09T18:24:53","guid":{"rendered":"https:\/\/megalottoonline.com\/acasa\/"},"modified":"2024-09-09T19:24:53","modified_gmt":"2024-09-09T18:24:53","slug":"acasa","status":"publish","type":"page","link":"https:\/\/megalottoonline.com\/ro\/","title":{"rendered":"Acas\u0103"},"content":{"rendered":"<h2>Cum s\u0103 joci la loterii online \u00een \u00eentreaga lume<\/h2>\n<p>Ai jucat vreodat\u0103 la loterie complet online? Dac\u0103 nu, atunci nu e\u0219ti singurul. Mult prea mul\u021bi oameni nu s-au g\u00e2ndit niciodat\u0103 s\u0103 joace la loterie online \u0219i acest lucru este cu siguran\u021b\u0103 regretabil, deoarece exist\u0103 o mul\u021bime de oportunit\u0103\u021bi grozave pe care le po\u021bi avea \u00een acest fel. La urma urmei, vei putea juca \u0219i mai multe jocuri, vei \u00eencerca lucruri noi \u0219i multe altele atunci c\u00e2nd intri online.<\/p>\n<h2>De ce s\u0103 joci la loterii \u00een \u00eentreaga lume?<\/h2>\n<p>Jocul de jocuri de loterie din diferite p\u0103r\u021bi ale lumii \u00ee\u021bi deschide \u0219i mai multe oportunit\u0103\u021bi. Vei putea arunca o privire la diferitele jocuri pe care le joac\u0103 oamenii din alte \u021b\u0103ri \u0219i asta \u00ee\u021bi va oferi \u00eenc\u0103 o \u0219ans\u0103 la premii mari. De ce nu ai vrea s\u0103 \u00eencerci \u0219i s\u0103 vezi c\u00e2t ai putea c\u00e2\u0219tiga la \u00eenc\u0103 un joc?<\/p>\n<p>Nu trebuie s\u0103 te limitezi la doar c\u00e2teva jocuri disponibile \u00een zona ta local\u0103 atunci c\u00e2nd intri online. \u00cen schimb, po\u021bi arunca o privire la mai multe op\u021biuni diferite doar pentru a te distra \u0219i tu. C\u00e2nd vei face asta, vei descoperi c\u0103 exist\u0103 jocuri de loterie \u00een diferite p\u0103r\u021bi ale lumii despre care poate nici nu ai auzit vreodat\u0103. Va fi ceva unic \u0219i mai pl\u0103cut dec\u00e2t s\u0103 joci acelea\u0219i jocuri iar \u0219i iar, nu crezi?<\/p>\n<h2>Cum s\u0103 \u00eencepi<\/h2>\n<p>Dac\u0103 e\u0219ti interesat s\u0103 \u00eencepi cu jocurile de loterie online, trebuie s\u0103 \u00eencepi prin a g\u0103si un site web care le ofer\u0103. Po\u021bi \u00eencepe chiar aici pentru a vedea o gam\u0103 larg\u0103 de jocuri de loterie din \u00eentreaga lume \u0219i a le alege pe cele pe care vrei s\u0103 le joci, deoarece este de fapt mult mai u\u0219or s\u0103 \u00eencepi \u0219i s\u0103 ob\u021bii acele jocuri de loterie dec\u00e2t ai putea crede.<\/p>\n<p>Cu <a href=\"https:\/\/RedFoxLotto.com\">RedFoxLotto.com<\/a> trebuie doar s\u0103 creezi un cont \u0219i apoi s\u0103 decizi ce joc vrei s\u0103 joci mai \u00eent\u00e2i. Po\u021bi alege dintr-o gam\u0103 larg\u0103 de jocuri diferite care se joac\u0103 \u00een \u00eentreaga lume, apoi po\u021bi alege numerele dorite. De fapt, po\u021bi alege totul despre biletul t\u0103u, inclusiv numerele, num\u0103rul de extrageri, c\u00e2te bilete dore\u0219ti \u0219i multe altele.<\/p>\n<p>Dup\u0103 ce ai ales totul, pur \u0219i simplu plasezi comanda \u0219i biletul este achizi\u021bionat pentru tine. Apoi, a\u0219tep\u021bi p\u00e2n\u0103 la extragere \u0219i vezi ce ai c\u00e2\u0219tigat. Chiar \u0219i aceast\u0103 parte este u\u0219oar\u0103, deoarece tot ce trebuie s\u0103 faci este s\u0103-\u021bi verifici contul pentru a vedea care au fost numerele c\u00e2\u0219tig\u0103toare, care au fost numerele potrivite \u0219i c\u00e2t ai c\u00e2\u0219tigat.<\/p>\n<h2>Bucur\u0103-te de ceva nou<\/h2>\n<p>Nu r\u0103m\u00e2ne blocat juc\u00e2nd doar acelea\u0219i jocuri iar \u0219i iar. \u00cen schimb, asigur\u0103-te c\u0103 \u00eencerci ceva nou \u0219i te bucuri de jocuri pe care poate nu le-ai mai v\u0103zut sau de care nu ai mai auzit niciodat\u0103. S-ar putea s\u0103 fii surprins de toate op\u021biunile.<\/p>\n","protected":false},"excerpt":{"rendered":"<p>Cum s\u0103 joci la loterii online \u00een \u00eentreaga lume Ai jucat vreodat\u0103 la loterie complet online? Dac\u0103 nu, atunci nu e\u0219ti singurul. Mult prea mul\u021bi oameni nu s-au g\u00e2ndit niciodat\u0103 s\u0103 joace la loterie online \u0219i acest lucru este cu siguran\u021b\u0103 regretabil, deoarece exist\u0103 o&hellip;<\/p>\n","protected":false},"author":1,"featured_media":0,"parent":0,"menu_order":0,"comment_status":"closed","ping_status":"closed","template":"","meta":{"footnotes":""},"class_list":["post-117","page","type-page","status-publish","hentry"],"yoast_head":"<!-- This site is optimized with the Yoast SEO plugin v25.9 - https:\/\/yoast.com\/wordpress\/plugins\/seo\/ -->\n<title>Cum s\u0103 joci online la loterii mondiale<\/title>\n<meta name=\"robots\" content=\"index, follow, max-snippet:-1, max-image-preview:large, max-video-preview:-1\" \/>\n<link rel=\"canonical\" href=\"https:\/\/megalottoonline.com\/ro\/\" \/>\n<meta property=\"og:locale\" content=\"ro_RO\" \/>\n<meta property=\"og:type\" content=\"article\" \/>\n<meta property=\"og:title\" content=\"Cum s\u0103 joci online la loterii mondiale\" \/>\n<meta property=\"og:description\" content=\"Cum s\u0103 joci la loterii online \u00een \u00eentreaga lume Ai jucat vreodat\u0103 la loterie complet online? Dac\u0103 nu, atunci nu e\u0219ti singurul. Mult prea mul\u021bi oameni nu s-au g\u00e2ndit niciodat\u0103 s\u0103 joace la loterie online \u0219i acest lucru este cu siguran\u021b\u0103 regretabil, deoarece exist\u0103 o&hellip;\" \/>\n<meta property=\"og:url\" content=\"https:\/\/megalottoonline.com\/ro\/\" \/>\n<meta name=\"twitter:card\" content=\"summary_large_image\" \/>\n<meta name=\"twitter:label1\" content=\"Timp estimat pentru citire\" \/>\n\t<meta name=\"twitter:data1\" content=\"3 minute\" \/>\n<script type=\"application\/ld+json\" class=\"yoast-schema-graph\">{\"@context\":\"https:\/\/schema.org\",\"@graph\":[{\"@type\":\"WebPage\",\"@id\":\"https:\/\/megalottoonline.com\/ro\/\",\"url\":\"https:\/\/megalottoonline.com\/ro\/\",\"name\":\"Cum s\u0103 joci online la loterii mondiale\",\"isPartOf\":{\"@id\":\"https:\/\/megalottoonline.com\/ro\/#website\"},\"datePublished\":\"2024-09-09T18:24:53+00:00\",\"breadcrumb\":{\"@id\":\"https:\/\/megalottoonline.com\/ro\/#breadcrumb\"},\"inLanguage\":\"ro-RO\",\"potentialAction\":[{\"@type\":\"ReadAction\",\"target\":[\"https:\/\/megalottoonline.com\/ro\/\"]}]},{\"@type\":\"BreadcrumbList\",\"@id\":\"https:\/\/megalottoonline.com\/ro\/#breadcrumb\",\"itemListElement\":[{\"@type\":\"ListItem\",\"position\":1,\"name\":\"Home\",\"item\":\"https:\/\/megalottoonline.com\/ro\/\"},{\"@type\":\"ListItem\",\"position\":2,\"name\":\"Acas\u0103\"}]},{\"@type\":\"WebSite\",\"@id\":\"https:\/\/megalottoonline.com\/ro\/#website\",\"url\":\"https:\/\/megalottoonline.com\/ro\/\",\"name\":\"\",\"description\":\"\",\"potentialAction\":[{\"@type\":\"SearchAction\",\"target\":{\"@type\":\"EntryPoint\",\"urlTemplate\":\"https:\/\/megalottoonline.com\/ro\/?s={search_term_string}\"},\"query-input\":{\"@type\":\"PropertyValueSpecification\",\"valueRequired\":true,\"valueName\":\"search_term_string\"}}],\"inLanguage\":\"ro-RO\"}]}<\/script>\n<!-- \/ Yoast SEO plugin. -->","yoast_head_json":{"title":"Cum s\u0103 joci online la loterii mondiale","robots":{"index":"index","follow":"follow","max-snippet":"max-snippet:-1","max-image-preview":"max-image-preview:large","max-video-preview":"max-video-preview:-1"},"canonical":"https:\/\/megalottoonline.com\/ro\/","og_locale":"ro_RO","og_type":"article","og_title":"Cum s\u0103 joci online la loterii mondiale","og_description":"Cum s\u0103 joci la loterii online \u00een \u00eentreaga lume Ai jucat vreodat\u0103 la loterie complet online? Dac\u0103 nu, atunci nu e\u0219ti singurul. Mult prea mul\u021bi oameni nu s-au g\u00e2ndit niciodat\u0103 s\u0103 joace la loterie online \u0219i acest lucru este cu siguran\u021b\u0103 regretabil, deoarece exist\u0103 o&hellip;","og_url":"https:\/\/megalottoonline.com\/ro\/","twitter_card":"summary_large_image","twitter_misc":{"Timp estimat pentru citire":"3 minute"},"schema":{"@context":"https:\/\/schema.org","@graph":[{"@type":"WebPage","@id":"https:\/\/megalottoonline.com\/ro\/","url":"https:\/\/megalottoonline.com\/ro\/","name":"Cum s\u0103 joci online la loterii mondiale","isPartOf":{"@id":"https:\/\/megalottoonline.com\/ro\/#website"},"datePublished":"2024-09-09T18:24:53+00:00","breadcrumb":{"@id":"https:\/\/megalottoonline.com\/ro\/#breadcrumb"},"inLanguage":"ro-RO","potentialAction":[{"@type":"ReadAction","target":["https:\/\/megalottoonline.com\/ro\/"]}]},{"@type":"BreadcrumbList","@id":"https:\/\/megalottoonline.com\/ro\/#breadcrumb","itemListElement":[{"@type":"ListItem","position":1,"name":"Home","item":"https:\/\/megalottoonline.com\/ro\/"},{"@type":"ListItem","position":2,"name":"Acas\u0103"}]},{"@type":"WebSite","@id":"https:\/\/megalottoonline.com\/ro\/#website","url":"https:\/\/megalottoonline.com\/ro\/","name":"","description":"","potentialAction":[{"@type":"SearchAction","target":{"@type":"EntryPoint","urlTemplate":"https:\/\/megalottoonline.com\/ro\/?s={search_term_string}"},"query-input":{"@type":"PropertyValueSpecification","valueRequired":true,"valueName":"search_term_string"}}],"inLanguage":"ro-RO"}]}},"_links":{"self":[{"href":"https:\/\/megalottoonline.com\/ro\/wp-json\/wp\/v2\/pages\/117","targetHints":{"allow":["GET"]}}],"collection":[{"href":"https:\/\/megalottoonline.com\/ro\/wp-json\/wp\/v2\/pages"}],"about":[{"href":"https:\/\/megalottoonline.com\/ro\/wp-json\/wp\/v2\/types\/page"}],"author":[{"embeddable":true,"href":"https:\/\/megalottoonline.com\/ro\/wp-json\/wp\/v2\/users\/1"}],"replies":[{"embeddable":true,"href":"https:\/\/megalottoonline.com\/ro\/wp-json\/wp\/v2\/comments?post=117"}],"version-history":[{"count":0,"href":"https:\/\/megalottoonline.com\/ro\/wp-json\/wp\/v2\/pages\/117\/revisions"}],"wp:attachment":[{"href":"https:\/\/megalottoonline.com\/ro\/wp-json\/wp\/v2\/media?parent=117"}],"curies":[{"name":"wp","href":"https:\/\/api.w.org\/{rel}","templated":true}]}}