{"id":113,"date":"2024-09-09T19:24:53","date_gmt":"2024-09-09T18:24:53","guid":{"rendered":"https:\/\/megalottoonline.com\/casa\/"},"modified":"2024-09-09T19:24:53","modified_gmt":"2024-09-09T18:24:53","slug":"casa","status":"publish","type":"page","link":"https:\/\/megalottoonline.com\/pt-pt\/","title":{"rendered":"Casa"},"content":{"rendered":"<h2>Como jogar em lotarias mundiais online<\/h2>\n<p>J\u00e1 jogou na lotaria totalmente online? Se n\u00e3o sabe, ent\u00e3o n\u00e3o est\u00e1 sozinho. Muitas pessoas nunca consideraram jogar na lotaria online e isso \u00e9 definitivamente uma pena porque h\u00e1 muitas oportunidades excelentes que pode ter desta forma. Afinal, poder\u00e1 jogar ainda mais, experimentar coisas novas e muito mais quando estiver online.<\/p>\n<h2>Porqu\u00ea jogar em lotarias mundiais?<\/h2>\n<p>Jogar jogos de lotaria de diferentes partes do mundo abre-lhe ainda mais oportunidades. Poder\u00e1 dar uma vista de olhos aos diferentes jogos que pessoas de outros pa\u00edses jogam e isso dar-lhe-\u00e1 outra oportunidade de ganhar grandes pr\u00e9mios. Porque n\u00e3o tentaria e veria quanto poderia ganhar em mais um jogo?<\/p>\n<p>N\u00e3o precisa de estar limitado a apenas alguns jogos dispon\u00edveis na sua \u00e1rea local quando estiver online. Em vez disso, pode dar uma vista de olhos a diversas op\u00e7\u00f5es diferentes s\u00f3 para se divertir tamb\u00e9m. Quando o fizer, descobrir\u00e1 que existem jogos de lotaria em diferentes partes do mundo dos quais talvez nunca tenha ouvido falar. Isto vai ser algo \u00fanico e mais divertido do que jogar os mesmos jogos vezes sem conta, n\u00e3o acham?<\/p>\n<h2>Como come\u00e7ar<\/h2>\n<p>Se estiver interessado em come\u00e7ar a jogar lotarias online, precisa de come\u00e7ar por encontrar um site que os ofere\u00e7a. Pode come\u00e7ar aqui mesmo para ver uma variedade de jogos de lotaria diferentes de todo o mundo e escolher aqueles que quer jogar, porque na verdade \u00e9 muito mais f\u00e1cil come\u00e7ar e ganhar nesses jogos de lotaria do que imagina.<\/p>\n<p>Com\u00a0<a href=\"https:\/\/RedFoxLotto.com\">RedFoxLotto.com<\/a> s\u00f3 tem de criar uma conta e depois decidir qual o jogo que quer jogar primeiro. Pode escolher entre uma variedade de jogos diferentes jogados em todo o mundo e depois escolher os n\u00fameros que deseja. Na verdade, pode escolher tudo sobre o seu bilhete, incluindo os n\u00fameros, o n\u00famero de sorteios, quantos bilhetes deseja e muito mais.<\/p>\n<p>Depois de escolher tudo, basta fazer o pedido e o bilhete ser\u00e1 comprado para si. Depois, espera at\u00e9 ao sorteio e v\u00ea o que ganhou. At\u00e9 esta parte \u00e9 f\u00e1cil porque tudo o que tem de fazer \u00e9 verificar a sua conta para ver quais foram os n\u00fameros vencedores, quais foram os seus n\u00fameros correspondentes e quanto ganhou.<\/p>\n<h2>Aproveite algo novo<\/h2>\n<p>N\u00e3o fique preso \u00e0 rotina jogando sempre os mesmos jogos. Em vez disso, certifique-se de que est\u00e1 a experimentar algo novo e a divertir-se com jogos dos quais talvez nunca tenha visto ou ouvido falar antes. Pode se surpreender com todas as op\u00e7\u00f5es.<\/p>\n","protected":false},"excerpt":{"rendered":"<p>Como jogar em lotarias mundiais online J\u00e1 jogou na lotaria totalmente online? Se n\u00e3o sabe, ent\u00e3o n\u00e3o est\u00e1 sozinho. Muitas pessoas nunca consideraram jogar na lotaria online e isso \u00e9 definitivamente uma pena porque h\u00e1 muitas oportunidades excelentes que pode ter desta forma. Afinal, poder\u00e1&hellip;<\/p>\n","protected":false},"author":1,"featured_media":0,"parent":0,"menu_order":0,"comment_status":"closed","ping_status":"closed","template":"","meta":{"footnotes":""},"class_list":["post-113","page","type-page","status-publish","hentry"],"yoast_head":"<!-- This site is optimized with the Yoast SEO plugin v25.9 - https:\/\/yoast.com\/wordpress\/plugins\/seo\/ -->\n<title>Como jogar em lotarias mundiais online<\/title>\n<meta name=\"robots\" content=\"index, follow, max-snippet:-1, max-image-preview:large, max-video-preview:-1\" \/>\n<link rel=\"canonical\" href=\"https:\/\/megalottoonline.com\/pt-pt\/\" \/>\n<meta property=\"og:locale\" content=\"pt_PT\" \/>\n<meta property=\"og:type\" content=\"article\" \/>\n<meta property=\"og:title\" content=\"Como jogar em lotarias mundiais online\" \/>\n<meta property=\"og:description\" content=\"Como jogar em lotarias mundiais online J\u00e1 jogou na lotaria totalmente online? Se n\u00e3o sabe, ent\u00e3o n\u00e3o est\u00e1 sozinho. Muitas pessoas nunca consideraram jogar na lotaria online e isso \u00e9 definitivamente uma pena porque h\u00e1 muitas oportunidades excelentes que pode ter desta forma. Afinal, poder\u00e1&hellip;\" \/>\n<meta property=\"og:url\" content=\"https:\/\/megalottoonline.com\/pt-pt\/\" \/>\n<meta name=\"twitter:card\" content=\"summary_large_image\" \/>\n<meta name=\"twitter:label1\" content=\"Tempo estimado de leitura\" \/>\n\t<meta name=\"twitter:data1\" content=\"2 minutos\" \/>\n<script type=\"application\/ld+json\" class=\"yoast-schema-graph\">{\"@context\":\"https:\/\/schema.org\",\"@graph\":[{\"@type\":\"WebPage\",\"@id\":\"https:\/\/megalottoonline.com\/pt-pt\/\",\"url\":\"https:\/\/megalottoonline.com\/pt-pt\/\",\"name\":\"Como jogar em lotarias mundiais online\",\"isPartOf\":{\"@id\":\"https:\/\/megalottoonline.com\/pt-pt\/#website\"},\"datePublished\":\"2024-09-09T18:24:53+00:00\",\"breadcrumb\":{\"@id\":\"https:\/\/megalottoonline.com\/pt-pt\/#breadcrumb\"},\"inLanguage\":\"pt-PT\",\"potentialAction\":[{\"@type\":\"ReadAction\",\"target\":[\"https:\/\/megalottoonline.com\/pt-pt\/\"]}]},{\"@type\":\"BreadcrumbList\",\"@id\":\"https:\/\/megalottoonline.com\/pt-pt\/#breadcrumb\",\"itemListElement\":[{\"@type\":\"ListItem\",\"position\":1,\"name\":\"Home\",\"item\":\"https:\/\/megalottoonline.com\/pt-pt\/\"},{\"@type\":\"ListItem\",\"position\":2,\"name\":\"Casa\"}]},{\"@type\":\"WebSite\",\"@id\":\"https:\/\/megalottoonline.com\/pt-pt\/#website\",\"url\":\"https:\/\/megalottoonline.com\/pt-pt\/\",\"name\":\"\",\"description\":\"\",\"potentialAction\":[{\"@type\":\"SearchAction\",\"target\":{\"@type\":\"EntryPoint\",\"urlTemplate\":\"https:\/\/megalottoonline.com\/pt-pt\/?s={search_term_string}\"},\"query-input\":{\"@type\":\"PropertyValueSpecification\",\"valueRequired\":true,\"valueName\":\"search_term_string\"}}],\"inLanguage\":\"pt-PT\"}]}<\/script>\n<!-- \/ Yoast SEO plugin. -->","yoast_head_json":{"title":"Como jogar em lotarias mundiais online","robots":{"index":"index","follow":"follow","max-snippet":"max-snippet:-1","max-image-preview":"max-image-preview:large","max-video-preview":"max-video-preview:-1"},"canonical":"https:\/\/megalottoonline.com\/pt-pt\/","og_locale":"pt_PT","og_type":"article","og_title":"Como jogar em lotarias mundiais online","og_description":"Como jogar em lotarias mundiais online J\u00e1 jogou na lotaria totalmente online? Se n\u00e3o sabe, ent\u00e3o n\u00e3o est\u00e1 sozinho. Muitas pessoas nunca consideraram jogar na lotaria online e isso \u00e9 definitivamente uma pena porque h\u00e1 muitas oportunidades excelentes que pode ter desta forma. Afinal, poder\u00e1&hellip;","og_url":"https:\/\/megalottoonline.com\/pt-pt\/","twitter_card":"summary_large_image","twitter_misc":{"Tempo estimado de leitura":"2 minutos"},"schema":{"@context":"https:\/\/schema.org","@graph":[{"@type":"WebPage","@id":"https:\/\/megalottoonline.com\/pt-pt\/","url":"https:\/\/megalottoonline.com\/pt-pt\/","name":"Como jogar em lotarias mundiais online","isPartOf":{"@id":"https:\/\/megalottoonline.com\/pt-pt\/#website"},"datePublished":"2024-09-09T18:24:53+00:00","breadcrumb":{"@id":"https:\/\/megalottoonline.com\/pt-pt\/#breadcrumb"},"inLanguage":"pt-PT","potentialAction":[{"@type":"ReadAction","target":["https:\/\/megalottoonline.com\/pt-pt\/"]}]},{"@type":"BreadcrumbList","@id":"https:\/\/megalottoonline.com\/pt-pt\/#breadcrumb","itemListElement":[{"@type":"ListItem","position":1,"name":"Home","item":"https:\/\/megalottoonline.com\/pt-pt\/"},{"@type":"ListItem","position":2,"name":"Casa"}]},{"@type":"WebSite","@id":"https:\/\/megalottoonline.com\/pt-pt\/#website","url":"https:\/\/megalottoonline.com\/pt-pt\/","name":"","description":"","potentialAction":[{"@type":"SearchAction","target":{"@type":"EntryPoint","urlTemplate":"https:\/\/megalottoonline.com\/pt-pt\/?s={search_term_string}"},"query-input":{"@type":"PropertyValueSpecification","valueRequired":true,"valueName":"search_term_string"}}],"inLanguage":"pt-PT"}]}},"_links":{"self":[{"href":"https:\/\/megalottoonline.com\/pt-pt\/wp-json\/wp\/v2\/pages\/113","targetHints":{"allow":["GET"]}}],"collection":[{"href":"https:\/\/megalottoonline.com\/pt-pt\/wp-json\/wp\/v2\/pages"}],"about":[{"href":"https:\/\/megalottoonline.com\/pt-pt\/wp-json\/wp\/v2\/types\/page"}],"author":[{"embeddable":true,"href":"https:\/\/megalottoonline.com\/pt-pt\/wp-json\/wp\/v2\/users\/1"}],"replies":[{"embeddable":true,"href":"https:\/\/megalottoonline.com\/pt-pt\/wp-json\/wp\/v2\/comments?post=113"}],"version-history":[{"count":0,"href":"https:\/\/megalottoonline.com\/pt-pt\/wp-json\/wp\/v2\/pages\/113\/revisions"}],"wp:attachment":[{"href":"https:\/\/megalottoonline.com\/pt-pt\/wp-json\/wp\/v2\/media?parent=113"}],"curies":[{"name":"wp","href":"https:\/\/api.w.org\/{rel}","templated":true}]}}