{"id":116,"date":"2024-09-09T19:24:53","date_gmt":"2024-09-09T18:24:53","guid":{"rendered":"https:\/\/megalottoonline.com\/dom\/"},"modified":"2024-09-09T19:24:53","modified_gmt":"2024-09-09T18:24:53","slug":"dom","status":"publish","type":"page","link":"https:\/\/megalottoonline.com\/pl\/","title":{"rendered":"Dom"},"content":{"rendered":"<h2>Jak gra\u0107 w \u015bwiatowe loterie online<\/h2>\n<p>Czy kiedykolwiek gra\u0142e\u015b w loteri\u0119 ca\u0142kowicie online? Je\u015bli nie, to nie jeste\u015b sam. Zbyt wiele os\u00f3b nigdy nie rozwa\u017ca\u0142o gry w loteri\u0119 online i jest to zdecydowanie niefortunne, poniewa\u017c istnieje wiele wspania\u0142ych mo\u017cliwo\u015bci, kt\u00f3re mo\u017cesz w ten spos\u00f3b mie\u0107. W ko\u0144cu b\u0119dziesz m\u00f3g\u0142 gra\u0107 w jeszcze wi\u0119cej gier, pr\u00f3bowa\u0107 nowych rzeczy i o wiele wi\u0119cej, gdy b\u0119dziesz online.<\/p>\n<h2>Dlaczego gra\u0107 w \u015bwiatowe loterie?<\/h2>\n<p>Granie w gry loteryjne z r\u00f3\u017cnych cz\u0119\u015bci \u015bwiata otwiera przed Tob\u0105 jeszcze wi\u0119cej mo\u017cliwo\u015bci. B\u0119dziesz m\u00f3g\u0142 przyjrze\u0107 si\u0119 r\u00f3\u017cnym grom, w kt\u00f3re graj\u0105 ludzie z innych kraj\u00f3w, a to da Ci kolejn\u0105 szans\u0119 na du\u017ce nagrody. Dlaczego nie chcia\u0142by\u015b spr\u00f3bowa\u0107 i zobaczy\u0107, ile mo\u017cesz wygra\u0107 w kolejnej grze?<\/p>\n<p>Nie musisz by\u0107 ograniczony do kilku gier, kt\u00f3re s\u0105 dost\u0119pne w Twojej okolicy, gdy b\u0119dziesz online. Zamiast tego mo\u017cesz przyjrze\u0107 si\u0119 kilku r\u00f3\u017cnym wyborom, po prostu, aby si\u0119 dobrze bawi\u0107. Kiedy to zrobisz, odkryjesz, \u017ce istniej\u0105 gry loteryjne w r\u00f3\u017cnych cz\u0119\u015bciach \u015bwiata, o kt\u00f3rych by\u0107 mo\u017ce nigdy nie s\u0142ysza\u0142e\u015b. To b\u0119dzie co\u015b wyj\u0105tkowego i przyjemniejszego ni\u017c granie w te same gry w k\u00f3\u0142ko, nie s\u0105dzisz?<\/p>\n<h2>Jak zacz\u0105\u0107<\/h2>\n<p>Je\u015bli jeste\u015b zainteresowany rozpocz\u0119ciem gry w gry loteryjne online, musisz zacz\u0105\u0107 od znalezienia strony internetowej, kt\u00f3ra je oferuje. Mo\u017cesz zacz\u0105\u0107 tutaj, aby zobaczy\u0107 szereg r\u00f3\u017cnych gier loteryjnych z ca\u0142ego \u015bwiata i wybra\u0107 te, w kt\u00f3re chcesz gra\u0107, poniewa\u017c w rzeczywisto\u015bci o wiele \u0142atwiej jest zacz\u0105\u0107 i zdoby\u0107 te gry loteryjne, ni\u017c mog\u0142oby si\u0119 wydawa\u0107.<\/p>\n<p>Dzi\u0119ki <a href=\"https:\/\/RedFoxLotto.com\">RedFoxLotto.com<\/a> wystarczy, \u017ce utworzysz konto, a nast\u0119pnie zdecydujesz, w kt\u00f3r\u0105 gr\u0119 chcesz zagra\u0107 jako pierwsz\u0105. Mo\u017cesz wybiera\u0107 spo\u015br\u00f3d r\u00f3\u017cnych gier, w kt\u00f3re gra si\u0119 na ca\u0142ym \u015bwiecie, a nast\u0119pnie wybra\u0107 numery, kt\u00f3re chcesz. W rzeczywisto\u015bci mo\u017cesz wybra\u0107 wszystko na temat swojego kuponu, w tym numery, liczb\u0119 losowa\u0144, liczb\u0119 bilet\u00f3w, kt\u00f3re chcesz i wiele wi\u0119cej.<\/p>\n<p>Po wybraniu wszystkiego wystarczy z\u0142o\u017cy\u0107 zam\u00f3wienie, a kupon zostanie dla Ciebie zakupiony. Nast\u0119pnie czekasz na losowanie i widzisz, co wygra\u0142e\u015b. Nawet ta cz\u0119\u015b\u0107 jest \u0142atwa, poniewa\u017c wystarczy sprawdzi\u0107 swoje konto, aby zobaczy\u0107, jakie by\u0142y zwyci\u0119skie numery, jakie by\u0142y Twoje pasuj\u0105ce numery i ile wygra\u0142e\u015b.<\/p>\n<h2>Ciesz si\u0119 czym\u015b nowym<\/h2>\n<p>Nie popadaj w rutyn\u0119, graj\u0105c w te same gry w k\u00f3\u0142ko. Zamiast tego upewnij si\u0119, \u017ce pr\u00f3bujesz czego\u015b nowego i cieszysz si\u0119 grami, kt\u00f3rych nigdy wcze\u015bniej nie widzia\u0142e\u015b ani o kt\u00f3rych nie s\u0142ysza\u0142e\u015b. Mo\u017cesz by\u0107 zaskoczony ilo\u015bci\u0105 opcji.<\/p>\n","protected":false},"excerpt":{"rendered":"<p>Jak gra\u0107 w \u015bwiatowe loterie online Czy kiedykolwiek gra\u0142e\u015b w loteri\u0119 ca\u0142kowicie online? Je\u015bli nie, to nie jeste\u015b sam. Zbyt wiele os\u00f3b nigdy nie rozwa\u017ca\u0142o gry w loteri\u0119 online i jest to zdecydowanie niefortunne, poniewa\u017c istnieje wiele wspania\u0142ych mo\u017cliwo\u015bci, kt\u00f3re mo\u017cesz w ten spos\u00f3b mie\u0107.&hellip;<\/p>\n","protected":false},"author":1,"featured_media":0,"parent":0,"menu_order":0,"comment_status":"closed","ping_status":"closed","template":"","meta":{"footnotes":""},"class_list":["post-116","page","type-page","status-publish","hentry"],"yoast_head":"<!-- This site is optimized with the Yoast SEO plugin v25.9 - https:\/\/yoast.com\/wordpress\/plugins\/seo\/ -->\n<title>Jak gra\u0107 w \u015bwiatowe loterie online<\/title>\n<meta name=\"robots\" content=\"index, follow, max-snippet:-1, max-image-preview:large, max-video-preview:-1\" \/>\n<link rel=\"canonical\" href=\"https:\/\/megalottoonline.com\/pl\/\" \/>\n<meta property=\"og:locale\" content=\"pl_PL\" \/>\n<meta property=\"og:type\" content=\"article\" \/>\n<meta property=\"og:title\" content=\"Jak gra\u0107 w \u015bwiatowe loterie online\" \/>\n<meta property=\"og:description\" content=\"Jak gra\u0107 w \u015bwiatowe loterie online Czy kiedykolwiek gra\u0142e\u015b w loteri\u0119 ca\u0142kowicie online? Je\u015bli nie, to nie jeste\u015b sam. Zbyt wiele os\u00f3b nigdy nie rozwa\u017ca\u0142o gry w loteri\u0119 online i jest to zdecydowanie niefortunne, poniewa\u017c istnieje wiele wspania\u0142ych mo\u017cliwo\u015bci, kt\u00f3re mo\u017cesz w ten spos\u00f3b mie\u0107.&hellip;\" \/>\n<meta property=\"og:url\" content=\"https:\/\/megalottoonline.com\/pl\/\" \/>\n<meta name=\"twitter:card\" content=\"summary_large_image\" \/>\n<meta name=\"twitter:label1\" content=\"Szacowany czas czytania\" \/>\n\t<meta name=\"twitter:data1\" content=\"2 minuty\" \/>\n<script type=\"application\/ld+json\" class=\"yoast-schema-graph\">{\"@context\":\"https:\/\/schema.org\",\"@graph\":[{\"@type\":\"WebPage\",\"@id\":\"https:\/\/megalottoonline.com\/pl\/\",\"url\":\"https:\/\/megalottoonline.com\/pl\/\",\"name\":\"Jak gra\u0107 w \u015bwiatowe loterie online\",\"isPartOf\":{\"@id\":\"https:\/\/megalottoonline.com\/pl\/#website\"},\"datePublished\":\"2024-09-09T18:24:53+00:00\",\"breadcrumb\":{\"@id\":\"https:\/\/megalottoonline.com\/pl\/#breadcrumb\"},\"inLanguage\":\"pl-PL\",\"potentialAction\":[{\"@type\":\"ReadAction\",\"target\":[\"https:\/\/megalottoonline.com\/pl\/\"]}]},{\"@type\":\"BreadcrumbList\",\"@id\":\"https:\/\/megalottoonline.com\/pl\/#breadcrumb\",\"itemListElement\":[{\"@type\":\"ListItem\",\"position\":1,\"name\":\"Home\",\"item\":\"https:\/\/megalottoonline.com\/pl\/\"},{\"@type\":\"ListItem\",\"position\":2,\"name\":\"Dom\"}]},{\"@type\":\"WebSite\",\"@id\":\"https:\/\/megalottoonline.com\/pl\/#website\",\"url\":\"https:\/\/megalottoonline.com\/pl\/\",\"name\":\"\",\"description\":\"\",\"potentialAction\":[{\"@type\":\"SearchAction\",\"target\":{\"@type\":\"EntryPoint\",\"urlTemplate\":\"https:\/\/megalottoonline.com\/pl\/?s={search_term_string}\"},\"query-input\":{\"@type\":\"PropertyValueSpecification\",\"valueRequired\":true,\"valueName\":\"search_term_string\"}}],\"inLanguage\":\"pl-PL\"}]}<\/script>\n<!-- \/ Yoast SEO plugin. -->","yoast_head_json":{"title":"Jak gra\u0107 w \u015bwiatowe loterie online","robots":{"index":"index","follow":"follow","max-snippet":"max-snippet:-1","max-image-preview":"max-image-preview:large","max-video-preview":"max-video-preview:-1"},"canonical":"https:\/\/megalottoonline.com\/pl\/","og_locale":"pl_PL","og_type":"article","og_title":"Jak gra\u0107 w \u015bwiatowe loterie online","og_description":"Jak gra\u0107 w \u015bwiatowe loterie online Czy kiedykolwiek gra\u0142e\u015b w loteri\u0119 ca\u0142kowicie online? Je\u015bli nie, to nie jeste\u015b sam. Zbyt wiele os\u00f3b nigdy nie rozwa\u017ca\u0142o gry w loteri\u0119 online i jest to zdecydowanie niefortunne, poniewa\u017c istnieje wiele wspania\u0142ych mo\u017cliwo\u015bci, kt\u00f3re mo\u017cesz w ten spos\u00f3b mie\u0107.&hellip;","og_url":"https:\/\/megalottoonline.com\/pl\/","twitter_card":"summary_large_image","twitter_misc":{"Szacowany czas czytania":"2 minuty"},"schema":{"@context":"https:\/\/schema.org","@graph":[{"@type":"WebPage","@id":"https:\/\/megalottoonline.com\/pl\/","url":"https:\/\/megalottoonline.com\/pl\/","name":"Jak gra\u0107 w \u015bwiatowe loterie online","isPartOf":{"@id":"https:\/\/megalottoonline.com\/pl\/#website"},"datePublished":"2024-09-09T18:24:53+00:00","breadcrumb":{"@id":"https:\/\/megalottoonline.com\/pl\/#breadcrumb"},"inLanguage":"pl-PL","potentialAction":[{"@type":"ReadAction","target":["https:\/\/megalottoonline.com\/pl\/"]}]},{"@type":"BreadcrumbList","@id":"https:\/\/megalottoonline.com\/pl\/#breadcrumb","itemListElement":[{"@type":"ListItem","position":1,"name":"Home","item":"https:\/\/megalottoonline.com\/pl\/"},{"@type":"ListItem","position":2,"name":"Dom"}]},{"@type":"WebSite","@id":"https:\/\/megalottoonline.com\/pl\/#website","url":"https:\/\/megalottoonline.com\/pl\/","name":"","description":"","potentialAction":[{"@type":"SearchAction","target":{"@type":"EntryPoint","urlTemplate":"https:\/\/megalottoonline.com\/pl\/?s={search_term_string}"},"query-input":{"@type":"PropertyValueSpecification","valueRequired":true,"valueName":"search_term_string"}}],"inLanguage":"pl-PL"}]}},"_links":{"self":[{"href":"https:\/\/megalottoonline.com\/pl\/wp-json\/wp\/v2\/pages\/116","targetHints":{"allow":["GET"]}}],"collection":[{"href":"https:\/\/megalottoonline.com\/pl\/wp-json\/wp\/v2\/pages"}],"about":[{"href":"https:\/\/megalottoonline.com\/pl\/wp-json\/wp\/v2\/types\/page"}],"author":[{"embeddable":true,"href":"https:\/\/megalottoonline.com\/pl\/wp-json\/wp\/v2\/users\/1"}],"replies":[{"embeddable":true,"href":"https:\/\/megalottoonline.com\/pl\/wp-json\/wp\/v2\/comments?post=116"}],"version-history":[{"count":0,"href":"https:\/\/megalottoonline.com\/pl\/wp-json\/wp\/v2\/pages\/116\/revisions"}],"wp:attachment":[{"href":"https:\/\/megalottoonline.com\/pl\/wp-json\/wp\/v2\/media?parent=116"}],"curies":[{"name":"wp","href":"https:\/\/api.w.org\/{rel}","templated":true}]}}