{"id":115,"date":"2024-09-09T19:24:53","date_gmt":"2024-09-09T18:24:53","guid":{"rendered":"https:\/\/megalottoonline.com\/hjem\/"},"modified":"2024-09-09T19:24:53","modified_gmt":"2024-09-09T18:24:53","slug":"hjem","status":"publish","type":"page","link":"https:\/\/megalottoonline.com\/no\/","title":{"rendered":"Hjem"},"content":{"rendered":"<h2>Hvordan spille lotterier over hele verden p\u00e5 nett<\/h2>\n<p>Har du noen gang spilt lotto utelukkende p\u00e5 nett? Hvis ikke, er du ikke alene. Altfor mange har aldri vurdert \u00e5 spille lotto p\u00e5 nett, og det er definitivt uheldig, for det finnes mange flotte muligheter du kan ha p\u00e5 den m\u00e5ten. Tross alt vil du kunne spille enda flere spill, pr\u00f8ve nye ting og mye mer n\u00e5r du kommer p\u00e5 nett.<\/p>\n<h2>Hvorfor spille lotterier over hele verden?<\/h2>\n<p>\u00c5 spille lotterispill fra forskjellige deler av verden \u00e5pner opp enda flere muligheter for deg. Du vil kunne se p\u00e5 de forskjellige spillene som folk i andre land spiller, og det vil gi deg enda en sjanse til \u00e5 vinne store premier. Hvorfor skulle du ikke pr\u00f8ve det og se hvor mye du kan vinne p\u00e5 enda et spill?<\/p>\n<p>Du trenger ikke \u00e5 v\u00e6re begrenset til bare noen f\u00e5 spill som er tilgjengelige i ditt lokale omr\u00e5de n\u00e5r du kommer p\u00e5 nett. I stedet kan du se p\u00e5 flere forskjellige valg bare for \u00e5 ha det g\u00f8y ogs\u00e5. N\u00e5r du gj\u00f8r det, vil du oppdage at det finnes lotterispill i forskjellige deler av verden som du kanskje aldri har h\u00f8rt om. Det kommer til \u00e5 v\u00e6re noe unikt og morsommere enn \u00e5 spille de samme spillene om og om igjen, synes du ikke?<\/p>\n<h2>Hvordan komme i gang<\/h2>\n<p>Hvis du er interessert i \u00e5 komme i gang med lotterispill p\u00e5 nett, m\u00e5 du begynne med \u00e5 finne et nettsted som tilbyr dem. Du kan starte her for \u00e5 se en rekke forskjellige lotterispill fra hele verden og velge ut de du vil spille, fordi det faktisk er mye enklere \u00e5 komme i gang og f\u00e5 tak i disse lotterispillene enn du kanskje tror.<\/p>\n<p>Med\u00a0<a href=\"https:\/\/RedFoxLotto.com\">RedFoxLotto.com<\/a> trenger du bare \u00e5 opprette en konto og deretter bestemme hvilket spill du vil spille f\u00f8rst. Du kan velge mellom en rekke forskjellige spill som spilles over hele verden, og deretter f\u00e5r du velge ut tallene du \u00f8nsker. Faktisk kan du velge alt om kupongen din, inkludert tallene, antall trekninger, hvor mange kuponger du \u00f8nsker og mer.<\/p>\n<p>N\u00e5r du har valgt alt, legger du bare inn bestillingen din, og kupongen er kj\u00f8pt for deg. Deretter venter du til trekningen og ser hva du har vunnet. Selv den delen er enkel, fordi alt du trenger \u00e5 gj\u00f8re er \u00e5 sjekke kontoen din for \u00e5 se hva vinnertallene var, hva matchende tall var og hvor mye du har vunnet.<\/p>\n<h2>Kos deg med noe nytt<\/h2>\n<p>Ikke bli sittende fast i en rutine med \u00e5 spille bare de samme spillene om og om igjen. S\u00f8rg i stedet for at du pr\u00f8ver noe nytt og koser deg med spill som du kanskje aldri har sett eller h\u00f8rt om f\u00f8r. Du kan bli overrasket over alle alternativene.<\/p>\n","protected":false},"excerpt":{"rendered":"<p>Hvordan spille lotterier over hele verden p\u00e5 nett Har du noen gang spilt lotto utelukkende p\u00e5 nett? Hvis ikke, er du ikke alene. Altfor mange har aldri vurdert \u00e5 spille lotto p\u00e5 nett, og det er definitivt uheldig, for det finnes mange flotte muligheter du&hellip;<\/p>\n","protected":false},"author":1,"featured_media":0,"parent":0,"menu_order":0,"comment_status":"closed","ping_status":"closed","template":"","meta":{"footnotes":""},"class_list":["post-115","page","type-page","status-publish","hentry"],"yoast_head":"<!-- This site is optimized with the Yoast SEO plugin v25.9 - https:\/\/yoast.com\/wordpress\/plugins\/seo\/ -->\n<title>Slik spiller du verdensomspennende lotterier p\u00e5 nett<\/title>\n<meta name=\"robots\" content=\"index, follow, max-snippet:-1, max-image-preview:large, max-video-preview:-1\" \/>\n<link rel=\"canonical\" href=\"https:\/\/megalottoonline.com\/no\/\" \/>\n<meta property=\"og:locale\" content=\"nb_NO\" \/>\n<meta property=\"og:type\" content=\"article\" \/>\n<meta property=\"og:title\" content=\"Slik spiller du verdensomspennende lotterier p\u00e5 nett\" \/>\n<meta property=\"og:description\" content=\"Hvordan spille lotterier over hele verden p\u00e5 nett Har du noen gang spilt lotto utelukkende p\u00e5 nett? Hvis ikke, er du ikke alene. Altfor mange har aldri vurdert \u00e5 spille lotto p\u00e5 nett, og det er definitivt uheldig, for det finnes mange flotte muligheter du&hellip;\" \/>\n<meta property=\"og:url\" content=\"https:\/\/megalottoonline.com\/no\/\" \/>\n<meta name=\"twitter:card\" content=\"summary_large_image\" \/>\n<meta name=\"twitter:label1\" content=\"Ansl. lesetid\" \/>\n\t<meta name=\"twitter:data1\" content=\"2 minutter\" \/>\n<script type=\"application\/ld+json\" class=\"yoast-schema-graph\">{\"@context\":\"https:\/\/schema.org\",\"@graph\":[{\"@type\":\"WebPage\",\"@id\":\"https:\/\/megalottoonline.com\/no\/\",\"url\":\"https:\/\/megalottoonline.com\/no\/\",\"name\":\"Slik spiller du verdensomspennende lotterier p\u00e5 nett\",\"isPartOf\":{\"@id\":\"https:\/\/megalottoonline.com\/no\/#website\"},\"datePublished\":\"2024-09-09T18:24:53+00:00\",\"breadcrumb\":{\"@id\":\"https:\/\/megalottoonline.com\/no\/#breadcrumb\"},\"inLanguage\":\"nb-NO\",\"potentialAction\":[{\"@type\":\"ReadAction\",\"target\":[\"https:\/\/megalottoonline.com\/no\/\"]}]},{\"@type\":\"BreadcrumbList\",\"@id\":\"https:\/\/megalottoonline.com\/no\/#breadcrumb\",\"itemListElement\":[{\"@type\":\"ListItem\",\"position\":1,\"name\":\"Home\",\"item\":\"https:\/\/megalottoonline.com\/no\/\"},{\"@type\":\"ListItem\",\"position\":2,\"name\":\"Hjem\"}]},{\"@type\":\"WebSite\",\"@id\":\"https:\/\/megalottoonline.com\/no\/#website\",\"url\":\"https:\/\/megalottoonline.com\/no\/\",\"name\":\"\",\"description\":\"\",\"potentialAction\":[{\"@type\":\"SearchAction\",\"target\":{\"@type\":\"EntryPoint\",\"urlTemplate\":\"https:\/\/megalottoonline.com\/no\/?s={search_term_string}\"},\"query-input\":{\"@type\":\"PropertyValueSpecification\",\"valueRequired\":true,\"valueName\":\"search_term_string\"}}],\"inLanguage\":\"nb-NO\"}]}<\/script>\n<!-- \/ Yoast SEO plugin. -->","yoast_head_json":{"title":"Slik spiller du verdensomspennende lotterier p\u00e5 nett","robots":{"index":"index","follow":"follow","max-snippet":"max-snippet:-1","max-image-preview":"max-image-preview:large","max-video-preview":"max-video-preview:-1"},"canonical":"https:\/\/megalottoonline.com\/no\/","og_locale":"nb_NO","og_type":"article","og_title":"Slik spiller du verdensomspennende lotterier p\u00e5 nett","og_description":"Hvordan spille lotterier over hele verden p\u00e5 nett Har du noen gang spilt lotto utelukkende p\u00e5 nett? Hvis ikke, er du ikke alene. Altfor mange har aldri vurdert \u00e5 spille lotto p\u00e5 nett, og det er definitivt uheldig, for det finnes mange flotte muligheter du&hellip;","og_url":"https:\/\/megalottoonline.com\/no\/","twitter_card":"summary_large_image","twitter_misc":{"Ansl. lesetid":"2 minutter"},"schema":{"@context":"https:\/\/schema.org","@graph":[{"@type":"WebPage","@id":"https:\/\/megalottoonline.com\/no\/","url":"https:\/\/megalottoonline.com\/no\/","name":"Slik spiller du verdensomspennende lotterier p\u00e5 nett","isPartOf":{"@id":"https:\/\/megalottoonline.com\/no\/#website"},"datePublished":"2024-09-09T18:24:53+00:00","breadcrumb":{"@id":"https:\/\/megalottoonline.com\/no\/#breadcrumb"},"inLanguage":"nb-NO","potentialAction":[{"@type":"ReadAction","target":["https:\/\/megalottoonline.com\/no\/"]}]},{"@type":"BreadcrumbList","@id":"https:\/\/megalottoonline.com\/no\/#breadcrumb","itemListElement":[{"@type":"ListItem","position":1,"name":"Home","item":"https:\/\/megalottoonline.com\/no\/"},{"@type":"ListItem","position":2,"name":"Hjem"}]},{"@type":"WebSite","@id":"https:\/\/megalottoonline.com\/no\/#website","url":"https:\/\/megalottoonline.com\/no\/","name":"","description":"","potentialAction":[{"@type":"SearchAction","target":{"@type":"EntryPoint","urlTemplate":"https:\/\/megalottoonline.com\/no\/?s={search_term_string}"},"query-input":{"@type":"PropertyValueSpecification","valueRequired":true,"valueName":"search_term_string"}}],"inLanguage":"nb-NO"}]}},"_links":{"self":[{"href":"https:\/\/megalottoonline.com\/no\/wp-json\/wp\/v2\/pages\/115","targetHints":{"allow":["GET"]}}],"collection":[{"href":"https:\/\/megalottoonline.com\/no\/wp-json\/wp\/v2\/pages"}],"about":[{"href":"https:\/\/megalottoonline.com\/no\/wp-json\/wp\/v2\/types\/page"}],"author":[{"embeddable":true,"href":"https:\/\/megalottoonline.com\/no\/wp-json\/wp\/v2\/users\/1"}],"replies":[{"embeddable":true,"href":"https:\/\/megalottoonline.com\/no\/wp-json\/wp\/v2\/comments?post=115"}],"version-history":[{"count":0,"href":"https:\/\/megalottoonline.com\/no\/wp-json\/wp\/v2\/pages\/115\/revisions"}],"wp:attachment":[{"href":"https:\/\/megalottoonline.com\/no\/wp-json\/wp\/v2\/media?parent=115"}],"curies":[{"name":"wp","href":"https:\/\/api.w.org\/{rel}","templated":true}]}}