{"id":445,"date":"2024-09-09T19:24:53","date_gmt":"2024-09-09T18:24:53","guid":{"rendered":"https:\/\/megalottoonline.com\/sakums\/"},"modified":"2024-09-09T19:24:53","modified_gmt":"2024-09-09T18:24:53","slug":"sakums","status":"publish","type":"page","link":"https:\/\/megalottoonline.com\/lv\/","title":{"rendered":"S\u0101kums"},"content":{"rendered":"<h2>K\u0101 sp\u0113l\u0113t loterijas vis\u0101 pasaul\u0113 tie\u0161saist\u0113<\/h2>\n<p>Vai esat k\u0101dreiz sp\u0113l\u0113jis loteriju piln\u012bb\u0101 tie\u0161saist\u0113? Ja n\u0113, tad neesat viens. P\u0101r\u0101k daudzi cilv\u0113ki nekad nav apsv\u0113ru\u0161i iesp\u0113ju sp\u0113l\u0113t loteriju tie\u0161saist\u0113, un tas noteikti ir \u017e\u0113l, jo \u0161\u0101d\u0101 veid\u0101 ir daudz lielisku iesp\u0113ju. Galu gal\u0101, kad piesl\u0113dzaties tie\u0161saist\u0113, var\u0113siet sp\u0113l\u0113t v\u0113l vair\u0101k sp\u0113\u013cu, izm\u0113\u0123in\u0101t jaunas lietas un daudz ko citu.<\/p>\n<h2>K\u0101p\u0113c sp\u0113l\u0113t loterijas vis\u0101 pasaul\u0113?<\/h2>\n<p>Loterijas sp\u0113\u013cu sp\u0113l\u0113\u0161ana no da\u017e\u0101d\u0101m pasaules mal\u0101m paver v\u0113l vair\u0101k iesp\u0113ju. J\u016bs var\u0113siet apskat\u012bt da\u017e\u0101das sp\u0113les, ko sp\u0113l\u0113 cilv\u0113ki cit\u0101s valst\u012bs, un tas dos jums v\u0113l vienu iesp\u0113ju laim\u0113t lielas balvas. K\u0101p\u0113c gan neizm\u0113\u0123in\u0101t un redz\u0113t, cik daudz j\u016bs var\u0113tu laim\u0113t v\u0113l vien\u0101 sp\u0113l\u0113?<\/p>\n<p>Kad piesl\u0113dzaties tie\u0161saist\u0113, jums nav j\u0101aprobe\u017eojas tikai ar da\u017e\u0101m sp\u0113l\u0113m, kas ir pieejamas j\u016bsu re\u0123ion\u0101. T\u0101 viet\u0101 varat apskat\u012bt vair\u0101kas da\u017e\u0101das izv\u0113les iesp\u0113jas, lai ar\u012b k\u0101 izklaid\u0113tos. Kad to izdar\u012bsiet, j\u016bs atkl\u0101siet, ka da\u017e\u0101d\u0101s pasaules da\u013c\u0101s ir loterijas sp\u0113les, par kur\u0101m j\u016bs, iesp\u0113jams, pat neesat dzird\u0113ju\u0161i. Tas b\u016bs kaut kas unik\u0101ls un pat\u012bkam\u0101ks nek\u0101 sp\u0113l\u0113t vienas un t\u0101s pa\u0161as sp\u0113les atkal un atkal, vai ne?<\/p>\n<h2>K\u0101 s\u0101kt<\/h2>\n<p>Ja j\u016bs interes\u0113 s\u0101kt sp\u0113l\u0113t tie\u0161saistes loterijas sp\u0113les, jums j\u0101s\u0101k ar vietnes atra\u0161anu, kas t\u0101s pied\u0101v\u0101. J\u016bs varat s\u0101kt tie\u0161i \u0161eit, lai apskat\u012btu da\u017e\u0101das loterijas sp\u0113les no visas pasaules un izv\u0113l\u0113tos t\u0101s, kuras v\u0113laties sp\u0113l\u0113t, jo paties\u012bb\u0101 ir daudz viegl\u0101k s\u0101kt un ieg\u016bt \u0161\u012bs loterijas sp\u0113les, nek\u0101 j\u016bs var\u0113tu dom\u0101t.<\/p>\n<p>Ar\u00a0<a href=\"https:\/\/RedFoxLotto.com\">RedFoxLotto.com<\/a> jums tikai j\u0101izveido konts un p\u0113c tam j\u0101izlemj, kuru sp\u0113li v\u0113laties sp\u0113l\u0113t vispirms. J\u016bs varat izv\u0113l\u0113ties no da\u017e\u0101d\u0101m sp\u0113l\u0113m, kas tiek sp\u0113l\u0113tas vis\u0101 pasaul\u0113, un p\u0113c tam varat izv\u0113l\u0113ties v\u0113lamos skait\u013cus. Paties\u012bb\u0101 j\u016bs pats varat izv\u0113l\u0113ties visu par savu bi\u013ceti, tostarp skait\u013cus, izlo\u017eu skaitu, v\u0113lamo bi\u013ce\u0161u skaitu un daudz ko citu.<\/p>\n<p>Kad viss ir izv\u0113l\u0113ts, vienk\u0101r\u0161i veiciet pas\u016bt\u012bjumu, un bi\u013cete jums tiks nopirkta. P\u0113c tam j\u016bs gaid\u0101t l\u012bdz izlozei un redzat, ko esat laim\u0113jis. Pat \u0161\u012b da\u013ca ir vienk\u0101r\u0161a, jo viss, kas jums j\u0101dara, ir j\u0101p\u0101rbauda savs konts, lai redz\u0113tu, k\u0101di bija laim\u0113ju\u0161ie skait\u013ci, k\u0101di bija j\u016bsu atbilsto\u0161ie skait\u013ci un cik daudz esat laim\u0113jis.<\/p>\n<h2>Izbaudiet kaut ko jaunu<\/h2>\n<p>Neiesl\u012bgstiet rut\u012bn\u0101, sp\u0113l\u0113jot tikai vienas un t\u0101s pa\u0161as sp\u0113les atkal un atkal. T\u0101 viet\u0101 p\u0101rliecinieties, ka izm\u0113\u0123in\u0101t kaut ko jaunu un izbaud\u0101t sp\u0113les, kuras, iesp\u0113jams, nekad iepriek\u0161 neesat redz\u0113ju\u0161i vai dzird\u0113ju\u0161i. J\u016bs var\u0113tu p\u0101rsteigt visas iesp\u0113jas.<\/p>\n","protected":false},"excerpt":{"rendered":"<p>K\u0101 sp\u0113l\u0113t loterijas vis\u0101 pasaul\u0113 tie\u0161saist\u0113 Vai esat k\u0101dreiz sp\u0113l\u0113jis loteriju piln\u012bb\u0101 tie\u0161saist\u0113? Ja n\u0113, tad neesat viens. P\u0101r\u0101k daudzi cilv\u0113ki nekad nav apsv\u0113ru\u0161i iesp\u0113ju sp\u0113l\u0113t loteriju tie\u0161saist\u0113, un tas noteikti ir \u017e\u0113l, jo \u0161\u0101d\u0101 veid\u0101 ir daudz lielisku iesp\u0113ju. Galu gal\u0101, kad piesl\u0113dzaties tie\u0161saist\u0113,&hellip;<\/p>\n","protected":false},"author":1,"featured_media":0,"parent":0,"menu_order":0,"comment_status":"closed","ping_status":"closed","template":"","meta":{"footnotes":""},"class_list":["post-445","page","type-page","status-publish","hentry"],"yoast_head":"<!-- This site is optimized with the Yoast SEO plugin v25.9 - https:\/\/yoast.com\/wordpress\/plugins\/seo\/ -->\n<title>K\u0101 sp\u0113l\u0113t loterijas vis\u0101 pasaul\u0113 tie\u0161saist\u0113<\/title>\n<meta name=\"robots\" content=\"index, follow, max-snippet:-1, max-image-preview:large, max-video-preview:-1\" \/>\n<link rel=\"canonical\" href=\"https:\/\/megalottoonline.com\/lv\/\" \/>\n<meta property=\"og:locale\" content=\"lv_LV\" \/>\n<meta property=\"og:type\" content=\"article\" \/>\n<meta property=\"og:title\" content=\"K\u0101 sp\u0113l\u0113t loterijas vis\u0101 pasaul\u0113 tie\u0161saist\u0113\" \/>\n<meta property=\"og:description\" content=\"K\u0101 sp\u0113l\u0113t loterijas vis\u0101 pasaul\u0113 tie\u0161saist\u0113 Vai esat k\u0101dreiz sp\u0113l\u0113jis loteriju piln\u012bb\u0101 tie\u0161saist\u0113? Ja n\u0113, tad neesat viens. P\u0101r\u0101k daudzi cilv\u0113ki nekad nav apsv\u0113ru\u0161i iesp\u0113ju sp\u0113l\u0113t loteriju tie\u0161saist\u0113, un tas noteikti ir \u017e\u0113l, jo \u0161\u0101d\u0101 veid\u0101 ir daudz lielisku iesp\u0113ju. Galu gal\u0101, kad piesl\u0113dzaties tie\u0161saist\u0113,&hellip;\" \/>\n<meta property=\"og:url\" content=\"https:\/\/megalottoonline.com\/lv\/\" \/>\n<meta name=\"twitter:card\" content=\"summary_large_image\" \/>\n<meta name=\"twitter:label1\" content=\"Est. reading time\" \/>\n\t<meta name=\"twitter:data1\" content=\"3 minutes\" \/>\n<script type=\"application\/ld+json\" class=\"yoast-schema-graph\">{\"@context\":\"https:\/\/schema.org\",\"@graph\":[{\"@type\":\"WebPage\",\"@id\":\"https:\/\/megalottoonline.com\/lv\/\",\"url\":\"https:\/\/megalottoonline.com\/lv\/\",\"name\":\"K\u0101 sp\u0113l\u0113t loterijas vis\u0101 pasaul\u0113 tie\u0161saist\u0113\",\"isPartOf\":{\"@id\":\"https:\/\/megalottoonline.com\/lv\/#website\"},\"datePublished\":\"2024-09-09T18:24:53+00:00\",\"breadcrumb\":{\"@id\":\"https:\/\/megalottoonline.com\/lv\/#breadcrumb\"},\"inLanguage\":\"lv-LV\",\"potentialAction\":[{\"@type\":\"ReadAction\",\"target\":[\"https:\/\/megalottoonline.com\/lv\/\"]}]},{\"@type\":\"BreadcrumbList\",\"@id\":\"https:\/\/megalottoonline.com\/lv\/#breadcrumb\",\"itemListElement\":[{\"@type\":\"ListItem\",\"position\":1,\"name\":\"Home\",\"item\":\"https:\/\/megalottoonline.com\/lv\/\"},{\"@type\":\"ListItem\",\"position\":2,\"name\":\"S\u0101kums\"}]},{\"@type\":\"WebSite\",\"@id\":\"https:\/\/megalottoonline.com\/lv\/#website\",\"url\":\"https:\/\/megalottoonline.com\/lv\/\",\"name\":\"\",\"description\":\"\",\"potentialAction\":[{\"@type\":\"SearchAction\",\"target\":{\"@type\":\"EntryPoint\",\"urlTemplate\":\"https:\/\/megalottoonline.com\/lv\/?s={search_term_string}\"},\"query-input\":{\"@type\":\"PropertyValueSpecification\",\"valueRequired\":true,\"valueName\":\"search_term_string\"}}],\"inLanguage\":\"lv-LV\"}]}<\/script>\n<!-- \/ Yoast SEO plugin. -->","yoast_head_json":{"title":"K\u0101 sp\u0113l\u0113t loterijas vis\u0101 pasaul\u0113 tie\u0161saist\u0113","robots":{"index":"index","follow":"follow","max-snippet":"max-snippet:-1","max-image-preview":"max-image-preview:large","max-video-preview":"max-video-preview:-1"},"canonical":"https:\/\/megalottoonline.com\/lv\/","og_locale":"lv_LV","og_type":"article","og_title":"K\u0101 sp\u0113l\u0113t loterijas vis\u0101 pasaul\u0113 tie\u0161saist\u0113","og_description":"K\u0101 sp\u0113l\u0113t loterijas vis\u0101 pasaul\u0113 tie\u0161saist\u0113 Vai esat k\u0101dreiz sp\u0113l\u0113jis loteriju piln\u012bb\u0101 tie\u0161saist\u0113? Ja n\u0113, tad neesat viens. P\u0101r\u0101k daudzi cilv\u0113ki nekad nav apsv\u0113ru\u0161i iesp\u0113ju sp\u0113l\u0113t loteriju tie\u0161saist\u0113, un tas noteikti ir \u017e\u0113l, jo \u0161\u0101d\u0101 veid\u0101 ir daudz lielisku iesp\u0113ju. Galu gal\u0101, kad piesl\u0113dzaties tie\u0161saist\u0113,&hellip;","og_url":"https:\/\/megalottoonline.com\/lv\/","twitter_card":"summary_large_image","twitter_misc":{"Est. reading time":"3 minutes"},"schema":{"@context":"https:\/\/schema.org","@graph":[{"@type":"WebPage","@id":"https:\/\/megalottoonline.com\/lv\/","url":"https:\/\/megalottoonline.com\/lv\/","name":"K\u0101 sp\u0113l\u0113t loterijas vis\u0101 pasaul\u0113 tie\u0161saist\u0113","isPartOf":{"@id":"https:\/\/megalottoonline.com\/lv\/#website"},"datePublished":"2024-09-09T18:24:53+00:00","breadcrumb":{"@id":"https:\/\/megalottoonline.com\/lv\/#breadcrumb"},"inLanguage":"lv-LV","potentialAction":[{"@type":"ReadAction","target":["https:\/\/megalottoonline.com\/lv\/"]}]},{"@type":"BreadcrumbList","@id":"https:\/\/megalottoonline.com\/lv\/#breadcrumb","itemListElement":[{"@type":"ListItem","position":1,"name":"Home","item":"https:\/\/megalottoonline.com\/lv\/"},{"@type":"ListItem","position":2,"name":"S\u0101kums"}]},{"@type":"WebSite","@id":"https:\/\/megalottoonline.com\/lv\/#website","url":"https:\/\/megalottoonline.com\/lv\/","name":"","description":"","potentialAction":[{"@type":"SearchAction","target":{"@type":"EntryPoint","urlTemplate":"https:\/\/megalottoonline.com\/lv\/?s={search_term_string}"},"query-input":{"@type":"PropertyValueSpecification","valueRequired":true,"valueName":"search_term_string"}}],"inLanguage":"lv-LV"}]}},"_links":{"self":[{"href":"https:\/\/megalottoonline.com\/lv\/wp-json\/wp\/v2\/pages\/445","targetHints":{"allow":["GET"]}}],"collection":[{"href":"https:\/\/megalottoonline.com\/lv\/wp-json\/wp\/v2\/pages"}],"about":[{"href":"https:\/\/megalottoonline.com\/lv\/wp-json\/wp\/v2\/types\/page"}],"author":[{"embeddable":true,"href":"https:\/\/megalottoonline.com\/lv\/wp-json\/wp\/v2\/users\/1"}],"replies":[{"embeddable":true,"href":"https:\/\/megalottoonline.com\/lv\/wp-json\/wp\/v2\/comments?post=445"}],"version-history":[{"count":0,"href":"https:\/\/megalottoonline.com\/lv\/wp-json\/wp\/v2\/pages\/445\/revisions"}],"wp:attachment":[{"href":"https:\/\/megalottoonline.com\/lv\/wp-json\/wp\/v2\/media?parent=445"}],"curies":[{"name":"wp","href":"https:\/\/api.w.org\/{rel}","templated":true}]}}