{"id":446,"date":"2024-09-09T19:24:53","date_gmt":"2024-09-09T18:24:53","guid":{"rendered":"https:\/\/megalottoonline.com\/pradzia\/"},"modified":"2024-09-09T19:24:53","modified_gmt":"2024-09-09T18:24:53","slug":"pradzia","status":"publish","type":"page","link":"https:\/\/megalottoonline.com\/lt\/","title":{"rendered":"Prad\u017eia"},"content":{"rendered":"<h2>Kaip \u017eaisti pasaulines loterijas internetu<\/h2>\n<p>Ar kada nors \u017eaid\u0117te loterij\u0105 tik internetu? Jei ne, vadinasi, nesate vieni. Per daug \u017emoni\u0173 niekada nesvarst\u0117 galimyb\u0117s \u017eaisti loterij\u0105 internetu ir tai tikrai gaila, nes tokiu b\u016bdu atsiveria daugyb\u0117 puiki\u0173 galimybi\u0173. Juk prisijung\u0119 prie interneto gal\u0117site \u017eaisti dar daugiau \u017eaidim\u0173, i\u0161bandyti nauj\u0173 dalyk\u0173 ir daug daugiau.<\/p>\n<h2>Kod\u0117l verta \u017eaisti pasaulines loterijas?<\/h2>\n<p>Loterij\u0173 \u017eaidim\u0173 \u017eaidimas i\u0161 skirting\u0173 pasaulio \u0161ali\u0173 atveria dar daugiau galimybi\u0173. Gal\u0117site per\u017ei\u016br\u0117ti skirtingus \u017eaidimus, kuriuos \u017eaid\u017eia \u017emon\u0117s kitose \u0161alyse, ir tai suteiks jums dar vien\u0105 galimyb\u0119 laim\u0117ti didelius prizus. Kod\u0117l gi nepaband\u017eius ir nepama\u010dius, kiek galite laim\u0117ti dar viename \u017eaidime?<\/p>\n<p>Prisijung\u0119 prie interneto, jums nereikia apsiriboti tik keliais \u017eaidimais, kurie yra prieinami j\u016bs\u0173 vietov\u0117je. Vietoj to, galite per\u017ei\u016br\u0117ti kelet\u0105 skirting\u0173 variant\u0173, kad tiesiog smagiai praleistum\u0117te laik\u0105. Kai tai padarysite, pamatysite, kad skirtingose \u200b\u200bpasaulio dalyse yra loterij\u0173 \u017eaidim\u0173, apie kuriuos galb\u016bt net negird\u0117jote. Tai bus ka\u017ekas unikalaus ir malonesnio nei \u017eaisti tuos pa\u010dius \u017eaidimus v\u0117l ir v\u0117l, ar nemanote?<\/p>\n<h2>Kaip prad\u0117ti<\/h2>\n<p>Jei norite prad\u0117ti \u017eaisti internetinius loterij\u0173 \u017eaidimus, pirmiausia turite susirasti svetain\u0119, kurioje jie si\u016blomi. Galite prad\u0117ti \u010dia pat, kad pamatytum\u0117te \u012fvairius loterij\u0173 \u017eaidimus i\u0161 viso pasaulio ir i\u0161sirinktum\u0117te tuos, kuriuos norite \u017eaisti, nes i\u0161 tikr\u0173j\u0173 prad\u0117ti ir gauti tuos loterijos \u017eaidimus yra daug lengviau, nei galite pamanyti.<\/p>\n<p>Su <a href=\"https:\/\/RedFoxLotto.com\">RedFoxLotto.com<\/a> jums tereikia susikurti paskyr\u0105 ir nuspr\u0119sti, kur\u012f \u017eaidim\u0105 norite \u017eaisti pirmiausia. Galite rinktis i\u0161 daugyb\u0117s skirting\u0173 \u017eaidim\u0173, kurie \u017eaid\u017eiami visame pasaulyje, o tada galite pasirinkti norimus skai\u010dius. Ties\u0105 sakant, j\u016bs galite pasirinkti visk\u0105 apie savo biliet\u0105, \u012fskaitant skai\u010dius, traukim\u0173 skai\u010di\u0173, norim\u0173 biliet\u0173 skai\u010di\u0173 ir kita.<\/p>\n<p>Kai visk\u0105 i\u0161sirinksite, tiesiog pateikite u\u017esakym\u0105 ir bilietas bus nupirktas jums. Tada palaukite iki traukimo ir pamatysite, kiek laim\u0117jote. Net ir \u0161i dalis yra lengva, nes tereikia patikrinti savo s\u0105skait\u0105, kad pamatytum\u0117te, kokie buvo laim\u0117j\u0119 skai\u010diai, kokie buvo j\u016bs\u0173 sutampantys skai\u010diai ir kiek laim\u0117jote.<\/p>\n<h2>M\u0117gaukit\u0117s ka\u017ekuo nauju<\/h2>\n<p>Ne\u012fstrigkite rutinoje \u017eaisdami tik tuos pa\u010dius \u017eaidimus v\u0117l ir v\u0117l. Ver\u010diau \u012fsitikinkite, kad i\u0161bandote k\u0105 nors naujo ir m\u0117gaujat\u0117s \u017eaidimais, kuri\u0173 galb\u016bt niekada anks\u010diau nemat\u0117te ar negird\u0117jote. Jus gali nustebinti visos galimyb\u0117s.<\/p>\n","protected":false},"excerpt":{"rendered":"<p>Kaip \u017eaisti pasaulines loterijas internetu Ar kada nors \u017eaid\u0117te loterij\u0105 tik internetu? Jei ne, vadinasi, nesate vieni. Per daug \u017emoni\u0173 niekada nesvarst\u0117 galimyb\u0117s \u017eaisti loterij\u0105 internetu ir tai tikrai gaila, nes tokiu b\u016bdu atsiveria daugyb\u0117 puiki\u0173 galimybi\u0173. Juk prisijung\u0119 prie interneto gal\u0117site \u017eaisti dar daugiau&hellip;<\/p>\n","protected":false},"author":1,"featured_media":0,"parent":0,"menu_order":0,"comment_status":"closed","ping_status":"closed","template":"","meta":{"footnotes":""},"class_list":["post-446","page","type-page","status-publish","hentry"],"yoast_head":"<!-- This site is optimized with the Yoast SEO plugin v25.9 - https:\/\/yoast.com\/wordpress\/plugins\/seo\/ -->\n<title>Kaip \u017eaisti loterijas visame pasaulyje internetu<\/title>\n<meta name=\"robots\" content=\"index, follow, max-snippet:-1, max-image-preview:large, max-video-preview:-1\" \/>\n<link rel=\"canonical\" href=\"https:\/\/megalottoonline.com\/lt\/\" \/>\n<meta property=\"og:locale\" content=\"lt_LT\" \/>\n<meta property=\"og:type\" content=\"article\" \/>\n<meta property=\"og:title\" content=\"Kaip \u017eaisti loterijas visame pasaulyje internetu\" \/>\n<meta property=\"og:description\" content=\"Kaip \u017eaisti pasaulines loterijas internetu Ar kada nors \u017eaid\u0117te loterij\u0105 tik internetu? Jei ne, vadinasi, nesate vieni. Per daug \u017emoni\u0173 niekada nesvarst\u0117 galimyb\u0117s \u017eaisti loterij\u0105 internetu ir tai tikrai gaila, nes tokiu b\u016bdu atsiveria daugyb\u0117 puiki\u0173 galimybi\u0173. Juk prisijung\u0119 prie interneto gal\u0117site \u017eaisti dar daugiau&hellip;\" \/>\n<meta property=\"og:url\" content=\"https:\/\/megalottoonline.com\/lt\/\" \/>\n<meta name=\"twitter:card\" content=\"summary_large_image\" \/>\n<meta name=\"twitter:label1\" content=\"Est. reading time\" \/>\n\t<meta name=\"twitter:data1\" content=\"2 minut\u0117s\" \/>\n<script type=\"application\/ld+json\" class=\"yoast-schema-graph\">{\"@context\":\"https:\/\/schema.org\",\"@graph\":[{\"@type\":\"WebPage\",\"@id\":\"https:\/\/megalottoonline.com\/lt\/\",\"url\":\"https:\/\/megalottoonline.com\/lt\/\",\"name\":\"Kaip \u017eaisti loterijas visame pasaulyje internetu\",\"isPartOf\":{\"@id\":\"https:\/\/megalottoonline.com\/lt\/#website\"},\"datePublished\":\"2024-09-09T18:24:53+00:00\",\"breadcrumb\":{\"@id\":\"https:\/\/megalottoonline.com\/lt\/#breadcrumb\"},\"inLanguage\":\"lt-LT\",\"potentialAction\":[{\"@type\":\"ReadAction\",\"target\":[\"https:\/\/megalottoonline.com\/lt\/\"]}]},{\"@type\":\"BreadcrumbList\",\"@id\":\"https:\/\/megalottoonline.com\/lt\/#breadcrumb\",\"itemListElement\":[{\"@type\":\"ListItem\",\"position\":1,\"name\":\"Home\",\"item\":\"https:\/\/megalottoonline.com\/lt\/\"},{\"@type\":\"ListItem\",\"position\":2,\"name\":\"Prad\u017eia\"}]},{\"@type\":\"WebSite\",\"@id\":\"https:\/\/megalottoonline.com\/lt\/#website\",\"url\":\"https:\/\/megalottoonline.com\/lt\/\",\"name\":\"\",\"description\":\"\",\"potentialAction\":[{\"@type\":\"SearchAction\",\"target\":{\"@type\":\"EntryPoint\",\"urlTemplate\":\"https:\/\/megalottoonline.com\/lt\/?s={search_term_string}\"},\"query-input\":{\"@type\":\"PropertyValueSpecification\",\"valueRequired\":true,\"valueName\":\"search_term_string\"}}],\"inLanguage\":\"lt-LT\"}]}<\/script>\n<!-- \/ Yoast SEO plugin. -->","yoast_head_json":{"title":"Kaip \u017eaisti loterijas visame pasaulyje internetu","robots":{"index":"index","follow":"follow","max-snippet":"max-snippet:-1","max-image-preview":"max-image-preview:large","max-video-preview":"max-video-preview:-1"},"canonical":"https:\/\/megalottoonline.com\/lt\/","og_locale":"lt_LT","og_type":"article","og_title":"Kaip \u017eaisti loterijas visame pasaulyje internetu","og_description":"Kaip \u017eaisti pasaulines loterijas internetu Ar kada nors \u017eaid\u0117te loterij\u0105 tik internetu? Jei ne, vadinasi, nesate vieni. Per daug \u017emoni\u0173 niekada nesvarst\u0117 galimyb\u0117s \u017eaisti loterij\u0105 internetu ir tai tikrai gaila, nes tokiu b\u016bdu atsiveria daugyb\u0117 puiki\u0173 galimybi\u0173. Juk prisijung\u0119 prie interneto gal\u0117site \u017eaisti dar daugiau&hellip;","og_url":"https:\/\/megalottoonline.com\/lt\/","twitter_card":"summary_large_image","twitter_misc":{"Est. reading time":"2 minut\u0117s"},"schema":{"@context":"https:\/\/schema.org","@graph":[{"@type":"WebPage","@id":"https:\/\/megalottoonline.com\/lt\/","url":"https:\/\/megalottoonline.com\/lt\/","name":"Kaip \u017eaisti loterijas visame pasaulyje internetu","isPartOf":{"@id":"https:\/\/megalottoonline.com\/lt\/#website"},"datePublished":"2024-09-09T18:24:53+00:00","breadcrumb":{"@id":"https:\/\/megalottoonline.com\/lt\/#breadcrumb"},"inLanguage":"lt-LT","potentialAction":[{"@type":"ReadAction","target":["https:\/\/megalottoonline.com\/lt\/"]}]},{"@type":"BreadcrumbList","@id":"https:\/\/megalottoonline.com\/lt\/#breadcrumb","itemListElement":[{"@type":"ListItem","position":1,"name":"Home","item":"https:\/\/megalottoonline.com\/lt\/"},{"@type":"ListItem","position":2,"name":"Prad\u017eia"}]},{"@type":"WebSite","@id":"https:\/\/megalottoonline.com\/lt\/#website","url":"https:\/\/megalottoonline.com\/lt\/","name":"","description":"","potentialAction":[{"@type":"SearchAction","target":{"@type":"EntryPoint","urlTemplate":"https:\/\/megalottoonline.com\/lt\/?s={search_term_string}"},"query-input":{"@type":"PropertyValueSpecification","valueRequired":true,"valueName":"search_term_string"}}],"inLanguage":"lt-LT"}]}},"_links":{"self":[{"href":"https:\/\/megalottoonline.com\/lt\/wp-json\/wp\/v2\/pages\/446","targetHints":{"allow":["GET"]}}],"collection":[{"href":"https:\/\/megalottoonline.com\/lt\/wp-json\/wp\/v2\/pages"}],"about":[{"href":"https:\/\/megalottoonline.com\/lt\/wp-json\/wp\/v2\/types\/page"}],"author":[{"embeddable":true,"href":"https:\/\/megalottoonline.com\/lt\/wp-json\/wp\/v2\/users\/1"}],"replies":[{"embeddable":true,"href":"https:\/\/megalottoonline.com\/lt\/wp-json\/wp\/v2\/comments?post=446"}],"version-history":[{"count":0,"href":"https:\/\/megalottoonline.com\/lt\/wp-json\/wp\/v2\/pages\/446\/revisions"}],"wp:attachment":[{"href":"https:\/\/megalottoonline.com\/lt\/wp-json\/wp\/v2\/media?parent=446"}],"curies":[{"name":"wp","href":"https:\/\/api.w.org\/{rel}","templated":true}]}}