{"id":102,"date":"2024-09-09T19:24:53","date_gmt":"2024-09-09T18:24:53","guid":{"rendered":"https:\/\/megalottoonline.com\/casa\/"},"modified":"2024-09-09T19:24:53","modified_gmt":"2024-09-09T18:24:53","slug":"casa","status":"publish","type":"page","link":"https:\/\/megalottoonline.com\/it\/","title":{"rendered":"Casa"},"content":{"rendered":"<h2>Come giocare alle lotterie mondiali online<\/h2>\n<p>Hai mai giocato alla lotteria interamente online? Se non lo hai fatto, non sei solo. Troppe persone non hanno mai preso in considerazione l&#8217;idea di giocare alla lotteria online e questo \u00e8 decisamente un peccato perch\u00e9 ci sono molte grandi opportunit\u00e0 che puoi avere in questo modo. Dopotutto, quando sarai online potrai giocare a ancora pi\u00f9 giochi, provare cose nuove e molto altro ancora.   <\/p>\n<h2>Perch\u00e9 giocare alle lotterie mondiali?<\/h2>\n<p>Giocare ai giochi della lotteria da diverse parti del mondo ti offre ancora pi\u00f9 opportunit\u00e0. Potrai dare un&#8217;occhiata ai diversi giochi a cui giocano le persone in altri paesi e questo ti dar\u00e0 ancora un&#8217;altra possibilit\u00e0 di vincere grandi premi. Perch\u00e9 non dovresti provarlo e vedere quanto potresti vincere con un altro gioco?  <\/p>\n<p>Non \u00e8 necessario limitarsi a pochi giochi disponibili nella tua zona quando sei online. Invece, puoi dare un&#8217;occhiata a diverse scelte diverse solo per divertirti anche tu. Quando lo fai, scoprirai che ci sono giochi della lotteria in diverse parti del mondo di cui potresti non aver mai nemmeno sentito parlare. Sar\u00e0 qualcosa di unico e pi\u00f9 divertente che giocare agli stessi giochi ancora e ancora, non credi?   <\/p>\n<h2>Come iniziare<\/h2>\n<p>Se sei interessato a iniziare con i giochi della lotteria online, devi iniziare trovandoti un sito web che li offra. Puoi iniziare proprio da qui per vedere una gamma di diversi giochi della lotteria da tutto il mondo e scegliere quelli a cui vuoi giocare perch\u00e9 in realt\u00e0 \u00e8 molto pi\u00f9 facile iniziare e ottenere quei giochi della lotteria di quanto potresti pensare. <\/p>\n<p>Con<a href=\"https:\/\/RedFoxLotto.com\"> RedFoxLotto.com <\/a>devi solo creare un account e poi decidere a quale gioco vuoi giocare per primo. Puoi scegliere tra una gamma di giochi diversi che vengono giocati in tutto il mondo, e poi puoi scegliere i numeri che desideri. In effetti, puoi scegliere tutto sul tuo biglietto, inclusi i numeri, il numero di estrazioni, quanti biglietti desideri e altro ancora.  <\/p>\n<p>Una volta che hai scelto tutto, basta effettuare l&#8217;ordine e il biglietto verr\u00e0 acquistato per te. Quindi aspetti fino all&#8217;estrazione e vedi cosa hai vinto. Anche quella parte \u00e8 semplice perch\u00e9 tutto ci\u00f2 che devi fare \u00e8 controllare il tuo account per vedere quali erano i numeri vincenti, quali erano i numeri corrispondenti e quanto hai vinto.  <\/p>\n<h2>Goditi qualcosa di nuovo<\/h2>\n<p>Non rimanere bloccato nella routine giocando sempre agli stessi giochi. Assicurati invece di provare qualcosa di nuovo e di divertirti con giochi che potresti non aver mai visto o sentito prima. Potresti rimanere sorpreso da tutte le opzioni.  <\/p>\n","protected":false},"excerpt":{"rendered":"<p>Come giocare alle lotterie mondiali online Hai mai giocato alla lotteria interamente online? Se non lo hai fatto, non sei solo. Troppe persone non hanno mai preso in considerazione l&#8217;idea di giocare alla lotteria online e questo \u00e8 decisamente un peccato perch\u00e9 ci sono molte&hellip;<\/p>\n","protected":false},"author":1,"featured_media":0,"parent":0,"menu_order":0,"comment_status":"closed","ping_status":"closed","template":"","meta":{"footnotes":""},"class_list":["post-102","page","type-page","status-publish","hentry"],"yoast_head":"<!-- This site is optimized with the Yoast SEO plugin v25.9 - https:\/\/yoast.com\/wordpress\/plugins\/seo\/ -->\n<title>Come giocare alle lotterie mondiali online<\/title>\n<meta name=\"robots\" content=\"index, follow, max-snippet:-1, max-image-preview:large, max-video-preview:-1\" \/>\n<link rel=\"canonical\" href=\"https:\/\/megalottoonline.com\/it\/\" \/>\n<meta property=\"og:locale\" content=\"it_IT\" \/>\n<meta property=\"og:type\" content=\"article\" \/>\n<meta property=\"og:title\" content=\"Come giocare alle lotterie mondiali online\" \/>\n<meta property=\"og:description\" content=\"Come giocare alle lotterie mondiali online Hai mai giocato alla lotteria interamente online? Se non lo hai fatto, non sei solo. Troppe persone non hanno mai preso in considerazione l&#8217;idea di giocare alla lotteria online e questo \u00e8 decisamente un peccato perch\u00e9 ci sono molte&hellip;\" \/>\n<meta property=\"og:url\" content=\"https:\/\/megalottoonline.com\/it\/\" \/>\n<meta name=\"twitter:card\" content=\"summary_large_image\" \/>\n<meta name=\"twitter:label1\" content=\"Tempo di lettura stimato\" \/>\n\t<meta name=\"twitter:data1\" content=\"2 minuti\" \/>\n<script type=\"application\/ld+json\" class=\"yoast-schema-graph\">{\"@context\":\"https:\/\/schema.org\",\"@graph\":[{\"@type\":\"WebPage\",\"@id\":\"https:\/\/megalottoonline.com\/it\/\",\"url\":\"https:\/\/megalottoonline.com\/it\/\",\"name\":\"Come giocare alle lotterie mondiali online\",\"isPartOf\":{\"@id\":\"https:\/\/megalottoonline.com\/it\/#website\"},\"datePublished\":\"2024-09-09T18:24:53+00:00\",\"breadcrumb\":{\"@id\":\"https:\/\/megalottoonline.com\/it\/#breadcrumb\"},\"inLanguage\":\"it-IT\",\"potentialAction\":[{\"@type\":\"ReadAction\",\"target\":[\"https:\/\/megalottoonline.com\/it\/\"]}]},{\"@type\":\"BreadcrumbList\",\"@id\":\"https:\/\/megalottoonline.com\/it\/#breadcrumb\",\"itemListElement\":[{\"@type\":\"ListItem\",\"position\":1,\"name\":\"Home\",\"item\":\"https:\/\/megalottoonline.com\/it\/casa\/\"},{\"@type\":\"ListItem\",\"position\":2,\"name\":\"Casa\"}]},{\"@type\":\"WebSite\",\"@id\":\"https:\/\/megalottoonline.com\/it\/#website\",\"url\":\"https:\/\/megalottoonline.com\/it\/\",\"name\":\"\",\"description\":\"\",\"potentialAction\":[{\"@type\":\"SearchAction\",\"target\":{\"@type\":\"EntryPoint\",\"urlTemplate\":\"https:\/\/megalottoonline.com\/it\/?s={search_term_string}\"},\"query-input\":{\"@type\":\"PropertyValueSpecification\",\"valueRequired\":true,\"valueName\":\"search_term_string\"}}],\"inLanguage\":\"it-IT\"}]}<\/script>\n<!-- \/ Yoast SEO plugin. -->","yoast_head_json":{"title":"Come giocare alle lotterie mondiali online","robots":{"index":"index","follow":"follow","max-snippet":"max-snippet:-1","max-image-preview":"max-image-preview:large","max-video-preview":"max-video-preview:-1"},"canonical":"https:\/\/megalottoonline.com\/it\/","og_locale":"it_IT","og_type":"article","og_title":"Come giocare alle lotterie mondiali online","og_description":"Come giocare alle lotterie mondiali online Hai mai giocato alla lotteria interamente online? Se non lo hai fatto, non sei solo. Troppe persone non hanno mai preso in considerazione l&#8217;idea di giocare alla lotteria online e questo \u00e8 decisamente un peccato perch\u00e9 ci sono molte&hellip;","og_url":"https:\/\/megalottoonline.com\/it\/","twitter_card":"summary_large_image","twitter_misc":{"Tempo di lettura stimato":"2 minuti"},"schema":{"@context":"https:\/\/schema.org","@graph":[{"@type":"WebPage","@id":"https:\/\/megalottoonline.com\/it\/","url":"https:\/\/megalottoonline.com\/it\/","name":"Come giocare alle lotterie mondiali online","isPartOf":{"@id":"https:\/\/megalottoonline.com\/it\/#website"},"datePublished":"2024-09-09T18:24:53+00:00","breadcrumb":{"@id":"https:\/\/megalottoonline.com\/it\/#breadcrumb"},"inLanguage":"it-IT","potentialAction":[{"@type":"ReadAction","target":["https:\/\/megalottoonline.com\/it\/"]}]},{"@type":"BreadcrumbList","@id":"https:\/\/megalottoonline.com\/it\/#breadcrumb","itemListElement":[{"@type":"ListItem","position":1,"name":"Home","item":"https:\/\/megalottoonline.com\/it\/casa\/"},{"@type":"ListItem","position":2,"name":"Casa"}]},{"@type":"WebSite","@id":"https:\/\/megalottoonline.com\/it\/#website","url":"https:\/\/megalottoonline.com\/it\/","name":"","description":"","potentialAction":[{"@type":"SearchAction","target":{"@type":"EntryPoint","urlTemplate":"https:\/\/megalottoonline.com\/it\/?s={search_term_string}"},"query-input":{"@type":"PropertyValueSpecification","valueRequired":true,"valueName":"search_term_string"}}],"inLanguage":"it-IT"}]}},"_links":{"self":[{"href":"https:\/\/megalottoonline.com\/it\/wp-json\/wp\/v2\/pages\/102","targetHints":{"allow":["GET"]}}],"collection":[{"href":"https:\/\/megalottoonline.com\/it\/wp-json\/wp\/v2\/pages"}],"about":[{"href":"https:\/\/megalottoonline.com\/it\/wp-json\/wp\/v2\/types\/page"}],"author":[{"embeddable":true,"href":"https:\/\/megalottoonline.com\/it\/wp-json\/wp\/v2\/users\/1"}],"replies":[{"embeddable":true,"href":"https:\/\/megalottoonline.com\/it\/wp-json\/wp\/v2\/comments?post=102"}],"version-history":[{"count":0,"href":"https:\/\/megalottoonline.com\/it\/wp-json\/wp\/v2\/pages\/102\/revisions"}],"wp:attachment":[{"href":"https:\/\/megalottoonline.com\/it\/wp-json\/wp\/v2\/media?parent=102"}],"curies":[{"name":"wp","href":"https:\/\/api.w.org\/{rel}","templated":true}]}}