{"id":436,"date":"2024-09-09T19:24:53","date_gmt":"2024-09-09T18:24:53","guid":{"rendered":"https:\/\/megalottoonline.com\/otthon\/"},"modified":"2024-09-09T19:24:53","modified_gmt":"2024-09-09T18:24:53","slug":"otthon","status":"publish","type":"page","link":"https:\/\/megalottoonline.com\/hu\/","title":{"rendered":"Otthon"},"content":{"rendered":"<h2>Hogyan j\u00e1tsszunk online vil\u00e1glott\u00f3kat<\/h2>\n<p>J\u00e1tszott\u00e1l m\u00e1r valaha teljesen online lott\u00f3t? Ha nem, akkor nem vagy egyed\u00fcl. T\u00fal sokan soha nem gondoltak arra, hogy online lott\u00f3zhassanak, \u00e9s ez mindenk\u00e9ppen sajn\u00e1latos, mert rengeteg nagyszer\u0171 lehet\u0151s\u00e9g k\u00edn\u00e1lkozik \u00edgy. V\u00e9g\u00fcl is m\u00e9g t\u00f6bb j\u00e1t\u00e9kot j\u00e1tszhatsz, \u00faj dolgokat pr\u00f3b\u00e1lhatsz ki, \u00e9s m\u00e9g sok minden m\u00e1st, ha online leszel.<\/p>\n<h2>Mi\u00e9rt \u00e9rdemes vil\u00e1glott\u00f3kat j\u00e1tszani?<\/h2>\n<p>A vil\u00e1g k\u00fcl\u00f6nb\u00f6z\u0151 r\u00e9szein j\u00e1tszhat\u00f3 lott\u00f3j\u00e1t\u00e9kok m\u00e9g t\u00f6bb lehet\u0151s\u00e9get nyitnak meg el\u0151tted. Megn\u00e9zheted, hogy milyen j\u00e1t\u00e9kokat j\u00e1tszanak m\u00e1s orsz\u00e1gokban \u00e9l\u0151 emberek, \u00e9s ez \u00fajabb es\u00e9lyt ad majd a nagy nyerem\u00e9nyekre. Mi\u00e9rt ne pr\u00f3b\u00e1ln\u00e1d ki, \u00e9s n\u00e9zd meg, mennyit nyerhetsz egy \u00fajabb j\u00e1t\u00e9kon?<\/p>\n<p>Nem kell csak n\u00e9h\u00e1ny, a k\u00f6rny\u00e9keden el\u00e9rhet\u0151 j\u00e1t\u00e9kra korl\u00e1toz\u00f3dnod, amikor online leszel. Ehelyett sz\u00e1mos k\u00fcl\u00f6nb\u00f6z\u0151 lehet\u0151s\u00e9get is megn\u00e9zhetsz, hogy j\u00f3l sz\u00f3rakozz. Amikor ezt megteszed, r\u00e1j\u00f6ssz, hogy a vil\u00e1g k\u00fcl\u00f6nb\u00f6z\u0151 r\u00e9szein vannak olyan lott\u00f3j\u00e1t\u00e9kok, amelyekr\u0151l tal\u00e1n m\u00e9g soha nem is hallott\u00e1l. Ez valami egyedi \u00e9s \u00e9lvezetesebb lesz, mint ugyanazokat a j\u00e1t\u00e9kokat \u00fajra \u00e9s \u00fajra j\u00e1tszani, nem gondolod?<\/p>\n<h2>Hogyan kezdj\u00fcnk hozz\u00e1<\/h2>\n<p>Ha \u00e9rdekel az online lott\u00f3j\u00e1t\u00e9kok kipr\u00f3b\u00e1l\u00e1sa, el\u0151sz\u00f6r is keress magadnak egy weboldalt, amely k\u00edn\u00e1lja \u0151ket. Itt elkezdheted megtekinteni a vil\u00e1g minden t\u00e1j\u00e1r\u00f3l sz\u00e1rmaz\u00f3 k\u00fcl\u00f6nf\u00e9le lott\u00f3j\u00e1t\u00e9kok v\u00e1laszt\u00e9k\u00e1t, \u00e9s kiv\u00e1laszthatod azokat, amelyekkel j\u00e1tszani szeretn\u00e9l, mert val\u00f3j\u00e1ban sokkal k\u00f6nnyebb elkezdeni \u00e9s megszerezni a lott\u00f3j\u00e1t\u00e9kokat, mint gondoln\u00e1d.<\/p>\n<p>A\u00a0<a href=\"https:\/\/RedFoxLotto.com\">RedFoxLotto.com<\/a> oldalon csak l\u00e9tre kell hoznod egy fi\u00f3kot, majd el kell d\u00f6ntened, hogy melyik j\u00e1t\u00e9kkal szeretn\u00e9l el\u0151sz\u00f6r j\u00e1tszani. V\u00e1laszthatsz a vil\u00e1g minden t\u00e1j\u00e1r\u00f3l j\u00e1tszott j\u00e1t\u00e9kok k\u00f6z\u00fcl, majd kiv\u00e1laszthatod a k\u00edv\u00e1nt sz\u00e1mokat. Val\u00f3j\u00e1ban mindent kiv\u00e1laszthatsz a szelv\u00e9nyeddel kapcsolatban, bele\u00e9rtve a sz\u00e1mokat, a sorsol\u00e1sok sz\u00e1m\u00e1t, a k\u00edv\u00e1nt szelv\u00e9nyek sz\u00e1m\u00e1t \u00e9s egyebeket.<\/p>\n<p>Miut\u00e1n mindent kiv\u00e1lasztott\u00e1l, csak leadod a rendel\u00e9sed, \u00e9s a szelv\u00e9ny megv\u00e1s\u00e1rl\u00e1sra ker\u00fcl sz\u00e1modra. Ezut\u00e1n megv\u00e1rod a sorsol\u00e1st, \u00e9s megn\u00e9zed, mit nyert\u00e9l. M\u00e9g ez a r\u00e9sz is egyszer\u0171, mert mind\u00f6ssze annyit kell tenned, hogy ellen\u0151rizd a fi\u00f3kodat, hogy l\u00e1sd, mik voltak a nyer\u0151sz\u00e1mok, mik voltak a tal\u00e1lati sz\u00e1mok, \u00e9s mennyit nyert\u00e9l.<\/p>\n<h2>\u00c9lvezd az \u00fajat<\/h2>\n<p>Ne ragadj bele abba a ker\u00e9kv\u00e1g\u00e1sba, hogy \u00fajra \u00e9s \u00fajra csak ugyanazokat a j\u00e1t\u00e9kokat j\u00e1tssz. Ehelyett gy\u0151z\u0151dj meg arr\u00f3l, hogy valami \u00fajat pr\u00f3b\u00e1lsz ki, \u00e9s olyan j\u00e1t\u00e9kokat \u00e9lvezel, amelyeket tal\u00e1n m\u00e9g soha nem l\u00e1tt\u00e1l vagy hallott\u00e1l. Meglep\u0151dhetsz a lehet\u0151s\u00e9geken.<\/p>\n","protected":false},"excerpt":{"rendered":"<p>Hogyan j\u00e1tsszunk online vil\u00e1glott\u00f3kat J\u00e1tszott\u00e1l m\u00e1r valaha teljesen online lott\u00f3t? Ha nem, akkor nem vagy egyed\u00fcl. T\u00fal sokan soha nem gondoltak arra, hogy online lott\u00f3zhassanak, \u00e9s ez mindenk\u00e9ppen sajn\u00e1latos, mert rengeteg nagyszer\u0171 lehet\u0151s\u00e9g k\u00edn\u00e1lkozik \u00edgy. V\u00e9g\u00fcl is m\u00e9g t\u00f6bb j\u00e1t\u00e9kot j\u00e1tszhatsz, \u00faj dolgokat pr\u00f3b\u00e1lhatsz ki,&hellip;<\/p>\n","protected":false},"author":1,"featured_media":0,"parent":0,"menu_order":0,"comment_status":"closed","ping_status":"closed","template":"","meta":{"footnotes":""},"class_list":["post-436","page","type-page","status-publish","hentry"],"yoast_head":"<!-- This site is optimized with the Yoast SEO plugin v25.9 - https:\/\/yoast.com\/wordpress\/plugins\/seo\/ -->\n<title>Hogyan j\u00e1tszhatunk online lott\u00f3kat vil\u00e1gszerte<\/title>\n<meta name=\"robots\" content=\"index, follow, max-snippet:-1, max-image-preview:large, max-video-preview:-1\" \/>\n<link rel=\"canonical\" href=\"https:\/\/megalottoonline.com\/hu\/\" \/>\n<meta property=\"og:locale\" content=\"hu_HU\" \/>\n<meta property=\"og:type\" content=\"article\" \/>\n<meta property=\"og:title\" content=\"Hogyan j\u00e1tszhatunk online lott\u00f3kat vil\u00e1gszerte\" \/>\n<meta property=\"og:description\" content=\"Hogyan j\u00e1tsszunk online vil\u00e1glott\u00f3kat J\u00e1tszott\u00e1l m\u00e1r valaha teljesen online lott\u00f3t? Ha nem, akkor nem vagy egyed\u00fcl. T\u00fal sokan soha nem gondoltak arra, hogy online lott\u00f3zhassanak, \u00e9s ez mindenk\u00e9ppen sajn\u00e1latos, mert rengeteg nagyszer\u0171 lehet\u0151s\u00e9g k\u00edn\u00e1lkozik \u00edgy. V\u00e9g\u00fcl is m\u00e9g t\u00f6bb j\u00e1t\u00e9kot j\u00e1tszhatsz, \u00faj dolgokat pr\u00f3b\u00e1lhatsz ki,&hellip;\" \/>\n<meta property=\"og:url\" content=\"https:\/\/megalottoonline.com\/hu\/\" \/>\n<meta name=\"twitter:card\" content=\"summary_large_image\" \/>\n<meta name=\"twitter:label1\" content=\"Becs\u00fclt olvas\u00e1si id\u0151\" \/>\n\t<meta name=\"twitter:data1\" content=\"3 perc\" \/>\n<script type=\"application\/ld+json\" class=\"yoast-schema-graph\">{\"@context\":\"https:\/\/schema.org\",\"@graph\":[{\"@type\":\"WebPage\",\"@id\":\"https:\/\/megalottoonline.com\/hu\/\",\"url\":\"https:\/\/megalottoonline.com\/hu\/\",\"name\":\"Hogyan j\u00e1tszhatunk online lott\u00f3kat vil\u00e1gszerte\",\"isPartOf\":{\"@id\":\"https:\/\/megalottoonline.com\/hu\/#website\"},\"datePublished\":\"2024-09-09T18:24:53+00:00\",\"breadcrumb\":{\"@id\":\"https:\/\/megalottoonline.com\/hu\/#breadcrumb\"},\"inLanguage\":\"hu\",\"potentialAction\":[{\"@type\":\"ReadAction\",\"target\":[\"https:\/\/megalottoonline.com\/hu\/\"]}]},{\"@type\":\"BreadcrumbList\",\"@id\":\"https:\/\/megalottoonline.com\/hu\/#breadcrumb\",\"itemListElement\":[{\"@type\":\"ListItem\",\"position\":1,\"name\":\"Home\",\"item\":\"https:\/\/megalottoonline.com\/hu\/\"},{\"@type\":\"ListItem\",\"position\":2,\"name\":\"Otthon\"}]},{\"@type\":\"WebSite\",\"@id\":\"https:\/\/megalottoonline.com\/hu\/#website\",\"url\":\"https:\/\/megalottoonline.com\/hu\/\",\"name\":\"\",\"description\":\"\",\"potentialAction\":[{\"@type\":\"SearchAction\",\"target\":{\"@type\":\"EntryPoint\",\"urlTemplate\":\"https:\/\/megalottoonline.com\/hu\/?s={search_term_string}\"},\"query-input\":{\"@type\":\"PropertyValueSpecification\",\"valueRequired\":true,\"valueName\":\"search_term_string\"}}],\"inLanguage\":\"hu\"}]}<\/script>\n<!-- \/ Yoast SEO plugin. -->","yoast_head_json":{"title":"Hogyan j\u00e1tszhatunk online lott\u00f3kat vil\u00e1gszerte","robots":{"index":"index","follow":"follow","max-snippet":"max-snippet:-1","max-image-preview":"max-image-preview:large","max-video-preview":"max-video-preview:-1"},"canonical":"https:\/\/megalottoonline.com\/hu\/","og_locale":"hu_HU","og_type":"article","og_title":"Hogyan j\u00e1tszhatunk online lott\u00f3kat vil\u00e1gszerte","og_description":"Hogyan j\u00e1tsszunk online vil\u00e1glott\u00f3kat J\u00e1tszott\u00e1l m\u00e1r valaha teljesen online lott\u00f3t? Ha nem, akkor nem vagy egyed\u00fcl. T\u00fal sokan soha nem gondoltak arra, hogy online lott\u00f3zhassanak, \u00e9s ez mindenk\u00e9ppen sajn\u00e1latos, mert rengeteg nagyszer\u0171 lehet\u0151s\u00e9g k\u00edn\u00e1lkozik \u00edgy. V\u00e9g\u00fcl is m\u00e9g t\u00f6bb j\u00e1t\u00e9kot j\u00e1tszhatsz, \u00faj dolgokat pr\u00f3b\u00e1lhatsz ki,&hellip;","og_url":"https:\/\/megalottoonline.com\/hu\/","twitter_card":"summary_large_image","twitter_misc":{"Becs\u00fclt olvas\u00e1si id\u0151":"3 perc"},"schema":{"@context":"https:\/\/schema.org","@graph":[{"@type":"WebPage","@id":"https:\/\/megalottoonline.com\/hu\/","url":"https:\/\/megalottoonline.com\/hu\/","name":"Hogyan j\u00e1tszhatunk online lott\u00f3kat vil\u00e1gszerte","isPartOf":{"@id":"https:\/\/megalottoonline.com\/hu\/#website"},"datePublished":"2024-09-09T18:24:53+00:00","breadcrumb":{"@id":"https:\/\/megalottoonline.com\/hu\/#breadcrumb"},"inLanguage":"hu","potentialAction":[{"@type":"ReadAction","target":["https:\/\/megalottoonline.com\/hu\/"]}]},{"@type":"BreadcrumbList","@id":"https:\/\/megalottoonline.com\/hu\/#breadcrumb","itemListElement":[{"@type":"ListItem","position":1,"name":"Home","item":"https:\/\/megalottoonline.com\/hu\/"},{"@type":"ListItem","position":2,"name":"Otthon"}]},{"@type":"WebSite","@id":"https:\/\/megalottoonline.com\/hu\/#website","url":"https:\/\/megalottoonline.com\/hu\/","name":"","description":"","potentialAction":[{"@type":"SearchAction","target":{"@type":"EntryPoint","urlTemplate":"https:\/\/megalottoonline.com\/hu\/?s={search_term_string}"},"query-input":{"@type":"PropertyValueSpecification","valueRequired":true,"valueName":"search_term_string"}}],"inLanguage":"hu"}]}},"_links":{"self":[{"href":"https:\/\/megalottoonline.com\/hu\/wp-json\/wp\/v2\/pages\/436","targetHints":{"allow":["GET"]}}],"collection":[{"href":"https:\/\/megalottoonline.com\/hu\/wp-json\/wp\/v2\/pages"}],"about":[{"href":"https:\/\/megalottoonline.com\/hu\/wp-json\/wp\/v2\/types\/page"}],"author":[{"embeddable":true,"href":"https:\/\/megalottoonline.com\/hu\/wp-json\/wp\/v2\/users\/1"}],"replies":[{"embeddable":true,"href":"https:\/\/megalottoonline.com\/hu\/wp-json\/wp\/v2\/comments?post=436"}],"version-history":[{"count":0,"href":"https:\/\/megalottoonline.com\/hu\/wp-json\/wp\/v2\/pages\/436\/revisions"}],"wp:attachment":[{"href":"https:\/\/megalottoonline.com\/hu\/wp-json\/wp\/v2\/media?parent=436"}],"curies":[{"name":"wp","href":"https:\/\/api.w.org\/{rel}","templated":true}]}}