{"id":432,"date":"2024-09-09T19:24:53","date_gmt":"2024-09-09T18:24:53","guid":{"rendered":"https:\/\/megalottoonline.com\/dom\/"},"modified":"2024-09-09T19:24:53","modified_gmt":"2024-09-09T18:24:53","slug":"dom","status":"publish","type":"page","link":"https:\/\/megalottoonline.com\/hr\/","title":{"rendered":"Dom"},"content":{"rendered":"<h2>Kako igrati svjetske lutrije online<\/h2>\n<p>Jeste li ikada igrali lutriju u potpunosti online? Ako niste, niste sami. Previ\u0161e ljudi nikada nije razmi\u0161ljalo o igranju lutrije online i to je definitivno \u0161teta jer postoji mnogo sjajnih prilika koje mo\u017eete imati na taj na\u010din. Uostalom, mo\u0107i \u0107ete igrati jo\u0161 vi\u0161e igara, isprobati nove stvari i jo\u0161 mnogo toga kada se pove\u017eete online.<\/p>\n<h2>Za\u0161to igrati svjetske lutrije?<\/h2>\n<p>Igranje lutrijskih igara iz razli\u010ditih dijelova svijeta otvara vam jo\u0161 vi\u0161e mogu\u0107nosti. Mo\u0107i \u0107ete pogledati razli\u010dite igre koje igraju ljudi u drugim zemljama i to \u0107e vam dati jo\u0161 jednu priliku za velike nagrade. Za\u0161to ne biste htjeli probati i vidjeti koliko mo\u017eete osvojiti u jo\u0161 jednoj igri?<\/p>\n<p>Ne morate se ograni\u010diti na samo nekoliko igara koje su dostupne u va\u0161em lokalnom podru\u010dju kada se pove\u017eete online. Umjesto toga, mo\u017eete pogledati nekoliko razli\u010ditih izbora samo da biste se zabavili. Kada to u\u010dinite, otkrit \u0107ete da postoje lutrijske igre u razli\u010ditim dijelovima svijeta za koje mo\u017eda nikada niste ni \u010duli. To \u0107e biti ne\u0161to jedinstveno i ugodnije od igranja istih igara iznova i iznova, zar ne?<\/p>\n<h2>Kako zapo\u010deti<\/h2>\n<p>Ako ste zainteresirani za po\u010detak s online lutrijskim igrama, morate zapo\u010deti pronala\u017eenjem web stranice koja ih nudi. Mo\u017eete po\u010deti upravo ovdje kako biste vidjeli niz razli\u010ditih lutrijskih igara iz cijelog svijeta i odabrali one koje \u017eelite igrati jer je zapravo puno lak\u0161e zapo\u010deti i nabaviti te lutrijske igre nego \u0161to mislite.<\/p>\n<p>S\u00a0<a href=\"https:\/\/RedFoxLotto.com\">RedFoxLotto.com<\/a> samo trebate stvoriti ra\u010dun, a zatim odlu\u010diti koju igru \u200b\u200b\u017eelite prvo igrati. Mo\u017eete birati izme\u0111u niza razli\u010ditih igara koje se igraju diljem svijeta, a zatim mo\u017eete odabrati brojeve koje \u017eelite. Zapravo, mo\u017eete odabrati sve na svom listi\u0107u, uklju\u010duju\u0107i brojeve, broj izvla\u010denja, koliko listi\u0107a \u017eelite i jo\u0161 mnogo toga.<\/p>\n<p>Nakon \u0161to ste sve odabrali, samo naru\u010dite i listi\u0107 je kupljen za vas. Zatim \u010dekate izvla\u010denje i vidite \u0161to ste osvojili. \u010cak je i taj dio jednostavan jer sve \u0161to trebate u\u010diniti je provjeriti svoj ra\u010dun kako biste vidjeli koji su bili dobitni brojevi, koji su vam bili odgovaraju\u0107i brojevi i koliko ste osvojili.<\/p>\n<h2>U\u017eivajte u ne\u010dem novom<\/h2>\n<p>Nemojte se zaglaviti u kolote\u010dini igraju\u0107i samo iste igre iznova i iznova. Umjesto toga, pobrinite se da isprobavate ne\u0161to novo i u\u017eivate u igrama koje mo\u017eda nikada prije niste vidjeli ili \u010duli. Mo\u017eda \u0107ete se iznenaditi svim opcijama.<\/p>\n","protected":false},"excerpt":{"rendered":"<p>Kako igrati svjetske lutrije online Jeste li ikada igrali lutriju u potpunosti online? Ako niste, niste sami. Previ\u0161e ljudi nikada nije razmi\u0161ljalo o igranju lutrije online i to je definitivno \u0161teta jer postoji mnogo sjajnih prilika koje mo\u017eete imati na taj na\u010din. Uostalom, mo\u0107i \u0107ete&hellip;<\/p>\n","protected":false},"author":1,"featured_media":0,"parent":0,"menu_order":0,"comment_status":"closed","ping_status":"closed","template":"","meta":{"footnotes":""},"class_list":["post-432","page","type-page","status-publish","hentry"],"yoast_head":"<!-- This site is optimized with the Yoast SEO plugin v25.9 - https:\/\/yoast.com\/wordpress\/plugins\/seo\/ -->\n<title>Kako igrati svjetske lutrije online<\/title>\n<meta name=\"robots\" content=\"index, follow, max-snippet:-1, max-image-preview:large, max-video-preview:-1\" \/>\n<link rel=\"canonical\" href=\"https:\/\/megalottoonline.com\/hr\/\" \/>\n<meta property=\"og:locale\" content=\"hr_HR\" \/>\n<meta property=\"og:type\" content=\"article\" \/>\n<meta property=\"og:title\" content=\"Kako igrati svjetske lutrije online\" \/>\n<meta property=\"og:description\" content=\"Kako igrati svjetske lutrije online Jeste li ikada igrali lutriju u potpunosti online? Ako niste, niste sami. Previ\u0161e ljudi nikada nije razmi\u0161ljalo o igranju lutrije online i to je definitivno \u0161teta jer postoji mnogo sjajnih prilika koje mo\u017eete imati na taj na\u010din. Uostalom, mo\u0107i \u0107ete&hellip;\" \/>\n<meta property=\"og:url\" content=\"https:\/\/megalottoonline.com\/hr\/\" \/>\n<meta name=\"twitter:card\" content=\"summary_large_image\" \/>\n<meta name=\"twitter:label1\" content=\"Procijenjeno vrijeme \u010ditanja\" \/>\n\t<meta name=\"twitter:data1\" content=\"2 minute\" \/>\n<script type=\"application\/ld+json\" class=\"yoast-schema-graph\">{\"@context\":\"https:\/\/schema.org\",\"@graph\":[{\"@type\":\"WebPage\",\"@id\":\"https:\/\/megalottoonline.com\/hr\/\",\"url\":\"https:\/\/megalottoonline.com\/hr\/\",\"name\":\"Kako igrati svjetske lutrije online\",\"isPartOf\":{\"@id\":\"https:\/\/megalottoonline.com\/hr\/#website\"},\"datePublished\":\"2024-09-09T18:24:53+00:00\",\"breadcrumb\":{\"@id\":\"https:\/\/megalottoonline.com\/hr\/#breadcrumb\"},\"inLanguage\":\"hr\",\"potentialAction\":[{\"@type\":\"ReadAction\",\"target\":[\"https:\/\/megalottoonline.com\/hr\/\"]}]},{\"@type\":\"BreadcrumbList\",\"@id\":\"https:\/\/megalottoonline.com\/hr\/#breadcrumb\",\"itemListElement\":[{\"@type\":\"ListItem\",\"position\":1,\"name\":\"Home\",\"item\":\"https:\/\/megalottoonline.com\/hr\/\"},{\"@type\":\"ListItem\",\"position\":2,\"name\":\"Dom\"}]},{\"@type\":\"WebSite\",\"@id\":\"https:\/\/megalottoonline.com\/hr\/#website\",\"url\":\"https:\/\/megalottoonline.com\/hr\/\",\"name\":\"\",\"description\":\"\",\"potentialAction\":[{\"@type\":\"SearchAction\",\"target\":{\"@type\":\"EntryPoint\",\"urlTemplate\":\"https:\/\/megalottoonline.com\/hr\/?s={search_term_string}\"},\"query-input\":{\"@type\":\"PropertyValueSpecification\",\"valueRequired\":true,\"valueName\":\"search_term_string\"}}],\"inLanguage\":\"hr\"}]}<\/script>\n<!-- \/ Yoast SEO plugin. -->","yoast_head_json":{"title":"Kako igrati svjetske lutrije online","robots":{"index":"index","follow":"follow","max-snippet":"max-snippet:-1","max-image-preview":"max-image-preview:large","max-video-preview":"max-video-preview:-1"},"canonical":"https:\/\/megalottoonline.com\/hr\/","og_locale":"hr_HR","og_type":"article","og_title":"Kako igrati svjetske lutrije online","og_description":"Kako igrati svjetske lutrije online Jeste li ikada igrali lutriju u potpunosti online? Ako niste, niste sami. Previ\u0161e ljudi nikada nije razmi\u0161ljalo o igranju lutrije online i to je definitivno \u0161teta jer postoji mnogo sjajnih prilika koje mo\u017eete imati na taj na\u010din. Uostalom, mo\u0107i \u0107ete&hellip;","og_url":"https:\/\/megalottoonline.com\/hr\/","twitter_card":"summary_large_image","twitter_misc":{"Procijenjeno vrijeme \u010ditanja":"2 minute"},"schema":{"@context":"https:\/\/schema.org","@graph":[{"@type":"WebPage","@id":"https:\/\/megalottoonline.com\/hr\/","url":"https:\/\/megalottoonline.com\/hr\/","name":"Kako igrati svjetske lutrije online","isPartOf":{"@id":"https:\/\/megalottoonline.com\/hr\/#website"},"datePublished":"2024-09-09T18:24:53+00:00","breadcrumb":{"@id":"https:\/\/megalottoonline.com\/hr\/#breadcrumb"},"inLanguage":"hr","potentialAction":[{"@type":"ReadAction","target":["https:\/\/megalottoonline.com\/hr\/"]}]},{"@type":"BreadcrumbList","@id":"https:\/\/megalottoonline.com\/hr\/#breadcrumb","itemListElement":[{"@type":"ListItem","position":1,"name":"Home","item":"https:\/\/megalottoonline.com\/hr\/"},{"@type":"ListItem","position":2,"name":"Dom"}]},{"@type":"WebSite","@id":"https:\/\/megalottoonline.com\/hr\/#website","url":"https:\/\/megalottoonline.com\/hr\/","name":"","description":"","potentialAction":[{"@type":"SearchAction","target":{"@type":"EntryPoint","urlTemplate":"https:\/\/megalottoonline.com\/hr\/?s={search_term_string}"},"query-input":{"@type":"PropertyValueSpecification","valueRequired":true,"valueName":"search_term_string"}}],"inLanguage":"hr"}]}},"_links":{"self":[{"href":"https:\/\/megalottoonline.com\/hr\/wp-json\/wp\/v2\/pages\/432","targetHints":{"allow":["GET"]}}],"collection":[{"href":"https:\/\/megalottoonline.com\/hr\/wp-json\/wp\/v2\/pages"}],"about":[{"href":"https:\/\/megalottoonline.com\/hr\/wp-json\/wp\/v2\/types\/page"}],"author":[{"embeddable":true,"href":"https:\/\/megalottoonline.com\/hr\/wp-json\/wp\/v2\/users\/1"}],"replies":[{"embeddable":true,"href":"https:\/\/megalottoonline.com\/hr\/wp-json\/wp\/v2\/comments?post=432"}],"version-history":[{"count":0,"href":"https:\/\/megalottoonline.com\/hr\/wp-json\/wp\/v2\/pages\/432\/revisions"}],"wp:attachment":[{"href":"https:\/\/megalottoonline.com\/hr\/wp-json\/wp\/v2\/media?parent=432"}],"curies":[{"name":"wp","href":"https:\/\/api.w.org\/{rel}","templated":true}]}}