{"id":100,"date":"2024-09-09T19:24:53","date_gmt":"2024-09-09T18:24:53","guid":{"rendered":"https:\/\/megalottoonline.com\/maison\/"},"modified":"2024-09-09T19:24:53","modified_gmt":"2024-09-09T18:24:53","slug":"maison","status":"publish","type":"page","link":"https:\/\/megalottoonline.com\/fr\/","title":{"rendered":"Maison"},"content":{"rendered":"<h2>Comment jouer aux loteries mondiales en ligne<\/h2>\n<p>Avez-vous d\u00e9j\u00e0 jou\u00e9 \u00e0 la loterie enti\u00e8rement en ligne ? Si ce n\u2019est pas le cas, vous n\u2019\u00eates pas seul. Beaucoup trop de gens n\u2019ont jamais envisag\u00e9 de jouer \u00e0 la loterie en ligne et c\u2019est vraiment regrettable car il existe de nombreuses opportunit\u00e9s int\u00e9ressantes que vous pouvez avoir de cette fa\u00e7on. Apr\u00e8s tout, vous pourrez jouer \u00e0 encore plus de jeux, essayer de nouvelles choses et bien plus encore lorsque vous serez en ligne.   <\/p>\n<h2>Pourquoi jouer aux loteries mondiales ?<\/h2>\n<p>Jouer \u00e0 des jeux de loterie de diff\u00e9rentes parties du monde vous ouvre encore plus d\u2019opportunit\u00e9s. Vous pourrez jeter un \u0153il aux diff\u00e9rents jeux auxquels jouent les gens dans d\u2019autres pays et cela vous donnera une autre chance de remporter de gros prix. Pourquoi ne voudriez-vous pas essayer et voir combien vous pourriez gagner sur un autre jeu ?  <\/p>\n<p>Vous n\u2019avez pas besoin de vous limiter \u00e0 quelques jeux disponibles dans votre r\u00e9gion lorsque vous vous connectez. Au lieu de cela, vous pouvez jeter un \u0153il \u00e0 plusieurs choix diff\u00e9rents juste pour vous amuser \u00e9galement. Ce faisant, vous d\u00e9couvrirez qu\u2019il existe des jeux de loterie dans diff\u00e9rentes parties du monde dont vous n\u2019avez peut-\u00eatre jamais entendu parler. Cela va \u00eatre quelque chose d\u2019unique et de plus agr\u00e9able que de jouer encore et encore aux m\u00eames jeux, vous ne pensez pas ?   <\/p>\n<h2>Comment commencer<\/h2>\n<p>Si vous souhaitez vous lancer dans les jeux de loterie en ligne, vous devez commencer par trouver un site Web qui les propose. Vous pouvez commencer ici pour voir une gamme de jeux de loterie diff\u00e9rents du monde entier et choisir ceux auxquels vous souhaitez jouer, car il est en fait beaucoup plus facile de commencer et d&rsquo;obtenir ces jeux de loterie que vous ne le pensez. <\/p>\n<p>Avec <a href=\"https:\/\/RedFoxLotto.com\">RedFoxLotto.com<\/a>, il vous suffit de cr\u00e9er un compte, puis de d\u00e9cider \u00e0 quel jeu vous souhaitez jouer en premier. Vous pouvez choisir parmi une gamme de jeux diff\u00e9rents jou\u00e9s partout dans le monde, puis choisir les num\u00e9ros que vous souhaitez. En fait, vous pouvez tout choisir sur votre billet, y compris les num\u00e9ros, le nombre de tirages, le nombre de billets que vous souhaitez, et bien plus encore.  <\/p>\n<p>Une fois que vous avez tout choisi, il vous suffit de passer votre commande et le billet est achet\u00e9 pour vous. Ensuite, vous attendez le tirage au sort et voyez ce que vous avez gagn\u00e9. M\u00eame cette partie est simple car tout ce que vous avez \u00e0 faire est de v\u00e9rifier votre compte pour voir quels \u00e9taient les num\u00e9ros gagnants, quels \u00e9taient vos num\u00e9ros correspondants et combien vous avez gagn\u00e9.  <\/p>\n<h2>Profitez de quelque chose de nouveau<\/h2>\n<p>Ne restez pas coinc\u00e9 dans une orni\u00e8re en jouant encore et encore aux m\u00eames jeux. Au lieu de cela, assurez-vous d\u2019essayer quelque chose de nouveau et d\u2019appr\u00e9cier des jeux que vous n\u2019avez peut-\u00eatre jamais vus ou entendus auparavant. Vous pourriez \u00eatre surpris par toutes les options.  <\/p>\n","protected":false},"excerpt":{"rendered":"<p>Comment jouer aux loteries mondiales en ligne Avez-vous d\u00e9j\u00e0 jou\u00e9 \u00e0 la loterie enti\u00e8rement en ligne ? Si ce n\u2019est pas le cas, vous n\u2019\u00eates pas seul. Beaucoup trop de gens n\u2019ont jamais envisag\u00e9 de jouer \u00e0 la loterie en ligne et c\u2019est vraiment regrettable&hellip;<\/p>\n","protected":false},"author":1,"featured_media":0,"parent":0,"menu_order":0,"comment_status":"closed","ping_status":"closed","template":"","meta":{"footnotes":""},"class_list":["post-100","page","type-page","status-publish","hentry"],"yoast_head":"<!-- This site is optimized with the Yoast SEO plugin v25.9 - https:\/\/yoast.com\/wordpress\/plugins\/seo\/ -->\n<title>Comment jouer aux loteries mondiales en ligne<\/title>\n<meta name=\"robots\" content=\"index, follow, max-snippet:-1, max-image-preview:large, max-video-preview:-1\" \/>\n<link rel=\"canonical\" href=\"https:\/\/megalottoonline.com\/fr\/\" \/>\n<meta property=\"og:locale\" content=\"fr_FR\" \/>\n<meta property=\"og:type\" content=\"article\" \/>\n<meta property=\"og:title\" content=\"Comment jouer aux loteries mondiales en ligne\" \/>\n<meta property=\"og:description\" content=\"Comment jouer aux loteries mondiales en ligne Avez-vous d\u00e9j\u00e0 jou\u00e9 \u00e0 la loterie enti\u00e8rement en ligne ? Si ce n\u2019est pas le cas, vous n\u2019\u00eates pas seul. Beaucoup trop de gens n\u2019ont jamais envisag\u00e9 de jouer \u00e0 la loterie en ligne et c\u2019est vraiment regrettable&hellip;\" \/>\n<meta property=\"og:url\" content=\"https:\/\/megalottoonline.com\/fr\/\" \/>\n<meta name=\"twitter:card\" content=\"summary_large_image\" \/>\n<meta name=\"twitter:label1\" content=\"Dur\u00e9e de lecture estim\u00e9e\" \/>\n\t<meta name=\"twitter:data1\" content=\"3 minutes\" \/>\n<script type=\"application\/ld+json\" class=\"yoast-schema-graph\">{\"@context\":\"https:\/\/schema.org\",\"@graph\":[{\"@type\":\"WebPage\",\"@id\":\"https:\/\/megalottoonline.com\/fr\/\",\"url\":\"https:\/\/megalottoonline.com\/fr\/\",\"name\":\"Comment jouer aux loteries mondiales en ligne\",\"isPartOf\":{\"@id\":\"https:\/\/megalottoonline.com\/fr\/#website\"},\"datePublished\":\"2024-09-09T18:24:53+00:00\",\"breadcrumb\":{\"@id\":\"https:\/\/megalottoonline.com\/fr\/#breadcrumb\"},\"inLanguage\":\"fr-FR\",\"potentialAction\":[{\"@type\":\"ReadAction\",\"target\":[\"https:\/\/megalottoonline.com\/fr\/\"]}]},{\"@type\":\"BreadcrumbList\",\"@id\":\"https:\/\/megalottoonline.com\/fr\/#breadcrumb\",\"itemListElement\":[{\"@type\":\"ListItem\",\"position\":1,\"name\":\"Home\",\"item\":\"https:\/\/megalottoonline.com\/fr\/maison\/\"},{\"@type\":\"ListItem\",\"position\":2,\"name\":\"Maison\"}]},{\"@type\":\"WebSite\",\"@id\":\"https:\/\/megalottoonline.com\/fr\/#website\",\"url\":\"https:\/\/megalottoonline.com\/fr\/\",\"name\":\"\",\"description\":\"\",\"potentialAction\":[{\"@type\":\"SearchAction\",\"target\":{\"@type\":\"EntryPoint\",\"urlTemplate\":\"https:\/\/megalottoonline.com\/fr\/?s={search_term_string}\"},\"query-input\":{\"@type\":\"PropertyValueSpecification\",\"valueRequired\":true,\"valueName\":\"search_term_string\"}}],\"inLanguage\":\"fr-FR\"}]}<\/script>\n<!-- \/ Yoast SEO plugin. -->","yoast_head_json":{"title":"Comment jouer aux loteries mondiales en ligne","robots":{"index":"index","follow":"follow","max-snippet":"max-snippet:-1","max-image-preview":"max-image-preview:large","max-video-preview":"max-video-preview:-1"},"canonical":"https:\/\/megalottoonline.com\/fr\/","og_locale":"fr_FR","og_type":"article","og_title":"Comment jouer aux loteries mondiales en ligne","og_description":"Comment jouer aux loteries mondiales en ligne Avez-vous d\u00e9j\u00e0 jou\u00e9 \u00e0 la loterie enti\u00e8rement en ligne ? Si ce n\u2019est pas le cas, vous n\u2019\u00eates pas seul. Beaucoup trop de gens n\u2019ont jamais envisag\u00e9 de jouer \u00e0 la loterie en ligne et c\u2019est vraiment regrettable&hellip;","og_url":"https:\/\/megalottoonline.com\/fr\/","twitter_card":"summary_large_image","twitter_misc":{"Dur\u00e9e de lecture estim\u00e9e":"3 minutes"},"schema":{"@context":"https:\/\/schema.org","@graph":[{"@type":"WebPage","@id":"https:\/\/megalottoonline.com\/fr\/","url":"https:\/\/megalottoonline.com\/fr\/","name":"Comment jouer aux loteries mondiales en ligne","isPartOf":{"@id":"https:\/\/megalottoonline.com\/fr\/#website"},"datePublished":"2024-09-09T18:24:53+00:00","breadcrumb":{"@id":"https:\/\/megalottoonline.com\/fr\/#breadcrumb"},"inLanguage":"fr-FR","potentialAction":[{"@type":"ReadAction","target":["https:\/\/megalottoonline.com\/fr\/"]}]},{"@type":"BreadcrumbList","@id":"https:\/\/megalottoonline.com\/fr\/#breadcrumb","itemListElement":[{"@type":"ListItem","position":1,"name":"Home","item":"https:\/\/megalottoonline.com\/fr\/maison\/"},{"@type":"ListItem","position":2,"name":"Maison"}]},{"@type":"WebSite","@id":"https:\/\/megalottoonline.com\/fr\/#website","url":"https:\/\/megalottoonline.com\/fr\/","name":"","description":"","potentialAction":[{"@type":"SearchAction","target":{"@type":"EntryPoint","urlTemplate":"https:\/\/megalottoonline.com\/fr\/?s={search_term_string}"},"query-input":{"@type":"PropertyValueSpecification","valueRequired":true,"valueName":"search_term_string"}}],"inLanguage":"fr-FR"}]}},"_links":{"self":[{"href":"https:\/\/megalottoonline.com\/fr\/wp-json\/wp\/v2\/pages\/100","targetHints":{"allow":["GET"]}}],"collection":[{"href":"https:\/\/megalottoonline.com\/fr\/wp-json\/wp\/v2\/pages"}],"about":[{"href":"https:\/\/megalottoonline.com\/fr\/wp-json\/wp\/v2\/types\/page"}],"author":[{"embeddable":true,"href":"https:\/\/megalottoonline.com\/fr\/wp-json\/wp\/v2\/users\/1"}],"replies":[{"embeddable":true,"href":"https:\/\/megalottoonline.com\/fr\/wp-json\/wp\/v2\/comments?post=100"}],"version-history":[{"count":0,"href":"https:\/\/megalottoonline.com\/fr\/wp-json\/wp\/v2\/pages\/100\/revisions"}],"wp:attachment":[{"href":"https:\/\/megalottoonline.com\/fr\/wp-json\/wp\/v2\/media?parent=100"}],"curies":[{"name":"wp","href":"https:\/\/api.w.org\/{rel}","templated":true}]}}