{"id":99,"date":"2024-09-09T19:24:53","date_gmt":"2024-09-09T18:24:53","guid":{"rendered":"https:\/\/megalottoonline.com\/kotiin\/"},"modified":"2024-09-09T19:24:53","modified_gmt":"2024-09-09T18:24:53","slug":"kotiin","status":"publish","type":"page","link":"https:\/\/megalottoonline.com\/fi\/","title":{"rendered":"Kotiin"},"content":{"rendered":"<h2>Kuinka pelata maailmanlaajuisia lottoja verkossa<\/h2>\n<p>Oletko koskaan pelannut lottoa kokonaan verkossa? Jos et ole, et ole yksin. Liian monet ihmiset eiv\u00e4t ole koskaan harkinneet arpajaisten pelaamista verkossa, ja se on ehdottomasti valitettavaa, koska sinulla on paljon mahtavia mahdollisuuksia t\u00e4ll\u00e4 tavalla. Loppujen lopuksi voit pelata entist\u00e4 enemm\u00e4n pelej\u00e4, kokeilla uusia asioita ja paljon muuta, kun p\u00e4\u00e4set verkkoon.   <\/p>\n<h2>Miksi pelata maailmanlaajuisia lottoja?<\/h2>\n<p>Lottopelien pelaaminen eri puolilta maailmaa avaa sinulle entist\u00e4 enemm\u00e4n mahdollisuuksia. Voit katsoa erilaisia \u200b\u200bpelej\u00e4, joita ihmiset pelaavat muissa maissa, ja se antaa sinulle j\u00e4lleen mahdollisuuden suuriin palkintoihin. Miksi et haluaisi kokeilla sit\u00e4 ja n\u00e4hd\u00e4, kuinka paljon voit voittaa viel\u00e4 toisessa peliss\u00e4?  <\/p>\n<p>Sinun ei tarvitse rajoittua vain muutamiin peleihin, jotka ovat saatavilla paikallisella alueellasi, kun p\u00e4\u00e4set verkkoon. Sen sijaan voit katsoa useita eri vaihtoehtoja vain pit\u00e4\u00e4ksesi siit\u00e4 hauskaa. Kun teet niin, huomaat, ett\u00e4 eri puolilla maailmaa on lottopelej\u00e4, joista et ehk\u00e4 ole koskaan edes kuullut. Siit\u00e4 tulee jotain ainutlaatuista ja nautinnollisempaa kuin samojen pelien pelaaminen yh\u00e4 uudelleen ja uudelleen, vai mit\u00e4?   <\/p>\n<h2>Kuinka p\u00e4\u00e4st\u00e4 alkuun<\/h2>\n<p>Jos olet kiinnostunut aloittamaan online-arpajaisten pelaamisen, sinun on aloitettava etsim\u00e4ll\u00e4 itsellesi verkkosivusto, joka tarjoaa niit\u00e4. Voit aloittaa t\u00e4st\u00e4 n\u00e4hd\u00e4ksesi erilaisia \u200b\u200blottopelej\u00e4 eri puolilta maailmaa ja valita ne, joita haluat pelata, koska on itse asiassa paljon helpompi aloittaa ja saada noita lottopelej\u00e4 kuin uskotkaan. <\/p>\n<p><a href=\"https:\/\/RedFoxLotto.com\">RedFoxLotto.com<\/a>-sivustolla sinun tarvitsee vain luoda tili ja p\u00e4\u00e4tt\u00e4\u00e4 sitten, mit\u00e4 peli\u00e4 haluat pelata ensin. Voit valita useista eri peleist\u00e4, joita pelataan kaikkialla maailmassa, ja sitten voit valita haluamasi numerot. Itse asiassa voit valita lipustasi kaiken, mukaan lukien numerot, arvojen lukum\u00e4\u00e4r\u00e4n, kuinka monta lippua haluat ja paljon muuta.  <\/p>\n<p>Kun olet valinnut kaiken, teet vain tilauksesi ja lippu ostetaan sinulle. Sitten odotat arvontaan asti ja katsot, mit\u00e4 olet voittanut. Jopa t\u00e4m\u00e4 osa on helppoa, koska sinun tarvitsee vain tarkistaa tililt\u00e4si, mitk\u00e4 voittonumerot olivat, mitk\u00e4 vastaavat numerot olivat ja kuinka paljon olet voittanut.  <\/p>\n<h2>Nauti jostain uudesta<\/h2>\n<p>\u00c4l\u00e4 j\u00e4\u00e4 jumiin ja pelaa vain samoja pelej\u00e4 yh\u00e4 uudelleen ja uudelleen. Varmista sen sijaan, ett\u00e4 kokeilet jotain uutta ja nautit peleist\u00e4, joita et ehk\u00e4 ole koskaan n\u00e4hnyt tai kuullut ennen. Saatat yll\u00e4tty\u00e4 kaikista vaihtoehdoista.  <\/p>\n","protected":false},"excerpt":{"rendered":"<p>Kuinka pelata maailmanlaajuisia lottoja verkossa Oletko koskaan pelannut lottoa kokonaan verkossa? Jos et ole, et ole yksin. Liian monet ihmiset eiv\u00e4t ole koskaan harkinneet arpajaisten pelaamista verkossa, ja se on ehdottomasti valitettavaa, koska sinulla on paljon mahtavia mahdollisuuksia t\u00e4ll\u00e4 tavalla. Loppujen lopuksi voit pelata entist\u00e4&hellip;<\/p>\n","protected":false},"author":1,"featured_media":0,"parent":0,"menu_order":0,"comment_status":"closed","ping_status":"closed","template":"","meta":{"footnotes":""},"class_list":["post-99","page","type-page","status-publish","hentry"],"yoast_head":"<!-- This site is optimized with the Yoast SEO plugin v25.9 - https:\/\/yoast.com\/wordpress\/plugins\/seo\/ -->\n<title>Kuinka pelata maailmanlaajuisia lottoja verkossa<\/title>\n<meta name=\"robots\" content=\"index, follow, max-snippet:-1, max-image-preview:large, max-video-preview:-1\" \/>\n<link rel=\"canonical\" href=\"https:\/\/megalottoonline.com\/fi\/\" \/>\n<meta property=\"og:locale\" content=\"fi_FI\" \/>\n<meta property=\"og:type\" content=\"article\" \/>\n<meta property=\"og:title\" content=\"Kuinka pelata maailmanlaajuisia lottoja verkossa\" \/>\n<meta property=\"og:description\" content=\"Kuinka pelata maailmanlaajuisia lottoja verkossa Oletko koskaan pelannut lottoa kokonaan verkossa? Jos et ole, et ole yksin. Liian monet ihmiset eiv\u00e4t ole koskaan harkinneet arpajaisten pelaamista verkossa, ja se on ehdottomasti valitettavaa, koska sinulla on paljon mahtavia mahdollisuuksia t\u00e4ll\u00e4 tavalla. Loppujen lopuksi voit pelata entist\u00e4&hellip;\" \/>\n<meta property=\"og:url\" content=\"https:\/\/megalottoonline.com\/fi\/\" \/>\n<meta name=\"twitter:card\" content=\"summary_large_image\" \/>\n<meta name=\"twitter:label1\" content=\"Arvioitu lukuaika\" \/>\n\t<meta name=\"twitter:data1\" content=\"2 minuuttia\" \/>\n<script type=\"application\/ld+json\" class=\"yoast-schema-graph\">{\"@context\":\"https:\/\/schema.org\",\"@graph\":[{\"@type\":\"WebPage\",\"@id\":\"https:\/\/megalottoonline.com\/fi\/\",\"url\":\"https:\/\/megalottoonline.com\/fi\/\",\"name\":\"Kuinka pelata maailmanlaajuisia lottoja verkossa\",\"isPartOf\":{\"@id\":\"https:\/\/megalottoonline.com\/fi\/#website\"},\"datePublished\":\"2024-09-09T18:24:53+00:00\",\"breadcrumb\":{\"@id\":\"https:\/\/megalottoonline.com\/fi\/#breadcrumb\"},\"inLanguage\":\"fi\",\"potentialAction\":[{\"@type\":\"ReadAction\",\"target\":[\"https:\/\/megalottoonline.com\/fi\/\"]}]},{\"@type\":\"BreadcrumbList\",\"@id\":\"https:\/\/megalottoonline.com\/fi\/#breadcrumb\",\"itemListElement\":[{\"@type\":\"ListItem\",\"position\":1,\"name\":\"Home\",\"item\":\"https:\/\/megalottoonline.com\/fi\/kotiin\/\"},{\"@type\":\"ListItem\",\"position\":2,\"name\":\"Kotiin\"}]},{\"@type\":\"WebSite\",\"@id\":\"https:\/\/megalottoonline.com\/fi\/#website\",\"url\":\"https:\/\/megalottoonline.com\/fi\/\",\"name\":\"\",\"description\":\"\",\"potentialAction\":[{\"@type\":\"SearchAction\",\"target\":{\"@type\":\"EntryPoint\",\"urlTemplate\":\"https:\/\/megalottoonline.com\/fi\/?s={search_term_string}\"},\"query-input\":{\"@type\":\"PropertyValueSpecification\",\"valueRequired\":true,\"valueName\":\"search_term_string\"}}],\"inLanguage\":\"fi\"}]}<\/script>\n<!-- \/ Yoast SEO plugin. -->","yoast_head_json":{"title":"Kuinka pelata maailmanlaajuisia lottoja verkossa","robots":{"index":"index","follow":"follow","max-snippet":"max-snippet:-1","max-image-preview":"max-image-preview:large","max-video-preview":"max-video-preview:-1"},"canonical":"https:\/\/megalottoonline.com\/fi\/","og_locale":"fi_FI","og_type":"article","og_title":"Kuinka pelata maailmanlaajuisia lottoja verkossa","og_description":"Kuinka pelata maailmanlaajuisia lottoja verkossa Oletko koskaan pelannut lottoa kokonaan verkossa? Jos et ole, et ole yksin. Liian monet ihmiset eiv\u00e4t ole koskaan harkinneet arpajaisten pelaamista verkossa, ja se on ehdottomasti valitettavaa, koska sinulla on paljon mahtavia mahdollisuuksia t\u00e4ll\u00e4 tavalla. Loppujen lopuksi voit pelata entist\u00e4&hellip;","og_url":"https:\/\/megalottoonline.com\/fi\/","twitter_card":"summary_large_image","twitter_misc":{"Arvioitu lukuaika":"2 minuuttia"},"schema":{"@context":"https:\/\/schema.org","@graph":[{"@type":"WebPage","@id":"https:\/\/megalottoonline.com\/fi\/","url":"https:\/\/megalottoonline.com\/fi\/","name":"Kuinka pelata maailmanlaajuisia lottoja verkossa","isPartOf":{"@id":"https:\/\/megalottoonline.com\/fi\/#website"},"datePublished":"2024-09-09T18:24:53+00:00","breadcrumb":{"@id":"https:\/\/megalottoonline.com\/fi\/#breadcrumb"},"inLanguage":"fi","potentialAction":[{"@type":"ReadAction","target":["https:\/\/megalottoonline.com\/fi\/"]}]},{"@type":"BreadcrumbList","@id":"https:\/\/megalottoonline.com\/fi\/#breadcrumb","itemListElement":[{"@type":"ListItem","position":1,"name":"Home","item":"https:\/\/megalottoonline.com\/fi\/kotiin\/"},{"@type":"ListItem","position":2,"name":"Kotiin"}]},{"@type":"WebSite","@id":"https:\/\/megalottoonline.com\/fi\/#website","url":"https:\/\/megalottoonline.com\/fi\/","name":"","description":"","potentialAction":[{"@type":"SearchAction","target":{"@type":"EntryPoint","urlTemplate":"https:\/\/megalottoonline.com\/fi\/?s={search_term_string}"},"query-input":{"@type":"PropertyValueSpecification","valueRequired":true,"valueName":"search_term_string"}}],"inLanguage":"fi"}]}},"_links":{"self":[{"href":"https:\/\/megalottoonline.com\/fi\/wp-json\/wp\/v2\/pages\/99","targetHints":{"allow":["GET"]}}],"collection":[{"href":"https:\/\/megalottoonline.com\/fi\/wp-json\/wp\/v2\/pages"}],"about":[{"href":"https:\/\/megalottoonline.com\/fi\/wp-json\/wp\/v2\/types\/page"}],"author":[{"embeddable":true,"href":"https:\/\/megalottoonline.com\/fi\/wp-json\/wp\/v2\/users\/1"}],"replies":[{"embeddable":true,"href":"https:\/\/megalottoonline.com\/fi\/wp-json\/wp\/v2\/comments?post=99"}],"version-history":[{"count":0,"href":"https:\/\/megalottoonline.com\/fi\/wp-json\/wp\/v2\/pages\/99\/revisions"}],"wp:attachment":[{"href":"https:\/\/megalottoonline.com\/fi\/wp-json\/wp\/v2\/media?parent=99"}],"curies":[{"name":"wp","href":"https:\/\/api.w.org\/{rel}","templated":true}]}}