{"id":433,"date":"2024-09-09T19:24:53","date_gmt":"2024-09-09T18:24:53","guid":{"rendered":"https:\/\/megalottoonline.com\/avaleht\/"},"modified":"2024-09-09T19:24:53","modified_gmt":"2024-09-09T18:24:53","slug":"avaleht","status":"publish","type":"page","link":"https:\/\/megalottoonline.com\/et\/","title":{"rendered":"Avaleht"},"content":{"rendered":"<h2>Kuidas m\u00e4ngida \u00fclemaailmseid loteriisid veebis<\/h2>\n<p>Kas olete kunagi loteriid t\u00e4ielikult veebis m\u00e4nginud? Kui te pole seda teinud, siis pole te \u00fcksi. Liiga paljud inimesed pole kunagi kaalunud loterii m\u00e4ngimist veebis ja see on kindlasti kahetsusv\u00e4\u00e4rne, sest sel viisil on palju suurep\u00e4raseid v\u00f5imalusi. L\u00f5ppude l\u00f5puks saate veebis olles m\u00e4ngida veelgi rohkem m\u00e4nge, proovida uusi asju ja palju muud.<\/p>\n<h2>Miks m\u00e4ngida \u00fclemaailmseid loteriisid?<\/h2>\n<p>Loteriim\u00e4ngude m\u00e4ngimine erinevatest maailma paikadest avab teile veelgi rohkem v\u00f5imalusi. Saate vaadata erinevaid m\u00e4nge, mida m\u00e4ngivad inimesed teistes riikides, ja see annab teile veel \u00fche v\u00f5imaluse suurte auhindade v\u00f5itmiseks. Miks te ei tahaks seda proovida ja n\u00e4ha, kui palju te v\u00f5iksite veel \u00fche m\u00e4nguga v\u00f5ita?<\/p>\n<p>Kui olete veebis, ei pea te piirduma vaid m\u00f5ne m\u00e4nguga, mis on teie piirkonnas saadaval. Selle asemel v\u00f5ite vaadata mitmeid erinevaid valikuid, et ka lihtsalt l\u00f5butseda. Kui sa seda teed, avastad, et maailma eri paigus on loteriim\u00e4nge, millest sa pole ehk kunagi kuulnudki. See on midagi ainulaadset ja nauditavamat kui samade m\u00e4ngude ikka ja j\u00e4lle m\u00e4ngimine, kas pole?<\/p>\n<h2>Kuidas alustada<\/h2>\n<p>Kui oled huvitatud veebip\u00f5histe loteriim\u00e4ngudega alustamisest, pead esmalt leidma endale veebisaidi, mis neid pakub. Saad alustada siit, et n\u00e4ha erinevaid loteriim\u00e4nge \u00fcle kogu maailma ja valida v\u00e4lja need, mida soovid m\u00e4ngida, sest tegelikult on alustamine ja nende loteriim\u00e4ngude saamine palju lihtsam, kui sa arvad.<\/p>\n<p><a href=\"https:\/\/RedFoxLotto.com\">RedFoxLotto.com-is<\/a> pead lihtsalt looma konto ja seej\u00e4rel otsustama, millist m\u00e4ngu soovid k\u00f5igepealt m\u00e4ngida. Saad valida erinevate m\u00e4ngude hulgast, mida m\u00e4ngitakse \u00fcle kogu maailma, ja seej\u00e4rel saad valida soovitud numbrid. Tegelikult saate ise valida k\u00f5ik oma pileti kohta, sealhulgas numbrid, loosimiste arvu, soovitud piletite arvu ja palju muud.<\/p>\n<p>Kui olete k\u00f5ik v\u00e4lja valinud, esitate lihtsalt tellimuse ja pilet ostetakse teile. Seej\u00e4rel ootate loosimist ja vaatate, kui palju olete v\u00f5itnud. Isegi see osa on lihtne, sest peate vaid oma kontot kontrollima, et n\u00e4ha, millised olid v\u00f5idunumbrid, millised olid teie vastavad numbrid ja kui palju olete v\u00f5itnud.<\/p>\n<h2>Nautige midagi uut<\/h2>\n<p>\u00c4rge j\u00e4\u00e4ge kinni rutiini, m\u00e4ngides ikka ja j\u00e4lle ainult samu m\u00e4nge. Selle asemel veenduge, et proovite midagi uut ja naudite m\u00e4nge, mida te pole varem n\u00e4inud ega kuulnud. V\u00f5ite olla \u00fcllatunud k\u00f5igist valikutest.<\/p>\n","protected":false},"excerpt":{"rendered":"<p>Kuidas m\u00e4ngida \u00fclemaailmseid loteriisid veebis Kas olete kunagi loteriid t\u00e4ielikult veebis m\u00e4nginud? Kui te pole seda teinud, siis pole te \u00fcksi. Liiga paljud inimesed pole kunagi kaalunud loterii m\u00e4ngimist veebis ja see on kindlasti kahetsusv\u00e4\u00e4rne, sest sel viisil on palju suurep\u00e4raseid v\u00f5imalusi. L\u00f5ppude l\u00f5puks saate&hellip;<\/p>\n","protected":false},"author":1,"featured_media":0,"parent":0,"menu_order":0,"comment_status":"closed","ping_status":"closed","template":"","meta":{"footnotes":""},"class_list":["post-433","page","type-page","status-publish","hentry"],"yoast_head":"<!-- This site is optimized with the Yoast SEO plugin v25.9 - https:\/\/yoast.com\/wordpress\/plugins\/seo\/ -->\n<title>Kuidas m\u00e4ngida \u00fclemaailmseid loteriisid veebis<\/title>\n<meta name=\"robots\" content=\"index, follow, max-snippet:-1, max-image-preview:large, max-video-preview:-1\" \/>\n<link rel=\"canonical\" href=\"https:\/\/megalottoonline.com\/et\/\" \/>\n<meta property=\"og:locale\" content=\"et_EE\" \/>\n<meta property=\"og:type\" content=\"article\" \/>\n<meta property=\"og:title\" content=\"Kuidas m\u00e4ngida \u00fclemaailmseid loteriisid veebis\" \/>\n<meta property=\"og:description\" content=\"Kuidas m\u00e4ngida \u00fclemaailmseid loteriisid veebis Kas olete kunagi loteriid t\u00e4ielikult veebis m\u00e4nginud? Kui te pole seda teinud, siis pole te \u00fcksi. Liiga paljud inimesed pole kunagi kaalunud loterii m\u00e4ngimist veebis ja see on kindlasti kahetsusv\u00e4\u00e4rne, sest sel viisil on palju suurep\u00e4raseid v\u00f5imalusi. L\u00f5ppude l\u00f5puks saate&hellip;\" \/>\n<meta property=\"og:url\" content=\"https:\/\/megalottoonline.com\/et\/\" \/>\n<meta name=\"twitter:card\" content=\"summary_large_image\" \/>\n<meta name=\"twitter:label1\" content=\"Est. reading time\" \/>\n\t<meta name=\"twitter:data1\" content=\"2 minutit\" \/>\n<script type=\"application\/ld+json\" class=\"yoast-schema-graph\">{\"@context\":\"https:\/\/schema.org\",\"@graph\":[{\"@type\":\"WebPage\",\"@id\":\"https:\/\/megalottoonline.com\/et\/\",\"url\":\"https:\/\/megalottoonline.com\/et\/\",\"name\":\"Kuidas m\u00e4ngida \u00fclemaailmseid loteriisid veebis\",\"isPartOf\":{\"@id\":\"https:\/\/megalottoonline.com\/et\/#website\"},\"datePublished\":\"2024-09-09T18:24:53+00:00\",\"breadcrumb\":{\"@id\":\"https:\/\/megalottoonline.com\/et\/#breadcrumb\"},\"inLanguage\":\"et\",\"potentialAction\":[{\"@type\":\"ReadAction\",\"target\":[\"https:\/\/megalottoonline.com\/et\/\"]}]},{\"@type\":\"BreadcrumbList\",\"@id\":\"https:\/\/megalottoonline.com\/et\/#breadcrumb\",\"itemListElement\":[{\"@type\":\"ListItem\",\"position\":1,\"name\":\"Home\",\"item\":\"https:\/\/megalottoonline.com\/et\/\"},{\"@type\":\"ListItem\",\"position\":2,\"name\":\"Avaleht\"}]},{\"@type\":\"WebSite\",\"@id\":\"https:\/\/megalottoonline.com\/et\/#website\",\"url\":\"https:\/\/megalottoonline.com\/et\/\",\"name\":\"\",\"description\":\"\",\"potentialAction\":[{\"@type\":\"SearchAction\",\"target\":{\"@type\":\"EntryPoint\",\"urlTemplate\":\"https:\/\/megalottoonline.com\/et\/?s={search_term_string}\"},\"query-input\":{\"@type\":\"PropertyValueSpecification\",\"valueRequired\":true,\"valueName\":\"search_term_string\"}}],\"inLanguage\":\"et\"}]}<\/script>\n<!-- \/ Yoast SEO plugin. -->","yoast_head_json":{"title":"Kuidas m\u00e4ngida \u00fclemaailmseid loteriisid veebis","robots":{"index":"index","follow":"follow","max-snippet":"max-snippet:-1","max-image-preview":"max-image-preview:large","max-video-preview":"max-video-preview:-1"},"canonical":"https:\/\/megalottoonline.com\/et\/","og_locale":"et_EE","og_type":"article","og_title":"Kuidas m\u00e4ngida \u00fclemaailmseid loteriisid veebis","og_description":"Kuidas m\u00e4ngida \u00fclemaailmseid loteriisid veebis Kas olete kunagi loteriid t\u00e4ielikult veebis m\u00e4nginud? Kui te pole seda teinud, siis pole te \u00fcksi. Liiga paljud inimesed pole kunagi kaalunud loterii m\u00e4ngimist veebis ja see on kindlasti kahetsusv\u00e4\u00e4rne, sest sel viisil on palju suurep\u00e4raseid v\u00f5imalusi. L\u00f5ppude l\u00f5puks saate&hellip;","og_url":"https:\/\/megalottoonline.com\/et\/","twitter_card":"summary_large_image","twitter_misc":{"Est. reading time":"2 minutit"},"schema":{"@context":"https:\/\/schema.org","@graph":[{"@type":"WebPage","@id":"https:\/\/megalottoonline.com\/et\/","url":"https:\/\/megalottoonline.com\/et\/","name":"Kuidas m\u00e4ngida \u00fclemaailmseid loteriisid veebis","isPartOf":{"@id":"https:\/\/megalottoonline.com\/et\/#website"},"datePublished":"2024-09-09T18:24:53+00:00","breadcrumb":{"@id":"https:\/\/megalottoonline.com\/et\/#breadcrumb"},"inLanguage":"et","potentialAction":[{"@type":"ReadAction","target":["https:\/\/megalottoonline.com\/et\/"]}]},{"@type":"BreadcrumbList","@id":"https:\/\/megalottoonline.com\/et\/#breadcrumb","itemListElement":[{"@type":"ListItem","position":1,"name":"Home","item":"https:\/\/megalottoonline.com\/et\/"},{"@type":"ListItem","position":2,"name":"Avaleht"}]},{"@type":"WebSite","@id":"https:\/\/megalottoonline.com\/et\/#website","url":"https:\/\/megalottoonline.com\/et\/","name":"","description":"","potentialAction":[{"@type":"SearchAction","target":{"@type":"EntryPoint","urlTemplate":"https:\/\/megalottoonline.com\/et\/?s={search_term_string}"},"query-input":{"@type":"PropertyValueSpecification","valueRequired":true,"valueName":"search_term_string"}}],"inLanguage":"et"}]}},"_links":{"self":[{"href":"https:\/\/megalottoonline.com\/et\/wp-json\/wp\/v2\/pages\/433","targetHints":{"allow":["GET"]}}],"collection":[{"href":"https:\/\/megalottoonline.com\/et\/wp-json\/wp\/v2\/pages"}],"about":[{"href":"https:\/\/megalottoonline.com\/et\/wp-json\/wp\/v2\/types\/page"}],"author":[{"embeddable":true,"href":"https:\/\/megalottoonline.com\/et\/wp-json\/wp\/v2\/users\/1"}],"replies":[{"embeddable":true,"href":"https:\/\/megalottoonline.com\/et\/wp-json\/wp\/v2\/comments?post=433"}],"version-history":[{"count":0,"href":"https:\/\/megalottoonline.com\/et\/wp-json\/wp\/v2\/pages\/433\/revisions"}],"wp:attachment":[{"href":"https:\/\/megalottoonline.com\/et\/wp-json\/wp\/v2\/media?parent=433"}],"curies":[{"name":"wp","href":"https:\/\/api.w.org\/{rel}","templated":true}]}}