{"id":114,"date":"2024-09-09T19:24:53","date_gmt":"2024-09-09T18:24:53","guid":{"rendered":"https:\/\/megalottoonline.com\/hogar\/"},"modified":"2024-09-09T19:24:53","modified_gmt":"2024-09-09T18:24:53","slug":"hogar","status":"publish","type":"page","link":"https:\/\/megalottoonline.com\/es\/","title":{"rendered":"Hogar"},"content":{"rendered":"<p>C\u00f3mo jugar a loter\u00edas internacionales online<br \/>\n\u00bfAlguna vez has jugado a la loter\u00eda completamente online? Si no, no est\u00e1s solo. Mucha gente nunca ha considerado jugar a la loter\u00eda online, y es una l\u00e1stima, porque as\u00ed se abren much\u00edsimas oportunidades. Al fin y al cabo, podr\u00e1s jugar a m\u00e1s juegos, probar cosas nuevas y mucho m\u00e1s cuando te conectes.<br \/>\n\u00bfPor qu\u00e9 jugar a loter\u00edas internacionales?<br \/>\nJugar a loter\u00edas de diferentes partes del mundo te abre a\u00fan m\u00e1s oportunidades. Podr\u00e1s ver los diferentes juegos que juegan personas de otros pa\u00edses, lo que te dar\u00e1 otra oportunidad de ganar grandes premios. \u00bfPor qu\u00e9 no probarlo y ver cu\u00e1nto puedes ganar en otro juego?<\/p>\n<p>No tienes que limitarte a unos pocos juegos disponibles en tu zona cuando te conectes. En lugar de eso, puedes explorar varias opciones diferentes solo para divertirte. Cuando lo hagas, descubrir\u00e1s que hay juegos de loter\u00eda en diferentes partes del mundo de los que quiz\u00e1s nunca hayas o\u00eddo hablar. Ser\u00e1 algo \u00fanico y m\u00e1s divertido que jugar a los mismos juegos una y otra vez, \u00bfno crees?<\/p>\n<h2>C\u00f3mo empezar<\/h2>\n<p>Si te interesa empezar con los juegos de loter\u00eda en l\u00ednea, necesitas encontrar un sitio web que los ofrezca. Puedes empezar aqu\u00ed mismo para ver una variedad de juegos de loter\u00eda de todo el mundo y elegir los que quieras jugar, porque en realidad es mucho m\u00e1s f\u00e1cil empezar y conseguir esos juegos de loter\u00eda de lo que crees.<\/p>\n<p>Con <a href=\"https:\/\/RedFoxLotto.com\">RedFoxLotto.com<\/a> solo necesitas crear una cuenta y luego decidir a qu\u00e9 juego quieres jugar primero. Puedes elegir entre una variedad de juegos que se juegan en todo el mundo y luego elegir los n\u00fameros que quieras. De hecho, puedes elegir todo sobre tu boleto, incluyendo los n\u00fameros, la cantidad de sorteos, la cantidad de boletos que quieres y m\u00e1s.<\/p>\n<p>Una vez que tengas todo elegido, simplemente realiza tu pedido y el boleto se comprar\u00e1 autom\u00e1ticamente. Luego, espera hasta el sorteo para ver cu\u00e1nto has ganado. Incluso esa parte es f\u00e1cil, ya que solo tienes que revisar tu cuenta para ver cu\u00e1les fueron los n\u00fameros ganadores, cu\u00e1les fueron tus n\u00fameros acertados y cu\u00e1nto has ganado.<\/p>\n<h2>Disfruta de algo nuevo<\/h2>\n<p>No te estanques jugando a los mismos juegos una y otra vez. En cambio, aseg\u00farate de probar algo nuevo y disfrutar de juegos que quiz\u00e1s nunca hayas visto o conocido. Te sorprender\u00e1 la cantidad de opciones.<\/p>\n","protected":false},"excerpt":{"rendered":"<p>C\u00f3mo jugar a loter\u00edas internacionales online \u00bfAlguna vez has jugado a la loter\u00eda completamente online? Si no, no est\u00e1s solo. Mucha gente nunca ha considerado jugar a la loter\u00eda online, y es una l\u00e1stima, porque as\u00ed se abren much\u00edsimas oportunidades. Al fin y al cabo,&hellip;<\/p>\n","protected":false},"author":1,"featured_media":0,"parent":0,"menu_order":0,"comment_status":"closed","ping_status":"closed","template":"","meta":{"footnotes":""},"class_list":["post-114","page","type-page","status-publish","hentry"],"yoast_head":"<!-- This site is optimized with the Yoast SEO plugin v25.9 - https:\/\/yoast.com\/wordpress\/plugins\/seo\/ -->\n<title>C\u00f3mo jugar a loter\u00edas mundiales en l\u00ednea<\/title>\n<meta name=\"robots\" content=\"index, follow, max-snippet:-1, max-image-preview:large, max-video-preview:-1\" \/>\n<link rel=\"canonical\" href=\"https:\/\/megalottoonline.com\/es\/\" \/>\n<meta property=\"og:locale\" content=\"es_ES\" \/>\n<meta property=\"og:type\" content=\"article\" \/>\n<meta property=\"og:title\" content=\"C\u00f3mo jugar a loter\u00edas mundiales en l\u00ednea\" \/>\n<meta property=\"og:description\" content=\"C\u00f3mo jugar a loter\u00edas internacionales online \u00bfAlguna vez has jugado a la loter\u00eda completamente online? Si no, no est\u00e1s solo. Mucha gente nunca ha considerado jugar a la loter\u00eda online, y es una l\u00e1stima, porque as\u00ed se abren much\u00edsimas oportunidades. Al fin y al cabo,&hellip;\" \/>\n<meta property=\"og:url\" content=\"https:\/\/megalottoonline.com\/es\/\" \/>\n<meta name=\"twitter:card\" content=\"summary_large_image\" \/>\n<meta name=\"twitter:label1\" content=\"Tiempo de lectura\" \/>\n\t<meta name=\"twitter:data1\" content=\"2 minutos\" \/>\n<script type=\"application\/ld+json\" class=\"yoast-schema-graph\">{\"@context\":\"https:\/\/schema.org\",\"@graph\":[{\"@type\":\"WebPage\",\"@id\":\"https:\/\/megalottoonline.com\/es\/\",\"url\":\"https:\/\/megalottoonline.com\/es\/\",\"name\":\"C\u00f3mo jugar a loter\u00edas mundiales en l\u00ednea\",\"isPartOf\":{\"@id\":\"https:\/\/megalottoonline.com\/es\/#website\"},\"datePublished\":\"2024-09-09T18:24:53+00:00\",\"breadcrumb\":{\"@id\":\"https:\/\/megalottoonline.com\/es\/#breadcrumb\"},\"inLanguage\":\"es\",\"potentialAction\":[{\"@type\":\"ReadAction\",\"target\":[\"https:\/\/megalottoonline.com\/es\/\"]}]},{\"@type\":\"BreadcrumbList\",\"@id\":\"https:\/\/megalottoonline.com\/es\/#breadcrumb\",\"itemListElement\":[{\"@type\":\"ListItem\",\"position\":1,\"name\":\"Home\",\"item\":\"https:\/\/megalottoonline.com\/es\/\"},{\"@type\":\"ListItem\",\"position\":2,\"name\":\"Hogar\"}]},{\"@type\":\"WebSite\",\"@id\":\"https:\/\/megalottoonline.com\/es\/#website\",\"url\":\"https:\/\/megalottoonline.com\/es\/\",\"name\":\"\",\"description\":\"\",\"potentialAction\":[{\"@type\":\"SearchAction\",\"target\":{\"@type\":\"EntryPoint\",\"urlTemplate\":\"https:\/\/megalottoonline.com\/es\/?s={search_term_string}\"},\"query-input\":{\"@type\":\"PropertyValueSpecification\",\"valueRequired\":true,\"valueName\":\"search_term_string\"}}],\"inLanguage\":\"es\"}]}<\/script>\n<!-- \/ Yoast SEO plugin. -->","yoast_head_json":{"title":"C\u00f3mo jugar a loter\u00edas mundiales en l\u00ednea","robots":{"index":"index","follow":"follow","max-snippet":"max-snippet:-1","max-image-preview":"max-image-preview:large","max-video-preview":"max-video-preview:-1"},"canonical":"https:\/\/megalottoonline.com\/es\/","og_locale":"es_ES","og_type":"article","og_title":"C\u00f3mo jugar a loter\u00edas mundiales en l\u00ednea","og_description":"C\u00f3mo jugar a loter\u00edas internacionales online \u00bfAlguna vez has jugado a la loter\u00eda completamente online? Si no, no est\u00e1s solo. Mucha gente nunca ha considerado jugar a la loter\u00eda online, y es una l\u00e1stima, porque as\u00ed se abren much\u00edsimas oportunidades. Al fin y al cabo,&hellip;","og_url":"https:\/\/megalottoonline.com\/es\/","twitter_card":"summary_large_image","twitter_misc":{"Tiempo de lectura":"2 minutos"},"schema":{"@context":"https:\/\/schema.org","@graph":[{"@type":"WebPage","@id":"https:\/\/megalottoonline.com\/es\/","url":"https:\/\/megalottoonline.com\/es\/","name":"C\u00f3mo jugar a loter\u00edas mundiales en l\u00ednea","isPartOf":{"@id":"https:\/\/megalottoonline.com\/es\/#website"},"datePublished":"2024-09-09T18:24:53+00:00","breadcrumb":{"@id":"https:\/\/megalottoonline.com\/es\/#breadcrumb"},"inLanguage":"es","potentialAction":[{"@type":"ReadAction","target":["https:\/\/megalottoonline.com\/es\/"]}]},{"@type":"BreadcrumbList","@id":"https:\/\/megalottoonline.com\/es\/#breadcrumb","itemListElement":[{"@type":"ListItem","position":1,"name":"Home","item":"https:\/\/megalottoonline.com\/es\/"},{"@type":"ListItem","position":2,"name":"Hogar"}]},{"@type":"WebSite","@id":"https:\/\/megalottoonline.com\/es\/#website","url":"https:\/\/megalottoonline.com\/es\/","name":"","description":"","potentialAction":[{"@type":"SearchAction","target":{"@type":"EntryPoint","urlTemplate":"https:\/\/megalottoonline.com\/es\/?s={search_term_string}"},"query-input":{"@type":"PropertyValueSpecification","valueRequired":true,"valueName":"search_term_string"}}],"inLanguage":"es"}]}},"_links":{"self":[{"href":"https:\/\/megalottoonline.com\/es\/wp-json\/wp\/v2\/pages\/114","targetHints":{"allow":["GET"]}}],"collection":[{"href":"https:\/\/megalottoonline.com\/es\/wp-json\/wp\/v2\/pages"}],"about":[{"href":"https:\/\/megalottoonline.com\/es\/wp-json\/wp\/v2\/types\/page"}],"author":[{"embeddable":true,"href":"https:\/\/megalottoonline.com\/es\/wp-json\/wp\/v2\/users\/1"}],"replies":[{"embeddable":true,"href":"https:\/\/megalottoonline.com\/es\/wp-json\/wp\/v2\/comments?post=114"}],"version-history":[{"count":0,"href":"https:\/\/megalottoonline.com\/es\/wp-json\/wp\/v2\/pages\/114\/revisions"}],"wp:attachment":[{"href":"https:\/\/megalottoonline.com\/es\/wp-json\/wp\/v2\/media?parent=114"}],"curies":[{"name":"wp","href":"https:\/\/api.w.org\/{rel}","templated":true}]}}