{"id":101,"date":"2024-09-09T19:24:53","date_gmt":"2024-09-09T18:24:53","guid":{"rendered":"https:\/\/megalottoonline.com\/heim\/"},"modified":"2024-09-09T19:24:53","modified_gmt":"2024-09-09T18:24:53","slug":"heim","status":"publish","type":"page","link":"https:\/\/megalottoonline.com\/de\/","title":{"rendered":"Heim"},"content":{"rendered":"<h2>So spielen Sie weltweite Lotterien online<\/h2>\n<p>Haben Sie schon einmal vollst\u00e4ndig online Lotto gespielt? Wenn nicht, dann sind Sie nicht allein. Viel zu viele Menschen haben noch nie dar\u00fcber nachgedacht, online Lotto zu spielen, und das ist definitiv bedauerlich, denn es gibt viele tolle M\u00f6glichkeiten, die man auf diese Weise nutzen kann. Denn wenn Sie online sind, k\u00f6nnen Sie noch mehr Spiele spielen, neue Dinge ausprobieren und vieles mehr.   <\/p>\n<h2>Warum weltweite Lotterien spielen?<\/h2>\n<p>Das Spielen von Lotteriespielen aus verschiedenen Teilen der Welt er\u00f6ffnet Ihnen noch mehr M\u00f6glichkeiten. Sie k\u00f6nnen einen Blick auf die verschiedenen Spiele werfen, die Menschen in anderen L\u00e4ndern spielen, und das gibt Ihnen eine weitere Chance auf gro\u00dfe Preise. Warum sollten Sie es nicht einmal ausprobieren und sehen, wie viel Sie bei einem weiteren Spiel gewinnen k\u00f6nnen?  <\/p>\n<p>Wenn Sie online gehen, m\u00fcssen Sie sich nicht auf ein paar Spiele beschr\u00e4nken, die in Ihrer N\u00e4he verf\u00fcgbar sind. Stattdessen k\u00f6nnen Sie sich mehrere verschiedene Optionen ansehen, um auch Spa\u00df daran zu haben. Wenn Sie das tun, werden Sie feststellen, dass es in verschiedenen Teilen der Welt Lotteriespiele gibt, von denen Sie vielleicht noch nie geh\u00f6rt haben. Das wird etwas Einzigartiges und Sch\u00f6neres sein, als immer wieder dieselben Spiele zu spielen, finden Sie nicht?   <\/p>\n<h2>So fangen Sie an<\/h2>\n<p>Wenn Sie daran interessiert sind, mit Online-Lotteriespielen zu beginnen, m\u00fcssen Sie zun\u00e4chst eine Website finden, die diese anbietet. Sie k\u00f6nnen gleich hier anfangen, eine Reihe verschiedener Lotteriespiele aus der ganzen Welt zu sehen und diejenigen auszuw\u00e4hlen, die Sie spielen m\u00f6chten, denn der Einstieg und die Teilnahme an diesen Lotteriespielen ist tats\u00e4chlich viel einfacher, als Sie vielleicht denken. <\/p>\n<p>With <a href=\"https:\/\/RedFoxLotto.com\">RedFoxLotto.com <\/a>you just need to create an account and then decide which game you want to play first. You can choose from a range of different games that are played all over the world, and then you get to pick out the numbers you want. In fact, you get to pick out everything about your ticket including the numbers, the number of drawings, how many tickets you want, and more.  <\/p>\n<p>Sobald Sie alles ausgew\u00e4hlt haben, geben Sie einfach Ihre Bestellung auf und das Ticket wird f\u00fcr Sie gekauft. Dann warten Sie bis zur Ziehung und sehen, was Sie gewonnen haben. Auch dieser Teil ist einfach, denn Sie m\u00fcssen lediglich Ihr Konto \u00fcberpr\u00fcfen, um zu sehen, wie die Gewinnzahlen lauteten, wie Ihre \u00fcbereinstimmenden Zahlen lauteten und wie viel Sie gewonnen haben.  <\/p>\n<h2>Genie\u00dfen Sie etwas Neues<\/h2>\n<p>Bleiben Sie nicht im Trott stecken und spielen Sie immer wieder nur die gleichen Spiele. Stellen Sie stattdessen sicher, dass Sie etwas Neues ausprobieren und Spiele genie\u00dfen, die Sie vielleicht noch nie zuvor gesehen oder geh\u00f6rt haben. Sie werden vielleicht \u00fcberrascht sein, welche M\u00f6glichkeiten es gibt.  <\/p>\n","protected":false},"excerpt":{"rendered":"<p>So spielen Sie weltweite Lotterien online Haben Sie schon einmal vollst\u00e4ndig online Lotto gespielt? Wenn nicht, dann sind Sie nicht allein. Viel zu viele Menschen haben noch nie dar\u00fcber nachgedacht, online Lotto zu spielen, und das ist definitiv bedauerlich, denn es gibt viele tolle M\u00f6glichkeiten,&hellip;<\/p>\n","protected":false},"author":1,"featured_media":0,"parent":0,"menu_order":0,"comment_status":"closed","ping_status":"closed","template":"","meta":{"footnotes":""},"class_list":["post-101","page","type-page","status-publish","hentry"],"yoast_head":"<!-- This site is optimized with the Yoast SEO plugin v25.9 - https:\/\/yoast.com\/wordpress\/plugins\/seo\/ -->\n<title>So spielen Sie weltweite Lotterien online<\/title>\n<meta name=\"robots\" content=\"index, follow, max-snippet:-1, max-image-preview:large, max-video-preview:-1\" \/>\n<link rel=\"canonical\" href=\"https:\/\/megalottoonline.com\/de\/\" \/>\n<meta property=\"og:locale\" content=\"de_DE\" \/>\n<meta property=\"og:type\" content=\"article\" \/>\n<meta property=\"og:title\" content=\"So spielen Sie weltweite Lotterien online\" \/>\n<meta property=\"og:description\" content=\"So spielen Sie weltweite Lotterien online Haben Sie schon einmal vollst\u00e4ndig online Lotto gespielt? Wenn nicht, dann sind Sie nicht allein. Viel zu viele Menschen haben noch nie dar\u00fcber nachgedacht, online Lotto zu spielen, und das ist definitiv bedauerlich, denn es gibt viele tolle M\u00f6glichkeiten,&hellip;\" \/>\n<meta property=\"og:url\" content=\"https:\/\/megalottoonline.com\/de\/\" \/>\n<meta name=\"twitter:card\" content=\"summary_large_image\" \/>\n<meta name=\"twitter:label1\" content=\"Gesch\u00e4tzte Lesezeit\" \/>\n\t<meta name=\"twitter:data1\" content=\"2\u00a0Minuten\" \/>\n<script type=\"application\/ld+json\" class=\"yoast-schema-graph\">{\"@context\":\"https:\/\/schema.org\",\"@graph\":[{\"@type\":\"WebPage\",\"@id\":\"https:\/\/megalottoonline.com\/de\/\",\"url\":\"https:\/\/megalottoonline.com\/de\/\",\"name\":\"So spielen Sie weltweite Lotterien online\",\"isPartOf\":{\"@id\":\"https:\/\/megalottoonline.com\/de\/#website\"},\"datePublished\":\"2024-09-09T18:24:53+00:00\",\"breadcrumb\":{\"@id\":\"https:\/\/megalottoonline.com\/de\/#breadcrumb\"},\"inLanguage\":\"de\",\"potentialAction\":[{\"@type\":\"ReadAction\",\"target\":[\"https:\/\/megalottoonline.com\/de\/\"]}]},{\"@type\":\"BreadcrumbList\",\"@id\":\"https:\/\/megalottoonline.com\/de\/#breadcrumb\",\"itemListElement\":[{\"@type\":\"ListItem\",\"position\":1,\"name\":\"Home\",\"item\":\"https:\/\/megalottoonline.com\/de\/heim\/\"},{\"@type\":\"ListItem\",\"position\":2,\"name\":\"Heim\"}]},{\"@type\":\"WebSite\",\"@id\":\"https:\/\/megalottoonline.com\/de\/#website\",\"url\":\"https:\/\/megalottoonline.com\/de\/\",\"name\":\"\",\"description\":\"\",\"potentialAction\":[{\"@type\":\"SearchAction\",\"target\":{\"@type\":\"EntryPoint\",\"urlTemplate\":\"https:\/\/megalottoonline.com\/de\/?s={search_term_string}\"},\"query-input\":{\"@type\":\"PropertyValueSpecification\",\"valueRequired\":true,\"valueName\":\"search_term_string\"}}],\"inLanguage\":\"de\"}]}<\/script>\n<!-- \/ Yoast SEO plugin. -->","yoast_head_json":{"title":"So spielen Sie weltweite Lotterien online","robots":{"index":"index","follow":"follow","max-snippet":"max-snippet:-1","max-image-preview":"max-image-preview:large","max-video-preview":"max-video-preview:-1"},"canonical":"https:\/\/megalottoonline.com\/de\/","og_locale":"de_DE","og_type":"article","og_title":"So spielen Sie weltweite Lotterien online","og_description":"So spielen Sie weltweite Lotterien online Haben Sie schon einmal vollst\u00e4ndig online Lotto gespielt? Wenn nicht, dann sind Sie nicht allein. Viel zu viele Menschen haben noch nie dar\u00fcber nachgedacht, online Lotto zu spielen, und das ist definitiv bedauerlich, denn es gibt viele tolle M\u00f6glichkeiten,&hellip;","og_url":"https:\/\/megalottoonline.com\/de\/","twitter_card":"summary_large_image","twitter_misc":{"Gesch\u00e4tzte Lesezeit":"2\u00a0Minuten"},"schema":{"@context":"https:\/\/schema.org","@graph":[{"@type":"WebPage","@id":"https:\/\/megalottoonline.com\/de\/","url":"https:\/\/megalottoonline.com\/de\/","name":"So spielen Sie weltweite Lotterien online","isPartOf":{"@id":"https:\/\/megalottoonline.com\/de\/#website"},"datePublished":"2024-09-09T18:24:53+00:00","breadcrumb":{"@id":"https:\/\/megalottoonline.com\/de\/#breadcrumb"},"inLanguage":"de","potentialAction":[{"@type":"ReadAction","target":["https:\/\/megalottoonline.com\/de\/"]}]},{"@type":"BreadcrumbList","@id":"https:\/\/megalottoonline.com\/de\/#breadcrumb","itemListElement":[{"@type":"ListItem","position":1,"name":"Home","item":"https:\/\/megalottoonline.com\/de\/heim\/"},{"@type":"ListItem","position":2,"name":"Heim"}]},{"@type":"WebSite","@id":"https:\/\/megalottoonline.com\/de\/#website","url":"https:\/\/megalottoonline.com\/de\/","name":"","description":"","potentialAction":[{"@type":"SearchAction","target":{"@type":"EntryPoint","urlTemplate":"https:\/\/megalottoonline.com\/de\/?s={search_term_string}"},"query-input":{"@type":"PropertyValueSpecification","valueRequired":true,"valueName":"search_term_string"}}],"inLanguage":"de"}]}},"_links":{"self":[{"href":"https:\/\/megalottoonline.com\/de\/wp-json\/wp\/v2\/pages\/101","targetHints":{"allow":["GET"]}}],"collection":[{"href":"https:\/\/megalottoonline.com\/de\/wp-json\/wp\/v2\/pages"}],"about":[{"href":"https:\/\/megalottoonline.com\/de\/wp-json\/wp\/v2\/types\/page"}],"author":[{"embeddable":true,"href":"https:\/\/megalottoonline.com\/de\/wp-json\/wp\/v2\/users\/1"}],"replies":[{"embeddable":true,"href":"https:\/\/megalottoonline.com\/de\/wp-json\/wp\/v2\/comments?post=101"}],"version-history":[{"count":0,"href":"https:\/\/megalottoonline.com\/de\/wp-json\/wp\/v2\/pages\/101\/revisions"}],"wp:attachment":[{"href":"https:\/\/megalottoonline.com\/de\/wp-json\/wp\/v2\/media?parent=101"}],"curies":[{"name":"wp","href":"https:\/\/api.w.org\/{rel}","templated":true}]}}