{"id":98,"date":"2024-09-09T19:24:53","date_gmt":"2024-09-09T18:24:53","guid":{"rendered":"https:\/\/megalottoonline.com\/hjem\/"},"modified":"2024-09-09T19:24:53","modified_gmt":"2024-09-09T18:24:53","slug":"hjem","status":"publish","type":"page","link":"https:\/\/megalottoonline.com\/da\/","title":{"rendered":"Hjem"},"content":{"rendered":"<h2>S\u00e5dan spiller du verdensomsp\u00e6ndende lotterier online<\/h2>\n<p>Har du nogensinde spillet i lotteriet helt online? Hvis du ikke har, er du ikke alene. Alt for mange mennesker har aldrig overvejet at spille i lotteriet online, og det er bestemt uheldigt, for der er masser af gode muligheder, som du kan f\u00e5 p\u00e5 den m\u00e5de. N\u00e5r alt kommer til alt, vil du v\u00e6re i stand til at spille endnu flere spil, pr\u00f8ve nye ting og meget mere, n\u00e5r du kommer online.<\/p>\n<h2>Hvorfor spille verdensomsp\u00e6ndende lotterier?<\/h2>\n<p>At spille lotterispil fra forskellige dele af verden \u00e5bner op for endnu flere muligheder for dig. Du vil v\u00e6re i stand til at tage et kig p\u00e5 de forskellige spil, som folk i andre lande spiller, og det vil give dig endnu en chance for store pr\u00e6mier. Hvorfor vil du ikke pr\u00f8ve det og se, hvor meget du kan vinde p\u00e5 endnu et spil?<\/p>\n<p>Du beh\u00f8ver ikke at v\u00e6re begr\u00e6nset til nogle f\u00e5 spil, der er tilg\u00e6ngelige i dit lokalomr\u00e5de, n\u00e5r du er online. I stedet kan du tage et kig p\u00e5 flere forskellige valg bare for ogs\u00e5 at have det sjovt med det. N\u00e5r du g\u00f8r det, vil du opdage, at der er lotterispil i forskellige dele af verden, som du m\u00e5ske aldrig engang har h\u00f8rt om. Det bliver noget unikt og sjovere end at spille de samme spil igen og igen, tror du ikke?<\/p>\n<h2>S\u00e5dan kommer du i gang<\/h2>\n<p>Hvis du er interesseret i at komme i gang med online lotterispil, skal du starte med at finde dig selv en hjemmeside, der tilbyder dem. Du kan starte lige her for at se en r\u00e6kke forskellige lotterispil fra hele verden og v\u00e6lge dem, du vil spille, fordi det faktisk er meget nemmere at komme i gang og f\u00e5 de lotterispil, end du m\u00e5ske tror.<\/p>\n<p>Med <a href=\"https:\/\/RedFoxLotto.com\">RedFoxLotto.com<\/a> skal du blot oprette en konto og derefter beslutte, hvilket spil du vil spille f\u00f8rst. Du kan v\u00e6lge mellem en r\u00e6kke forskellige spil, der spilles over hele verden, og s\u00e5 kan du v\u00e6lge de numre, du \u00f8nsker. Faktisk f\u00e5r du mulighed for at udv\u00e6lge alt om din billet, inklusive numrene, antallet af tegninger, hvor mange billetter du vil have og meget mere.<\/p>\n<p>N\u00e5r du har f\u00e5et alt udplukket, afgiver du bare din ordre, og billetten er k\u00f8bt til dig. Derefter venter du indtil tr\u00e6kningen og ser, hvad du har vundet. Selv den del er nem, fordi alt du skal g\u00f8re er at tjekke din konto for at se, hvad vindertallene var, hvad dine matchende tal var, og hvor meget du har vundet.<\/p>\n<h2>Nyd noget nyt<\/h2>\n<p>Lad v\u00e6re med at sidde fast i et hjulspor ved kun at spille de samme spil igen og igen. S\u00f8rg i stedet for, at du pr\u00f8ver noget nyt og nyder spil, som du m\u00e5ske aldrig har set eller h\u00f8rt om f\u00f8r. Du kan blive overrasket over alle mulighederne.<\/p>\n","protected":false},"excerpt":{"rendered":"<p>S\u00e5dan spiller du verdensomsp\u00e6ndende lotterier online Har du nogensinde spillet i lotteriet helt online? Hvis du ikke har, er du ikke alene. Alt for mange mennesker har aldrig overvejet at spille i lotteriet online, og det er bestemt uheldigt, for der er masser af gode&hellip;<\/p>\n","protected":false},"author":1,"featured_media":0,"parent":0,"menu_order":0,"comment_status":"closed","ping_status":"closed","template":"","meta":{"footnotes":""},"class_list":["post-98","page","type-page","status-publish","hentry"],"yoast_head":"<!-- This site is optimized with the Yoast SEO plugin v25.9 - https:\/\/yoast.com\/wordpress\/plugins\/seo\/ -->\n<title>S\u00e5dan spiller du verdensomsp\u00e6ndende lotterier online<\/title>\n<meta name=\"robots\" content=\"index, follow, max-snippet:-1, max-image-preview:large, max-video-preview:-1\" \/>\n<link rel=\"canonical\" href=\"https:\/\/megalottoonline.com\/da\/\" \/>\n<meta property=\"og:locale\" content=\"da_DK\" \/>\n<meta property=\"og:type\" content=\"article\" \/>\n<meta property=\"og:title\" content=\"S\u00e5dan spiller du verdensomsp\u00e6ndende lotterier online\" \/>\n<meta property=\"og:description\" content=\"S\u00e5dan spiller du verdensomsp\u00e6ndende lotterier online Har du nogensinde spillet i lotteriet helt online? Hvis du ikke har, er du ikke alene. Alt for mange mennesker har aldrig overvejet at spille i lotteriet online, og det er bestemt uheldigt, for der er masser af gode&hellip;\" \/>\n<meta property=\"og:url\" content=\"https:\/\/megalottoonline.com\/da\/\" \/>\n<meta name=\"twitter:card\" content=\"summary_large_image\" \/>\n<meta name=\"twitter:label1\" content=\"Estimeret l\u00e6setid\" \/>\n\t<meta name=\"twitter:data1\" content=\"3 minutter\" \/>\n<script type=\"application\/ld+json\" class=\"yoast-schema-graph\">{\"@context\":\"https:\/\/schema.org\",\"@graph\":[{\"@type\":\"WebPage\",\"@id\":\"https:\/\/megalottoonline.com\/da\/\",\"url\":\"https:\/\/megalottoonline.com\/da\/\",\"name\":\"S\u00e5dan spiller du verdensomsp\u00e6ndende lotterier online\",\"isPartOf\":{\"@id\":\"https:\/\/megalottoonline.com\/da\/#website\"},\"datePublished\":\"2024-09-09T18:24:53+00:00\",\"breadcrumb\":{\"@id\":\"https:\/\/megalottoonline.com\/da\/#breadcrumb\"},\"inLanguage\":\"da-DK\",\"potentialAction\":[{\"@type\":\"ReadAction\",\"target\":[\"https:\/\/megalottoonline.com\/da\/\"]}]},{\"@type\":\"BreadcrumbList\",\"@id\":\"https:\/\/megalottoonline.com\/da\/#breadcrumb\",\"itemListElement\":[{\"@type\":\"ListItem\",\"position\":1,\"name\":\"Home\",\"item\":\"https:\/\/megalottoonline.com\/da\/hjem\/\"},{\"@type\":\"ListItem\",\"position\":2,\"name\":\"Hjem\"}]},{\"@type\":\"WebSite\",\"@id\":\"https:\/\/megalottoonline.com\/da\/#website\",\"url\":\"https:\/\/megalottoonline.com\/da\/\",\"name\":\"\",\"description\":\"\",\"potentialAction\":[{\"@type\":\"SearchAction\",\"target\":{\"@type\":\"EntryPoint\",\"urlTemplate\":\"https:\/\/megalottoonline.com\/da\/?s={search_term_string}\"},\"query-input\":{\"@type\":\"PropertyValueSpecification\",\"valueRequired\":true,\"valueName\":\"search_term_string\"}}],\"inLanguage\":\"da-DK\"}]}<\/script>\n<!-- \/ Yoast SEO plugin. -->","yoast_head_json":{"title":"S\u00e5dan spiller du verdensomsp\u00e6ndende lotterier online","robots":{"index":"index","follow":"follow","max-snippet":"max-snippet:-1","max-image-preview":"max-image-preview:large","max-video-preview":"max-video-preview:-1"},"canonical":"https:\/\/megalottoonline.com\/da\/","og_locale":"da_DK","og_type":"article","og_title":"S\u00e5dan spiller du verdensomsp\u00e6ndende lotterier online","og_description":"S\u00e5dan spiller du verdensomsp\u00e6ndende lotterier online Har du nogensinde spillet i lotteriet helt online? Hvis du ikke har, er du ikke alene. Alt for mange mennesker har aldrig overvejet at spille i lotteriet online, og det er bestemt uheldigt, for der er masser af gode&hellip;","og_url":"https:\/\/megalottoonline.com\/da\/","twitter_card":"summary_large_image","twitter_misc":{"Estimeret l\u00e6setid":"3 minutter"},"schema":{"@context":"https:\/\/schema.org","@graph":[{"@type":"WebPage","@id":"https:\/\/megalottoonline.com\/da\/","url":"https:\/\/megalottoonline.com\/da\/","name":"S\u00e5dan spiller du verdensomsp\u00e6ndende lotterier online","isPartOf":{"@id":"https:\/\/megalottoonline.com\/da\/#website"},"datePublished":"2024-09-09T18:24:53+00:00","breadcrumb":{"@id":"https:\/\/megalottoonline.com\/da\/#breadcrumb"},"inLanguage":"da-DK","potentialAction":[{"@type":"ReadAction","target":["https:\/\/megalottoonline.com\/da\/"]}]},{"@type":"BreadcrumbList","@id":"https:\/\/megalottoonline.com\/da\/#breadcrumb","itemListElement":[{"@type":"ListItem","position":1,"name":"Home","item":"https:\/\/megalottoonline.com\/da\/hjem\/"},{"@type":"ListItem","position":2,"name":"Hjem"}]},{"@type":"WebSite","@id":"https:\/\/megalottoonline.com\/da\/#website","url":"https:\/\/megalottoonline.com\/da\/","name":"","description":"","potentialAction":[{"@type":"SearchAction","target":{"@type":"EntryPoint","urlTemplate":"https:\/\/megalottoonline.com\/da\/?s={search_term_string}"},"query-input":{"@type":"PropertyValueSpecification","valueRequired":true,"valueName":"search_term_string"}}],"inLanguage":"da-DK"}]}},"_links":{"self":[{"href":"https:\/\/megalottoonline.com\/da\/wp-json\/wp\/v2\/pages\/98","targetHints":{"allow":["GET"]}}],"collection":[{"href":"https:\/\/megalottoonline.com\/da\/wp-json\/wp\/v2\/pages"}],"about":[{"href":"https:\/\/megalottoonline.com\/da\/wp-json\/wp\/v2\/types\/page"}],"author":[{"embeddable":true,"href":"https:\/\/megalottoonline.com\/da\/wp-json\/wp\/v2\/users\/1"}],"replies":[{"embeddable":true,"href":"https:\/\/megalottoonline.com\/da\/wp-json\/wp\/v2\/comments?post=98"}],"version-history":[{"count":0,"href":"https:\/\/megalottoonline.com\/da\/wp-json\/wp\/v2\/pages\/98\/revisions"}],"wp:attachment":[{"href":"https:\/\/megalottoonline.com\/da\/wp-json\/wp\/v2\/media?parent=98"}],"curies":[{"name":"wp","href":"https:\/\/api.w.org\/{rel}","templated":true}]}}