{"id":53,"date":"2024-09-09T19:24:53","date_gmt":"2024-09-09T18:24:53","guid":{"rendered":"https:\/\/megalottoonline.com\/domov\/"},"modified":"2024-09-09T19:24:53","modified_gmt":"2024-09-09T18:24:53","slug":"domov","status":"publish","type":"page","link":"https:\/\/megalottoonline.com\/cs\/","title":{"rendered":"Domov"},"content":{"rendered":"<h2>Jak hr\u00e1t celosv\u011btov\u00e9 loterie online<\/h2>\n<p>Hr\u00e1li jste n\u011bkdy loterii zcela online? Pokud ne, nejste sami. P\u0159\u00edli\u0161 mnoho lid\u00ed nikdy neuva\u017eovalo o hran\u00ed loterie online a to je rozhodn\u011b ne\u0161\u0165astn\u00e9, proto\u017ee t\u00edmto zp\u016fsobem m\u016f\u017eete m\u00edt spoustu skv\u011bl\u00fdch p\u0159\u00edle\u017eitost\u00ed. Koneckonc\u016f, kdy\u017e budete online, budete moci hr\u00e1t je\u0161t\u011b v\u00edce her, zkou\u0161et nov\u00e9 v\u011bci a mnohem v\u00edce.<\/p>\n<h2>Pro\u010d hr\u00e1t celosv\u011btov\u00e9 loterie?<\/h2>\n<p>Hran\u00ed loterijn\u00edch her z r\u016fzn\u00fdch \u010d\u00e1st\u00ed sv\u011bta v\u00e1m otev\u00edr\u00e1 je\u0161t\u011b v\u00edce p\u0159\u00edle\u017eitost\u00ed. Budete se moci pod\u00edvat na r\u016fzn\u00e9 hry, kter\u00e9 hraj\u00ed lid\u00e9 v jin\u00fdch zem\u00edch, a to v\u00e1m d\u00e1 dal\u0161\u00ed \u0161anci na velk\u00e9 ceny. Pro\u010d byste to necht\u011bli zkusit a nezjistit, kolik byste mohli vyhr\u00e1t v dal\u0161\u00ed h\u0159e?<\/p>\n<p>Kdy\u017e se p\u0159ipoj\u00edte k internetu, nemus\u00edte se omezovat pouze na n\u011bkolik her, kter\u00e9 jsou dostupn\u00e9 ve va\u0161\u00ed oblasti. M\u00edsto toho se m\u016f\u017eete pod\u00edvat na n\u011bkolik r\u016fzn\u00fdch mo\u017enost\u00ed, abyste si to tak\u00e9 u\u017eili. Kdy\u017e to ud\u011bl\u00e1te, zjist\u00edte, \u017ee v r\u016fzn\u00fdch \u010d\u00e1stech sv\u011bta existuj\u00ed loterijn\u00ed hry, o kter\u00fdch jste mo\u017en\u00e1 nikdy ani nesly\u0161eli. To bude n\u011bco jedine\u010dn\u00e9ho a z\u00e1bavn\u011bj\u0161\u00edho ne\u017e hr\u00e1t st\u00e1le stejn\u00e9 hry, nemysl\u00edte?<\/p>\n<h2>Jak za\u010d\u00edt<\/h2>\n<p>Pokud m\u00e1te z\u00e1jem za\u010d\u00edt s online loterijn\u00edmi hrami, mus\u00edte za\u010d\u00edt t\u00edm, \u017ee si najdete web, kter\u00fd je nab\u00edz\u00ed. M\u016f\u017eete za\u010d\u00edt p\u0159\u00edmo zde, abyste vid\u011bli \u0159adu r\u016fzn\u00fdch loterijn\u00edch her z cel\u00e9ho sv\u011bta a vybrali si ty, kter\u00e9 chcete hr\u00e1t, proto\u017ee za\u010d\u00edt a z\u00edskat tyto loterijn\u00ed hry je ve skute\u010dnosti mnohem jednodu\u0161\u0161\u00ed, ne\u017e si mo\u017en\u00e1 mysl\u00edte.<\/p>\n<p>S <a href=\"https:\/\/RedFoxLotto.com\">RedFoxLotto.com<\/a> si sta\u010d\u00ed vytvo\u0159it \u00fa\u010det a pak se rozhodnout, kterou hru chcete hr\u00e1t jako prvn\u00ed. M\u016f\u017eete si vybrat z \u0159ady r\u016fzn\u00fdch her, kter\u00e9 se hraj\u00ed po cel\u00e9m sv\u011bt\u011b, a pot\u00e9 si m\u016f\u017eete vybrat \u010d\u00edsla, kter\u00e1 chcete. Ve skute\u010dnosti si m\u016f\u017eete vybrat v\u0161e o sv\u00e9m tiketu, v\u010detn\u011b \u010d\u00edsel, po\u010dtu losov\u00e1n\u00ed, kolik tiket\u016f chcete a dal\u0161\u00ed.<\/p>\n<p>Jakmile m\u00e1te v\u0161e vybr\u00e1no, sta\u010d\u00ed zadat objedn\u00e1vku a vstupenka je pro v\u00e1s zakoupena. Pot\u00e9 po\u010dk\u00e1te na losov\u00e1n\u00ed a uvid\u00edte, co jste vyhr\u00e1li. I tato \u010d\u00e1st je snadn\u00e1, proto\u017ee v\u0161e, co mus\u00edte ud\u011blat, je zkontrolovat sv\u016fj \u00fa\u010det, abyste vid\u011bli, jak\u00e1 byla v\u00fdhern\u00ed \u010d\u00edsla, jak\u00e1 byla va\u0161e odpov\u00eddaj\u00edc\u00ed \u010d\u00edsla a kolik jste vyhr\u00e1li.<\/p>\n<h2>U\u017eijte si n\u011bco nov\u00e9ho<\/h2>\n<p>Nez\u016fst\u00e1vejte ve vyjet\u00fdch kolej\u00edch hran\u00edm st\u00e1le stejn\u00fdch her. M\u00edsto toho se ujist\u011bte, \u017ee zkou\u0161\u00edte n\u011bco nov\u00e9ho a u\u017e\u00edv\u00e1te si hry, kter\u00e9 jste mo\u017en\u00e1 nikdy p\u0159edt\u00edm nevid\u011bli ani o nich nesly\u0161eli. Mo\u017en\u00e1 budete p\u0159ekvapeni v\u0161emi mo\u017enostmi.<\/p>\n","protected":false},"excerpt":{"rendered":"<p>Jak hr\u00e1t celosv\u011btov\u00e9 loterie online Hr\u00e1li jste n\u011bkdy loterii zcela online? Pokud ne, nejste sami. P\u0159\u00edli\u0161 mnoho lid\u00ed nikdy neuva\u017eovalo o hran\u00ed loterie online a to je rozhodn\u011b ne\u0161\u0165astn\u00e9, proto\u017ee t\u00edmto zp\u016fsobem m\u016f\u017eete m\u00edt spoustu skv\u011bl\u00fdch p\u0159\u00edle\u017eitost\u00ed. Koneckonc\u016f, kdy\u017e budete online, budete moci hr\u00e1t je\u0161t\u011b&hellip;<\/p>\n","protected":false},"author":1,"featured_media":0,"parent":0,"menu_order":0,"comment_status":"closed","ping_status":"closed","template":"","meta":{"footnotes":""},"class_list":["post-53","page","type-page","status-publish","hentry"],"yoast_head":"<!-- This site is optimized with the Yoast SEO plugin v25.9 - https:\/\/yoast.com\/wordpress\/plugins\/seo\/ -->\n<title>Jak hr\u00e1t celosv\u011btov\u00e9 loterie online<\/title>\n<meta name=\"robots\" content=\"index, follow, max-snippet:-1, max-image-preview:large, max-video-preview:-1\" \/>\n<link rel=\"canonical\" href=\"https:\/\/megalottoonline.com\/cs\/\" \/>\n<meta property=\"og:locale\" content=\"cs_CZ\" \/>\n<meta property=\"og:type\" content=\"article\" \/>\n<meta property=\"og:title\" content=\"Jak hr\u00e1t celosv\u011btov\u00e9 loterie online\" \/>\n<meta property=\"og:description\" content=\"Jak hr\u00e1t celosv\u011btov\u00e9 loterie online Hr\u00e1li jste n\u011bkdy loterii zcela online? Pokud ne, nejste sami. P\u0159\u00edli\u0161 mnoho lid\u00ed nikdy neuva\u017eovalo o hran\u00ed loterie online a to je rozhodn\u011b ne\u0161\u0165astn\u00e9, proto\u017ee t\u00edmto zp\u016fsobem m\u016f\u017eete m\u00edt spoustu skv\u011bl\u00fdch p\u0159\u00edle\u017eitost\u00ed. Koneckonc\u016f, kdy\u017e budete online, budete moci hr\u00e1t je\u0161t\u011b&hellip;\" \/>\n<meta property=\"og:url\" content=\"https:\/\/megalottoonline.com\/cs\/\" \/>\n<meta name=\"twitter:card\" content=\"summary_large_image\" \/>\n<meta name=\"twitter:label1\" content=\"Odhadovan\u00e1 doba \u010dten\u00ed\" \/>\n\t<meta name=\"twitter:data1\" content=\"3 minuty\" \/>\n<script type=\"application\/ld+json\" class=\"yoast-schema-graph\">{\"@context\":\"https:\/\/schema.org\",\"@graph\":[{\"@type\":\"WebPage\",\"@id\":\"https:\/\/megalottoonline.com\/cs\/\",\"url\":\"https:\/\/megalottoonline.com\/cs\/\",\"name\":\"Jak hr\u00e1t celosv\u011btov\u00e9 loterie online\",\"isPartOf\":{\"@id\":\"https:\/\/megalottoonline.com\/cs\/#website\"},\"datePublished\":\"2024-09-09T18:24:53+00:00\",\"breadcrumb\":{\"@id\":\"https:\/\/megalottoonline.com\/cs\/#breadcrumb\"},\"inLanguage\":\"cs\",\"potentialAction\":[{\"@type\":\"ReadAction\",\"target\":[\"https:\/\/megalottoonline.com\/cs\/\"]}]},{\"@type\":\"BreadcrumbList\",\"@id\":\"https:\/\/megalottoonline.com\/cs\/#breadcrumb\",\"itemListElement\":[{\"@type\":\"ListItem\",\"position\":1,\"name\":\"Home\",\"item\":\"https:\/\/megalottoonline.com\/cs\/domov\/\"},{\"@type\":\"ListItem\",\"position\":2,\"name\":\"Domov\"}]},{\"@type\":\"WebSite\",\"@id\":\"https:\/\/megalottoonline.com\/cs\/#website\",\"url\":\"https:\/\/megalottoonline.com\/cs\/\",\"name\":\"\",\"description\":\"\",\"potentialAction\":[{\"@type\":\"SearchAction\",\"target\":{\"@type\":\"EntryPoint\",\"urlTemplate\":\"https:\/\/megalottoonline.com\/cs\/?s={search_term_string}\"},\"query-input\":{\"@type\":\"PropertyValueSpecification\",\"valueRequired\":true,\"valueName\":\"search_term_string\"}}],\"inLanguage\":\"cs\"}]}<\/script>\n<!-- \/ Yoast SEO plugin. -->","yoast_head_json":{"title":"Jak hr\u00e1t celosv\u011btov\u00e9 loterie online","robots":{"index":"index","follow":"follow","max-snippet":"max-snippet:-1","max-image-preview":"max-image-preview:large","max-video-preview":"max-video-preview:-1"},"canonical":"https:\/\/megalottoonline.com\/cs\/","og_locale":"cs_CZ","og_type":"article","og_title":"Jak hr\u00e1t celosv\u011btov\u00e9 loterie online","og_description":"Jak hr\u00e1t celosv\u011btov\u00e9 loterie online Hr\u00e1li jste n\u011bkdy loterii zcela online? Pokud ne, nejste sami. P\u0159\u00edli\u0161 mnoho lid\u00ed nikdy neuva\u017eovalo o hran\u00ed loterie online a to je rozhodn\u011b ne\u0161\u0165astn\u00e9, proto\u017ee t\u00edmto zp\u016fsobem m\u016f\u017eete m\u00edt spoustu skv\u011bl\u00fdch p\u0159\u00edle\u017eitost\u00ed. Koneckonc\u016f, kdy\u017e budete online, budete moci hr\u00e1t je\u0161t\u011b&hellip;","og_url":"https:\/\/megalottoonline.com\/cs\/","twitter_card":"summary_large_image","twitter_misc":{"Odhadovan\u00e1 doba \u010dten\u00ed":"3 minuty"},"schema":{"@context":"https:\/\/schema.org","@graph":[{"@type":"WebPage","@id":"https:\/\/megalottoonline.com\/cs\/","url":"https:\/\/megalottoonline.com\/cs\/","name":"Jak hr\u00e1t celosv\u011btov\u00e9 loterie online","isPartOf":{"@id":"https:\/\/megalottoonline.com\/cs\/#website"},"datePublished":"2024-09-09T18:24:53+00:00","breadcrumb":{"@id":"https:\/\/megalottoonline.com\/cs\/#breadcrumb"},"inLanguage":"cs","potentialAction":[{"@type":"ReadAction","target":["https:\/\/megalottoonline.com\/cs\/"]}]},{"@type":"BreadcrumbList","@id":"https:\/\/megalottoonline.com\/cs\/#breadcrumb","itemListElement":[{"@type":"ListItem","position":1,"name":"Home","item":"https:\/\/megalottoonline.com\/cs\/domov\/"},{"@type":"ListItem","position":2,"name":"Domov"}]},{"@type":"WebSite","@id":"https:\/\/megalottoonline.com\/cs\/#website","url":"https:\/\/megalottoonline.com\/cs\/","name":"","description":"","potentialAction":[{"@type":"SearchAction","target":{"@type":"EntryPoint","urlTemplate":"https:\/\/megalottoonline.com\/cs\/?s={search_term_string}"},"query-input":{"@type":"PropertyValueSpecification","valueRequired":true,"valueName":"search_term_string"}}],"inLanguage":"cs"}]}},"_links":{"self":[{"href":"https:\/\/megalottoonline.com\/cs\/wp-json\/wp\/v2\/pages\/53","targetHints":{"allow":["GET"]}}],"collection":[{"href":"https:\/\/megalottoonline.com\/cs\/wp-json\/wp\/v2\/pages"}],"about":[{"href":"https:\/\/megalottoonline.com\/cs\/wp-json\/wp\/v2\/types\/page"}],"author":[{"embeddable":true,"href":"https:\/\/megalottoonline.com\/cs\/wp-json\/wp\/v2\/users\/1"}],"replies":[{"embeddable":true,"href":"https:\/\/megalottoonline.com\/cs\/wp-json\/wp\/v2\/comments?post=53"}],"version-history":[{"count":0,"href":"https:\/\/megalottoonline.com\/cs\/wp-json\/wp\/v2\/pages\/53\/revisions"}],"wp:attachment":[{"href":"https:\/\/megalottoonline.com\/cs\/wp-json\/wp\/v2\/media?parent=53"}],"curies":[{"name":"wp","href":"https:\/\/api.w.org\/{rel}","templated":true}]}}